{"id":704227,"date":"2025-08-27T15:33:24","date_gmt":"2025-08-27T12:33:24","guid":{"rendered":"https:\/\/roveyayinevi.com.tr\/index.php\/urun\/halide-ediple-bir-gun\/"},"modified":"2026-04-16T02:13:10","modified_gmt":"2026-04-15T23:13:10","slug":"halide-ediple-bir-gun","status":"publish","type":"product","link":"https:\/\/roveyayinevi.com.tr\/index.php\/urun\/halide-ediple-bir-gun\/","title":{"rendered":"Halide Edip\u2019le Bir G\u00fcn"},"content":{"rendered":"<p>Sevgili ebeveynler, \u00e7ocuklar\u0131n\u0131z\u0131n hem tarihini \u00f6\u011frenip, hem de bunu \u00f6\u011frenirken ho\u015f\u00e7a vakit ge\u00e7irmesini mi istiyorsunuz? \u00c7ocu\u011funuz \u201c\u00dcnl\u00fclerle Bir G\u00fcn\u201d dizisinin \u201cHalide Edip\u2019le Bir G\u00fcn\u201d isimli bu kitab\u0131yla, milli m\u00fccadelenin kad\u0131n kahramanlar\u0131ndan Halide Edip Ad\u0131var\u2019\u0131n macera dolu hikayesini okurken, milli m\u00fccadele s\u00fcrecinde T\u00fcrkiye\u2019yi betimler, vatan\u0131n kurtulu\u015fu i\u00e7in g\u00f6sterilen fedakarl\u0131klar\u0131 fark eder, olumsuz \u015fartlarda cesaret ve \u015fevkini korur, ba\u015far\u0131n\u0131n bireylerin g\u00f6rev ve sorumluluklar\u0131n\u0131 yerine getirmelerine ba\u011fl\u0131 oldu\u011funu fark eder. \ufffc<\/p>\n","protected":false},"excerpt":{"rendered":"<p>Sevgili ebeveynler, \u00e7ocuklar\u0131n\u0131z\u0131n hem tarihini \u00f6\u011frenip, hem de bunu \u00f6\u011frenirken ho\u015f\u00e7a vakit ge\u00e7irmesini mi istiyorsunuz? \u00c7ocu\u011funuz \u201c\u00dcnl\u00fclerle Bir G\u00fcn\u201d dizisinin \u201cHalide Edip\u2019le Bir G\u00fcn\u201d isimli bu<span class=\"excerpt-hellip\"> [\u2026]<\/span><\/p>\n","protected":false},"featured_media":0,"template":"","meta":{"_monsterinsights_skip_tracking":false,"_monsterinsights_sitenote_active":false,"_monsterinsights_sitenote_note":"","_monsterinsights_sitenote_category":0},"product_brand":[],"product_cat":[12913,12274],"product_tag":[],"class_list":{"0":"post-704227","1":"product","2":"type-product","3":"status-publish","5":"product_cat-3-6-yas-kitaplari","6":"product_cat-cocuk-ve-genclik-kitaplari","7":"pa_cilt-ciltsiz","8":"pa_tur-kitap","9":"pa_yayinevi-timas-cocuk","10":"pa_yazar-mustafa-orakci","12":"first","13":"instock","14":"sale","15":"shipping-taxable","16":"purchasable","17":"product-type-simple"},"_links":{"self":[{"href":"https:\/\/roveyayinevi.com.tr\/index.php\/wp-json\/wp\/v2\/product\/704227","targetHints":{"allow":["GET"]}}],"collection":[{"href":"https:\/\/roveyayinevi.com.tr\/index.php\/wp-json\/wp\/v2\/product"}],"about":[{"href":"https:\/\/roveyayinevi.com.tr\/index.php\/wp-json\/wp\/v2\/types\/product"}],"wp:attachment":[{"href":"https:\/\/roveyayinevi.com.tr\/index.php\/wp-json\/wp\/v2\/media?parent=704227"}],"wp:term":[{"taxonomy":"product_brand","embeddable":true,"href":"https:\/\/roveyayinevi.com.tr\/index.php\/wp-json\/wp\/v2\/product_brand?post=704227"},{"taxonomy":"product_cat","embeddable":true,"href":"https:\/\/roveyayinevi.com.tr\/index.php\/wp-json\/wp\/v2\/product_cat?post=704227"},{"taxonomy":"product_tag","embeddable":true,"href":"https:\/\/roveyayinevi.com.tr\/index.php\/wp-json\/wp\/v2\/product_tag?post=704227"}],"curies":[{"name":"wp","href":"https:\/\/api.w.org\/{rel}","templated":true}]}}