{"id":704226,"date":"2025-08-27T15:33:23","date_gmt":"2025-08-27T12:33:23","guid":{"rendered":"https:\/\/roveyayinevi.com.tr\/index.php\/urun\/ilkbahar-sebzeler-meyveler-boyama-zamani\/"},"modified":"2026-04-16T02:13:10","modified_gmt":"2026-04-15T23:13:10","slug":"ilkbahar-sebzeler-meyveler-boyama-zamani","status":"publish","type":"product","link":"https:\/\/roveyayinevi.com.tr\/index.php\/urun\/ilkbahar-sebzeler-meyveler-boyama-zamani\/","title":{"rendered":"\u0130lkbahar : Sebzeler Meyveler Boyama Zaman\u0131"},"content":{"rendered":"<p>Sebze ve meyve t\u00fcrlerini \u00e7ocuklar\u0131m\u0131za \u00f6\u011fretecek, boyama etkinli\u011fiyle motor becerilerini geli\u015ftirecek, ya\u015f grubuna uygun \u00e7izimleriyle e\u011flendirecek bir boyama kitab\u0131 dizisi: Sebze ve meyveler! Sebzeleri ve meyveleri do\u011fal olarak yeti\u015fti\u011fi mevsimlere g\u00f6re s\u0131n\u0131fland\u0131ran dizinin bu kitab\u0131nda \u00e7ocuklar\u0131m\u0131z, ilkbaharda yeti\u015fen sebze ve meyvelerle tan\u0131\u015facak. \ufffcTan\u0131t\u0131m Metni<\/p>\n","protected":false},"excerpt":{"rendered":"<p>Sebze ve meyve t\u00fcrlerini \u00e7ocuklar\u0131m\u0131za \u00f6\u011fretecek, boyama etkinli\u011fiyle motor becerilerini geli\u015ftirecek, ya\u015f grubuna uygun \u00e7izimleriyle e\u011flendirecek bir boyama kitab\u0131 dizisi: Sebze ve meyveler! Sebzeleri ve meyveleri<span class=\"excerpt-hellip\"> [\u2026]<\/span><\/p>\n","protected":false},"featured_media":0,"template":"","meta":{"_monsterinsights_skip_tracking":false,"_monsterinsights_sitenote_active":false,"_monsterinsights_sitenote_note":"","_monsterinsights_sitenote_category":0},"product_brand":[],"product_cat":[12644,12274],"product_tag":[],"class_list":{"0":"post-704226","1":"product","2":"type-product","3":"status-publish","5":"product_cat-boyama-kitaplari","6":"product_cat-cocuk-ve-genclik-kitaplari","7":"pa_cilt-ciltsiz","8":"pa_tur-kitap","9":"pa_yayinevi-timas-cocuk","10":"pa_yazar-kolektif","12":"first","13":"instock","14":"sale","15":"shipping-taxable","16":"purchasable","17":"product-type-simple"},"_links":{"self":[{"href":"https:\/\/roveyayinevi.com.tr\/index.php\/wp-json\/wp\/v2\/product\/704226","targetHints":{"allow":["GET"]}}],"collection":[{"href":"https:\/\/roveyayinevi.com.tr\/index.php\/wp-json\/wp\/v2\/product"}],"about":[{"href":"https:\/\/roveyayinevi.com.tr\/index.php\/wp-json\/wp\/v2\/types\/product"}],"wp:attachment":[{"href":"https:\/\/roveyayinevi.com.tr\/index.php\/wp-json\/wp\/v2\/media?parent=704226"}],"wp:term":[{"taxonomy":"product_brand","embeddable":true,"href":"https:\/\/roveyayinevi.com.tr\/index.php\/wp-json\/wp\/v2\/product_brand?post=704226"},{"taxonomy":"product_cat","embeddable":true,"href":"https:\/\/roveyayinevi.com.tr\/index.php\/wp-json\/wp\/v2\/product_cat?post=704226"},{"taxonomy":"product_tag","embeddable":true,"href":"https:\/\/roveyayinevi.com.tr\/index.php\/wp-json\/wp\/v2\/product_tag?post=704226"}],"curies":[{"name":"wp","href":"https:\/\/api.w.org\/{rel}","templated":true}]}}