{"id":704225,"date":"2025-08-27T15:33:23","date_gmt":"2025-08-27T12:33:23","guid":{"rendered":"https:\/\/roveyayinevi.com.tr\/index.php\/urun\/babama-mektup-2\/"},"modified":"2026-04-16T02:13:10","modified_gmt":"2026-04-15T23:13:10","slug":"babama-mektup-2","status":"publish","type":"product","link":"https:\/\/roveyayinevi.com.tr\/index.php\/urun\/babama-mektup-2\/","title":{"rendered":"Babama Mektup"},"content":{"rendered":"<p>Biyografik \u00f6zellik ta\u015f\u0131yan bu eser Kafka&#8217;n\u0131n a\u011f\u0131rl\u0131\u011f\u0131 alt\u0131nda ezildi\u011fi babas\u0131na yan\u0131t\u0131d\u0131r. Bu kitapla i\u00e7 d\u00fcnyas\u0131n\u0131 daha iyi anlamam\u0131z\u0131 sa\u011flayan Kafka, eserlerinde su\u00e7, \u00f6zg\u00fcrl\u00fck, yabanc\u0131la\u015fma, sorumluluk ve otoriteye bireysel kar\u015f\u0131 koyma temalar\u0131n\u0131 i\u015flemi\u015ftir. Kafka, babas\u0131ndan kaynaklanan su\u00e7luluk duygusu ve korkuyla itaatkar, ezik, zay\u0131f \u00fcrkek, karars\u0131z bir \u00e7ocukluk ve gen\u00e7lik ya\u015fam\u0131\u015ft\u0131r. \ufffcTan\u0131t\u0131m Metni<\/p>\n","protected":false},"excerpt":{"rendered":"<p>Biyografik \u00f6zellik ta\u015f\u0131yan bu eser Kafka&#8217;n\u0131n a\u011f\u0131rl\u0131\u011f\u0131 alt\u0131nda ezildi\u011fi babas\u0131na yan\u0131t\u0131d\u0131r. Bu kitapla i\u00e7 d\u00fcnyas\u0131n\u0131 daha iyi anlamam\u0131z\u0131 sa\u011flayan Kafka, eserlerinde su\u00e7, \u00f6zg\u00fcrl\u00fck, yabanc\u0131la\u015fma, sorumluluk ve<span class=\"excerpt-hellip\"> [\u2026]<\/span><\/p>\n","protected":false},"featured_media":0,"template":"","meta":{"_monsterinsights_skip_tracking":false,"_monsterinsights_sitenote_active":false,"_monsterinsights_sitenote_note":"","_monsterinsights_sitenote_category":0},"product_brand":[],"product_cat":[12782,12291],"product_tag":[],"class_list":{"0":"post-704225","1":"product","2":"type-product","3":"status-publish","5":"product_cat-alman-edebiyati","6":"product_cat-edebiyat","7":"pa_tur-kitap","8":"pa_yayinevi-oda-yayinlari","9":"pa_yazar-franz-kafka","11":"first","12":"instock","13":"sale","14":"shipping-taxable","15":"purchasable","16":"product-type-simple"},"_links":{"self":[{"href":"https:\/\/roveyayinevi.com.tr\/index.php\/wp-json\/wp\/v2\/product\/704225","targetHints":{"allow":["GET"]}}],"collection":[{"href":"https:\/\/roveyayinevi.com.tr\/index.php\/wp-json\/wp\/v2\/product"}],"about":[{"href":"https:\/\/roveyayinevi.com.tr\/index.php\/wp-json\/wp\/v2\/types\/product"}],"wp:attachment":[{"href":"https:\/\/roveyayinevi.com.tr\/index.php\/wp-json\/wp\/v2\/media?parent=704225"}],"wp:term":[{"taxonomy":"product_brand","embeddable":true,"href":"https:\/\/roveyayinevi.com.tr\/index.php\/wp-json\/wp\/v2\/product_brand?post=704225"},{"taxonomy":"product_cat","embeddable":true,"href":"https:\/\/roveyayinevi.com.tr\/index.php\/wp-json\/wp\/v2\/product_cat?post=704225"},{"taxonomy":"product_tag","embeddable":true,"href":"https:\/\/roveyayinevi.com.tr\/index.php\/wp-json\/wp\/v2\/product_tag?post=704225"}],"curies":[{"name":"wp","href":"https:\/\/api.w.org\/{rel}","templated":true}]}}