{"id":704223,"date":"2025-08-27T15:33:22","date_gmt":"2025-08-27T12:33:22","guid":{"rendered":"https:\/\/roveyayinevi.com.tr\/index.php\/urun\/izmarit\/"},"modified":"2026-04-16T02:13:10","modified_gmt":"2026-04-15T23:13:10","slug":"izmarit","status":"publish","type":"product","link":"https:\/\/roveyayinevi.com.tr\/index.php\/urun\/izmarit\/","title":{"rendered":"\u0130zmarit"},"content":{"rendered":"<p>Ak\u0131l almaz derecede sert sigara yasaklar\u0131n\u0131n her yerde kendini hissettirdi\u011fi, farkl\u0131 geleneklere sahip yerli kabilelerin ve beyazlar\u0131n bir arada ya\u015fad\u0131\u011f\u0131 esrarengiz bir \u00fclkede tatilde olan Tom Brodzinski, ba\u011f\u0131ml\u0131l\u0131ktan kurtulmaya \u00e7al\u0131\u015f\u0131rken i\u00e7ti\u011fi son sigaras\u0131n\u0131n izmaritini balkonundan a\u015fa\u011f\u0131ya f\u0131rlatt\u0131\u011f\u0131nda izmarit bir sald\u0131r\u0131 silah\u0131na d\u00f6n\u00fc\u015f\u00fcverir. <\/p>\n","protected":false},"excerpt":{"rendered":"<p>Ak\u0131l almaz derecede sert sigara yasaklar\u0131n\u0131n her yerde kendini hissettirdi\u011fi, farkl\u0131 geleneklere sahip yerli kabilelerin ve beyazlar\u0131n bir arada ya\u015fad\u0131\u011f\u0131 esrarengiz bir \u00fclkede tatilde olan Tom<span class=\"excerpt-hellip\"> [\u2026]<\/span><\/p>\n","protected":false},"featured_media":0,"template":"","meta":{"_monsterinsights_skip_tracking":false,"_monsterinsights_sitenote_active":false,"_monsterinsights_sitenote_note":"","_monsterinsights_sitenote_category":0},"product_brand":[],"product_cat":[12291,12711],"product_tag":[],"class_list":{"0":"post-704223","1":"product","2":"type-product","3":"status-publish","5":"product_cat-edebiyat","6":"product_cat-roman-oyku","7":"pa_cilt-ciltsiz","8":"pa_tur-kitap","9":"pa_yayinevi-ayrinti-yayinlari","10":"pa_yazar-will-self","12":"first","13":"instock","14":"sale","15":"shipping-taxable","16":"purchasable","17":"product-type-simple"},"_links":{"self":[{"href":"https:\/\/roveyayinevi.com.tr\/index.php\/wp-json\/wp\/v2\/product\/704223","targetHints":{"allow":["GET"]}}],"collection":[{"href":"https:\/\/roveyayinevi.com.tr\/index.php\/wp-json\/wp\/v2\/product"}],"about":[{"href":"https:\/\/roveyayinevi.com.tr\/index.php\/wp-json\/wp\/v2\/types\/product"}],"wp:attachment":[{"href":"https:\/\/roveyayinevi.com.tr\/index.php\/wp-json\/wp\/v2\/media?parent=704223"}],"wp:term":[{"taxonomy":"product_brand","embeddable":true,"href":"https:\/\/roveyayinevi.com.tr\/index.php\/wp-json\/wp\/v2\/product_brand?post=704223"},{"taxonomy":"product_cat","embeddable":true,"href":"https:\/\/roveyayinevi.com.tr\/index.php\/wp-json\/wp\/v2\/product_cat?post=704223"},{"taxonomy":"product_tag","embeddable":true,"href":"https:\/\/roveyayinevi.com.tr\/index.php\/wp-json\/wp\/v2\/product_tag?post=704223"}],"curies":[{"name":"wp","href":"https:\/\/api.w.org\/{rel}","templated":true}]}}