{"id":704216,"date":"2025-08-27T15:33:18","date_gmt":"2025-08-27T12:33:18","guid":{"rendered":"https:\/\/roveyayinevi.com.tr\/index.php\/urun\/iyinin-egemenligi\/"},"modified":"2026-04-16T02:13:10","modified_gmt":"2026-04-15T23:13:10","slug":"iyinin-egemenligi","status":"publish","type":"product","link":"https:\/\/roveyayinevi.com.tr\/index.php\/urun\/iyinin-egemenligi\/","title":{"rendered":"\u0130yinin Egemenli\u011fi"},"content":{"rendered":"<p>\u0130ster klasik ister \u00e7a\u011fda\u015f olsun, felsefenin sorunlar\u0131 \u00e7o\u011fu zaman kar\u0131\u015f\u0131k bir d\u00fczlemde tart\u0131\u015f\u0131l\u0131r ve felsefe, bu tart\u0131\u015fmaya her zaman a\u00e7\u0131kt\u0131r. Iris Murdoch, insan\u0131n talepleri ve istekleri \u00fczerinden, felsefenin temel sorunlar\u0131n\u0131 tart\u0131\u015ft\u0131\u011f\u0131 bu makalelerde, kavramlar\u0131n alt\u0131n\u0131 adeta bir maden i\u015f\u00e7isi gibi kazarak, kendi ger\u00e7e\u011fini, iyi sini aramaktad\u0131r. Bunu yaparken de varolu\u015f\u00e7uluktan davran\u0131\u015f\u00e7\u0131l\u0131\u011fa, psikoloji ve psikanalitikten Marksizm&#8217;e, sonra tekrar en ba\u015fa, Platon&#8217;un Devlet&#8217;ine at\u0131fta bulunur. \ufffcTan\u0131t\u0131m Metni<\/p>\n","protected":false},"excerpt":{"rendered":"<p>\u0130ster klasik ister \u00e7a\u011fda\u015f olsun, felsefenin sorunlar\u0131 \u00e7o\u011fu zaman kar\u0131\u015f\u0131k bir d\u00fczlemde tart\u0131\u015f\u0131l\u0131r ve felsefe, bu tart\u0131\u015fmaya her zaman a\u00e7\u0131kt\u0131r. Iris Murdoch, insan\u0131n talepleri ve istekleri<span class=\"excerpt-hellip\"> [\u2026]<\/span><\/p>\n","protected":false},"featured_media":0,"template":"","meta":{"_monsterinsights_skip_tracking":false,"_monsterinsights_sitenote_active":false,"_monsterinsights_sitenote_note":"","_monsterinsights_sitenote_category":0},"product_brand":[],"product_cat":[12389,12388],"product_tag":[],"class_list":{"0":"post-704216","1":"product","2":"type-product","3":"status-publish","5":"product_cat-diger-felsefe","6":"product_cat-felsefe","7":"pa_cilt-ciltsiz","8":"pa_tur-kitap","9":"pa_yayinevi-ayrinti-yayinlari","10":"pa_yazar-iris-murdoch","12":"first","13":"instock","14":"sale","15":"shipping-taxable","16":"purchasable","17":"product-type-simple"},"_links":{"self":[{"href":"https:\/\/roveyayinevi.com.tr\/index.php\/wp-json\/wp\/v2\/product\/704216","targetHints":{"allow":["GET"]}}],"collection":[{"href":"https:\/\/roveyayinevi.com.tr\/index.php\/wp-json\/wp\/v2\/product"}],"about":[{"href":"https:\/\/roveyayinevi.com.tr\/index.php\/wp-json\/wp\/v2\/types\/product"}],"wp:attachment":[{"href":"https:\/\/roveyayinevi.com.tr\/index.php\/wp-json\/wp\/v2\/media?parent=704216"}],"wp:term":[{"taxonomy":"product_brand","embeddable":true,"href":"https:\/\/roveyayinevi.com.tr\/index.php\/wp-json\/wp\/v2\/product_brand?post=704216"},{"taxonomy":"product_cat","embeddable":true,"href":"https:\/\/roveyayinevi.com.tr\/index.php\/wp-json\/wp\/v2\/product_cat?post=704216"},{"taxonomy":"product_tag","embeddable":true,"href":"https:\/\/roveyayinevi.com.tr\/index.php\/wp-json\/wp\/v2\/product_tag?post=704216"}],"curies":[{"name":"wp","href":"https:\/\/api.w.org\/{rel}","templated":true}]}}