{"id":704213,"date":"2025-08-27T15:33:16","date_gmt":"2025-08-27T12:33:16","guid":{"rendered":"https:\/\/roveyayinevi.com.tr\/index.php\/urun\/her-gune-bir-masal\/"},"modified":"2026-04-16T02:13:10","modified_gmt":"2026-04-15T23:13:10","slug":"her-gune-bir-masal","status":"publish","type":"product","link":"https:\/\/roveyayinevi.com.tr\/index.php\/urun\/her-gune-bir-masal\/","title":{"rendered":"Her G\u00fcne Bir Masal"},"content":{"rendered":"<p>G\u00f6ky\u00fcz\u00fcne uzanan bezelyeye t\u0131rmanan dede acaba tepede ne g\u00f6r\u00fcyor? Tav\u015fanlar neden yaz\u0131n beyaz, k\u0131\u015f\u0131n gri k\u00fcrk giyiyorlar? Denizin suyu neden tuzlu? Eskimolar g\u00f6ky\u00fcz\u00fcndeki ay\u0131 yakalamaya kalk\u0131nca neler oluyor? K\u00f6yl\u00fc genci si\u015fman kral\u0131 nas\u0131l zay\u0131flat\u0131yor? 1 Ocak&#8217;tan ba\u015flay\u0131p, 31 Aral\u0131k&#8217;a kadar her g\u00fcne bir masal! \ufffc<\/p>\n","protected":false},"excerpt":{"rendered":"<p>G\u00f6ky\u00fcz\u00fcne uzanan bezelyeye t\u0131rmanan dede acaba tepede ne g\u00f6r\u00fcyor? Tav\u015fanlar neden yaz\u0131n beyaz, k\u0131\u015f\u0131n gri k\u00fcrk giyiyorlar? Denizin suyu neden tuzlu? Eskimolar g\u00f6ky\u00fcz\u00fcndeki ay\u0131 yakalamaya kalk\u0131nca<span class=\"excerpt-hellip\"> [\u2026]<\/span><\/p>\n","protected":false},"featured_media":0,"template":"","meta":{"_monsterinsights_skip_tracking":false,"_monsterinsights_sitenote_active":false,"_monsterinsights_sitenote_note":"","_monsterinsights_sitenote_category":0},"product_brand":[],"product_cat":[15192,12274],"product_tag":[],"class_list":{"0":"post-704213","1":"product","2":"type-product","3":"status-publish","5":"product_cat-1-3-yas-kitaplari","6":"product_cat-cocuk-ve-genclik-kitaplari","7":"pa_cilt-ciltli","8":"pa_tur-kitap","9":"pa_yayinevi-yapi-kredi-yayinlari-kultur","10":"pa_yazar-feridun-oral","12":"first","13":"instock","14":"sale","15":"shipping-taxable","16":"purchasable","17":"product-type-simple"},"_links":{"self":[{"href":"https:\/\/roveyayinevi.com.tr\/index.php\/wp-json\/wp\/v2\/product\/704213","targetHints":{"allow":["GET"]}}],"collection":[{"href":"https:\/\/roveyayinevi.com.tr\/index.php\/wp-json\/wp\/v2\/product"}],"about":[{"href":"https:\/\/roveyayinevi.com.tr\/index.php\/wp-json\/wp\/v2\/types\/product"}],"wp:attachment":[{"href":"https:\/\/roveyayinevi.com.tr\/index.php\/wp-json\/wp\/v2\/media?parent=704213"}],"wp:term":[{"taxonomy":"product_brand","embeddable":true,"href":"https:\/\/roveyayinevi.com.tr\/index.php\/wp-json\/wp\/v2\/product_brand?post=704213"},{"taxonomy":"product_cat","embeddable":true,"href":"https:\/\/roveyayinevi.com.tr\/index.php\/wp-json\/wp\/v2\/product_cat?post=704213"},{"taxonomy":"product_tag","embeddable":true,"href":"https:\/\/roveyayinevi.com.tr\/index.php\/wp-json\/wp\/v2\/product_tag?post=704213"}],"curies":[{"name":"wp","href":"https:\/\/api.w.org\/{rel}","templated":true}]}}