{"id":704212,"date":"2025-08-27T15:33:15","date_gmt":"2025-08-27T12:33:15","guid":{"rendered":"https:\/\/roveyayinevi.com.tr\/index.php\/urun\/islam-felsefesi\/"},"modified":"2026-04-16T02:13:10","modified_gmt":"2026-04-15T23:13:10","slug":"islam-felsefesi","status":"publish","type":"product","link":"https:\/\/roveyayinevi.com.tr\/index.php\/urun\/islam-felsefesi\/","title":{"rendered":"\u0130slam Felsefesi"},"content":{"rendered":"<p>\u0130slam felsefesinin \u00f6zg\u00fcn taraf\u0131na n\u00fcfuz etmek ne zaman m\u00fcmk\u00fcnd\u00fcr? \u0130slam felsefesini sadece Me\u015f\u015fa\u00eelik olarak adland\u0131r\u0131lan okul ile, yani El-Kind\u00ee, F\u00e2r\u00e2b\u00ee, \u0130bn Sina, \u0130bn R\u00fc\u015fd gibi filozoflar ve onlar\u0131n felsefi m\u00fcl\u00e2hazalar\u0131 etraf\u0131nda d\u00f6nen tart\u0131\u015fma ve yorumlar ile s\u0131n\u0131rl\u0131 tutmak do\u011fru mudur? \ufffcTan\u0131t\u0131m Metni<\/p>\n","protected":false},"excerpt":{"rendered":"<p>\u0130slam felsefesinin \u00f6zg\u00fcn taraf\u0131na n\u00fcfuz etmek ne zaman m\u00fcmk\u00fcnd\u00fcr? \u0130slam felsefesini sadece Me\u015f\u015fa\u00eelik olarak adland\u0131r\u0131lan okul ile, yani El-Kind\u00ee, F\u00e2r\u00e2b\u00ee, \u0130bn Sina, \u0130bn R\u00fc\u015fd gibi filozoflar<span class=\"excerpt-hellip\"> [\u2026]<\/span><\/p>\n","protected":false},"featured_media":0,"template":"","meta":{"_monsterinsights_skip_tracking":false,"_monsterinsights_sitenote_active":false,"_monsterinsights_sitenote_note":"","_monsterinsights_sitenote_category":0},"product_brand":[],"product_cat":[19998,12388],"product_tag":[],"class_list":{"0":"post-704212","1":"product","2":"type-product","3":"status-publish","5":"product_cat-din-felsefesi","6":"product_cat-felsefe","7":"pa_cilt-ciltsiz","8":"pa_tur-kitap","9":"pa_yayinevi-dogu-bati-yayinlari","10":"pa_yazar-hilmi-ziya-ulken","12":"first","13":"instock","14":"sale","15":"shipping-taxable","16":"purchasable","17":"product-type-simple"},"_links":{"self":[{"href":"https:\/\/roveyayinevi.com.tr\/index.php\/wp-json\/wp\/v2\/product\/704212","targetHints":{"allow":["GET"]}}],"collection":[{"href":"https:\/\/roveyayinevi.com.tr\/index.php\/wp-json\/wp\/v2\/product"}],"about":[{"href":"https:\/\/roveyayinevi.com.tr\/index.php\/wp-json\/wp\/v2\/types\/product"}],"wp:attachment":[{"href":"https:\/\/roveyayinevi.com.tr\/index.php\/wp-json\/wp\/v2\/media?parent=704212"}],"wp:term":[{"taxonomy":"product_brand","embeddable":true,"href":"https:\/\/roveyayinevi.com.tr\/index.php\/wp-json\/wp\/v2\/product_brand?post=704212"},{"taxonomy":"product_cat","embeddable":true,"href":"https:\/\/roveyayinevi.com.tr\/index.php\/wp-json\/wp\/v2\/product_cat?post=704212"},{"taxonomy":"product_tag","embeddable":true,"href":"https:\/\/roveyayinevi.com.tr\/index.php\/wp-json\/wp\/v2\/product_tag?post=704212"}],"curies":[{"name":"wp","href":"https:\/\/api.w.org\/{rel}","templated":true}]}}