{"id":704208,"date":"2025-08-27T15:33:13","date_gmt":"2025-08-27T12:33:13","guid":{"rendered":"https:\/\/roveyayinevi.com.tr\/index.php\/urun\/antikcag-sanat-tarihi\/"},"modified":"2026-04-16T02:13:10","modified_gmt":"2026-04-15T23:13:10","slug":"antikcag-sanat-tarihi","status":"publish","type":"product","link":"https:\/\/roveyayinevi.com.tr\/index.php\/urun\/antikcag-sanat-tarihi\/","title":{"rendered":"Antik\u00e7a\u011f Sanat Tarihi"},"content":{"rendered":"<p>Bilimsel arkeolojinin ve sanat tarihinin kurucusu olarak g\u00f6r\u00fclen Winckelmann\u2019\u0131n ba\u015fyap\u0131t\u0131 olarak bilinen Antik\u00e7a\u011f Sanat Tarihi, M\u0131s\u0131r, Fenike, Pers ve Etr\u00fcsk sanatlar\u0131ndan s\u00f6z ettikten sonra Grek ve Roma sanat\u0131na ayr\u0131lm\u0131\u015f daha detayl\u0131 b\u00f6l\u00fcmlerle tamamlan\u0131yor. Sanatlar\u0131n olu\u015fmas\u0131nda d\u0131\u015f etkenlerin ve ko\u015fullar\u0131n en \u00f6nemli belirleyicilerden biri oldu\u011funu ileri s\u00fcren Winckelmann\u2019\u0131n bu ba\u015fyap\u0131t\u0131yla, sanata ilgi duyan t\u00fcm okuyucular\u0131n sanat\u0131n tarihine do\u011fru kendi yolculuklar\u0131n\u0131 ger\u00e7ekle\u015ftireceklerini d\u00fc\u015f\u00fcn\u00fcyoruz.     \u201cWinckelmann\u2019\u0131n \u2018Antik\u00e7a\u011f Sanat Tarihi\u2019 yay\u0131mland\u0131. Bu eseri okumadan bir ad\u0131m atmaya bile cesaret edemiyorum.\u201d G. E. Lessing   \u201cWinckelmann, Yeni D\u00fcnya\u2019y\u0131 hen\u00fcz ke\u015ffetmemi\u015f, ama sezgi dolu bir \u015fekilde zihninde ta\u015f\u0131yan Kolombus\u2019a benziyor. \u0130nsan bu eseri okuyunca bir \u015fey \u00f6\u011frenmiyor, ama bir \u015fey oluyor.\u201d J. W. von Goethe <\/p>\n","protected":false},"excerpt":{"rendered":"<p>Bilimsel arkeolojinin ve sanat tarihinin kurucusu olarak g\u00f6r\u00fclen Winckelmann\u2019\u0131n ba\u015fyap\u0131t\u0131 olarak bilinen Antik\u00e7a\u011f Sanat Tarihi, M\u0131s\u0131r, Fenike, Pers ve Etr\u00fcsk sanatlar\u0131ndan s\u00f6z ettikten sonra Grek ve<span class=\"excerpt-hellip\"> [\u2026]<\/span><\/p>\n","protected":false},"featured_media":0,"template":"","meta":{"_monsterinsights_skip_tracking":false,"_monsterinsights_sitenote_active":false,"_monsterinsights_sitenote_note":"","_monsterinsights_sitenote_category":0},"product_brand":[],"product_cat":[12408,14197],"product_tag":[],"class_list":{"0":"post-704208","1":"product","2":"type-product","3":"status-publish","5":"product_cat-sanat","6":"product_cat-sanat-tarihi","7":"pa_cilt-ciltsiz","8":"pa_tur-kitap","9":"pa_yayinevi-say-yayinlari","10":"pa_yazar-johann-joachim-winckelmann","12":"first","13":"instock","14":"sale","15":"shipping-taxable","16":"purchasable","17":"product-type-simple"},"_links":{"self":[{"href":"https:\/\/roveyayinevi.com.tr\/index.php\/wp-json\/wp\/v2\/product\/704208","targetHints":{"allow":["GET"]}}],"collection":[{"href":"https:\/\/roveyayinevi.com.tr\/index.php\/wp-json\/wp\/v2\/product"}],"about":[{"href":"https:\/\/roveyayinevi.com.tr\/index.php\/wp-json\/wp\/v2\/types\/product"}],"wp:attachment":[{"href":"https:\/\/roveyayinevi.com.tr\/index.php\/wp-json\/wp\/v2\/media?parent=704208"}],"wp:term":[{"taxonomy":"product_brand","embeddable":true,"href":"https:\/\/roveyayinevi.com.tr\/index.php\/wp-json\/wp\/v2\/product_brand?post=704208"},{"taxonomy":"product_cat","embeddable":true,"href":"https:\/\/roveyayinevi.com.tr\/index.php\/wp-json\/wp\/v2\/product_cat?post=704208"},{"taxonomy":"product_tag","embeddable":true,"href":"https:\/\/roveyayinevi.com.tr\/index.php\/wp-json\/wp\/v2\/product_tag?post=704208"}],"curies":[{"name":"wp","href":"https:\/\/api.w.org\/{rel}","templated":true}]}}