{"id":704207,"date":"2025-08-27T15:33:13","date_gmt":"2025-08-27T12:33:13","guid":{"rendered":"https:\/\/roveyayinevi.com.tr\/index.php\/urun\/dunyanin-tum-dertleri\/"},"modified":"2026-04-16T02:13:10","modified_gmt":"2026-04-15T23:13:10","slug":"dunyanin-tum-dertleri","status":"publish","type":"product","link":"https:\/\/roveyayinevi.com.tr\/index.php\/urun\/dunyanin-tum-dertleri\/","title":{"rendered":"D\u00fcnya&#8217;n\u0131n T\u00fcm Dertleri"},"content":{"rendered":"<p>D\u00fcnya d\u00fczenden yoksun de\u011fildir. G\u00fcne\u015f her sabah do\u011far. \u0130nsanlar gen\u00e7le\u015fmez, ya\u015flan\u0131r. Bir sonu\u00e7 her zaman bir sebebi izler. D\u00fcnyan\u0131n kuma\u015f\u0131nda bir d\u00fczen vard\u0131r.Neden nefes al\u0131p veririz? Para neden var? Ya\u015fam neden cinsiyeti icat etmi\u015ftir? Neden bir \u015fey olmas\u0131, hi\u00e7bir \u015fey olmamas\u0131na bask\u0131nd\u0131r? Beyin nas\u0131l \u00e7al\u0131\u015f\u0131r? Geli\u015fkin bir maymun soyundan ba\u015fka bir \u015fey olmayan -ve DNA&#8217;s\u0131n\u0131n \u00fc\u00e7te biri mantar DNA&#8217;s\u0131yla ortak olan- bizler nas\u0131l yery\u00fcz\u00fcn\u00fcn hakimi olduk? Zemin katta ya\u015fayan insanlar\u0131n \u00fcst kattakilere g\u00f6re ge\u00e7 ya\u015fland\u0131\u011f\u0131n\u0131 ya da uygarl\u0131k tarihindeki temel k\u0131r\u0131lma noktas\u0131n\u0131n g\u0131dalar\u0131 pi\u015firmeye ba\u015flad\u0131\u011f\u0131m\u0131z an oldu\u011funu duymak sizi \u015fa\u015f\u0131rt\u0131r m\u0131yd\u0131? Peki ya bizi ku\u015fatan evrenin dev bir hologramdan ibaret olmas\u0131 ihtimali? Karma\u015f\u0131k meseleleri biz s\u0131radan insanlar i\u00e7in anla\u015f\u0131l\u0131r bir dille anlatmaktaki h\u00fcneriyle hakl\u0131 bir \u015f\u00f6hret edinen Marcus Chown bu kez b\u00fcy\u00fck bir i\u015fe kalk\u0131\u015f\u0131yor: ya\u015fama etki eden her \u015feyi anlamak ve anlatmak. Kapitalizmden g\u00f6relilik teorisine, termodinamikten toplum dinamiklerine, seksten hayat\u0131n k\u00f6kenine kadar her \u015feyi&#8230; D\u00fcnyan\u0131n T\u00fcm Dertleri merakl\u0131 bir zihnin, d\u00fcnyada i\u015flerin nas\u0131l y\u00fcr\u00fcd\u00fc\u011f\u00fcn\u00fc anlamak i\u00e7in \u00e7\u0131kt\u0131\u011f\u0131 galaksiler, uygarl\u0131klar ve t\u00fcrler aras\u0131 bir yolculuk. Ve yan koltuk sizin i\u00e7in ayr\u0131lm\u0131\u015f. <\/p>\n","protected":false},"excerpt":{"rendered":"<p>D\u00fcnya d\u00fczenden yoksun de\u011fildir. G\u00fcne\u015f her sabah do\u011far. \u0130nsanlar gen\u00e7le\u015fmez, ya\u015flan\u0131r. Bir sonu\u00e7 her zaman bir sebebi izler. D\u00fcnyan\u0131n kuma\u015f\u0131nda bir d\u00fczen vard\u0131r.Neden nefes al\u0131p veririz?<span class=\"excerpt-hellip\"> [\u2026]<\/span><\/p>\n","protected":false},"featured_media":0,"template":"","meta":{"_monsterinsights_skip_tracking":false,"_monsterinsights_sitenote_active":false,"_monsterinsights_sitenote_note":"","_monsterinsights_sitenote_category":0},"product_brand":[],"product_cat":[13005,13006],"product_tag":[],"class_list":{"0":"post-704207","1":"product","2":"type-product","3":"status-publish","5":"product_cat-bilim-muhendislik","6":"product_cat-populer-bilim","7":"pa_cilt-ciltsiz","8":"pa_tur-kitap","9":"pa_yayinevi-domingo-yayinevi","10":"pa_yazar-marcus-chown","12":"first","13":"instock","14":"sale","15":"shipping-taxable","16":"purchasable","17":"product-type-simple"},"_links":{"self":[{"href":"https:\/\/roveyayinevi.com.tr\/index.php\/wp-json\/wp\/v2\/product\/704207","targetHints":{"allow":["GET"]}}],"collection":[{"href":"https:\/\/roveyayinevi.com.tr\/index.php\/wp-json\/wp\/v2\/product"}],"about":[{"href":"https:\/\/roveyayinevi.com.tr\/index.php\/wp-json\/wp\/v2\/types\/product"}],"wp:attachment":[{"href":"https:\/\/roveyayinevi.com.tr\/index.php\/wp-json\/wp\/v2\/media?parent=704207"}],"wp:term":[{"taxonomy":"product_brand","embeddable":true,"href":"https:\/\/roveyayinevi.com.tr\/index.php\/wp-json\/wp\/v2\/product_brand?post=704207"},{"taxonomy":"product_cat","embeddable":true,"href":"https:\/\/roveyayinevi.com.tr\/index.php\/wp-json\/wp\/v2\/product_cat?post=704207"},{"taxonomy":"product_tag","embeddable":true,"href":"https:\/\/roveyayinevi.com.tr\/index.php\/wp-json\/wp\/v2\/product_tag?post=704207"}],"curies":[{"name":"wp","href":"https:\/\/api.w.org\/{rel}","templated":true}]}}