{"id":704203,"date":"2025-08-27T15:33:10","date_gmt":"2025-08-27T12:33:10","guid":{"rendered":"https:\/\/roveyayinevi.com.tr\/index.php\/urun\/insan-akasasi\/"},"modified":"2026-04-16T02:13:10","modified_gmt":"2026-04-15T23:13:10","slug":"insan-akasasi","status":"publish","type":"product","link":"https:\/\/roveyayinevi.com.tr\/index.php\/urun\/insan-akasasi\/","title":{"rendered":"\u0130nsan Aka\u015fas\u0131"},"content":{"rendered":"<p>Kryon \u00e7eyrek y\u00fczy\u0131ld\u0131r Lee Carroll kanal\u0131yla t\u00fcm insanl\u0131\u011fa \u00e7ok \u00f6nemli, ayd\u0131nlat\u0131c\u0131 ve sevgi dolu spirit\u00fcel mesajlar vermi\u015f ve onun bir\u00e7ok dile \u00e7evrilen kitaplar\u0131 bu bilgilerin d\u00fcnya \u00e7ap\u0131nda bilinip sevilmesine neden olmu\u015ftur. Avustralyal\u0131 yazar Monika Muranyi Kryon taraf\u0131ndan Aka\u015fa hakk\u0131nda verilmi\u015f ve \u00e7o\u011fu daha \u00f6nce hi\u00e7bir yerde yay\u0131nlanmam\u0131\u015f olan bilgileri b\u00fcy\u00fck bir \u00e7al\u0131\u015fma sonucunda bu kitapta bir araya getirmi\u015ftir. \ufffcTan\u0131t\u0131m Metni<\/p>\n","protected":false},"excerpt":{"rendered":"<p>Kryon \u00e7eyrek y\u00fczy\u0131ld\u0131r Lee Carroll kanal\u0131yla t\u00fcm insanl\u0131\u011fa \u00e7ok \u00f6nemli, ayd\u0131nlat\u0131c\u0131 ve sevgi dolu spirit\u00fcel mesajlar vermi\u015f ve onun bir\u00e7ok dile \u00e7evrilen kitaplar\u0131 bu bilgilerin d\u00fcnya<span class=\"excerpt-hellip\"> [\u2026]<\/span><\/p>\n","protected":false},"featured_media":0,"template":"","meta":{"_monsterinsights_skip_tracking":false,"_monsterinsights_sitenote_active":false,"_monsterinsights_sitenote_note":"","_monsterinsights_sitenote_category":0},"product_brand":[],"product_cat":[20351,12388],"product_tag":[],"class_list":{"0":"post-704203","1":"product","2":"type-product","3":"status-publish","5":"product_cat-dusunce","6":"product_cat-felsefe","7":"pa_tur-kitap","8":"pa_yayinevi-akasa-yayinlari","9":"pa_yazar-monika-muranyi","11":"first","12":"instock","13":"sale","14":"shipping-taxable","15":"purchasable","16":"product-type-simple"},"_links":{"self":[{"href":"https:\/\/roveyayinevi.com.tr\/index.php\/wp-json\/wp\/v2\/product\/704203","targetHints":{"allow":["GET"]}}],"collection":[{"href":"https:\/\/roveyayinevi.com.tr\/index.php\/wp-json\/wp\/v2\/product"}],"about":[{"href":"https:\/\/roveyayinevi.com.tr\/index.php\/wp-json\/wp\/v2\/types\/product"}],"wp:attachment":[{"href":"https:\/\/roveyayinevi.com.tr\/index.php\/wp-json\/wp\/v2\/media?parent=704203"}],"wp:term":[{"taxonomy":"product_brand","embeddable":true,"href":"https:\/\/roveyayinevi.com.tr\/index.php\/wp-json\/wp\/v2\/product_brand?post=704203"},{"taxonomy":"product_cat","embeddable":true,"href":"https:\/\/roveyayinevi.com.tr\/index.php\/wp-json\/wp\/v2\/product_cat?post=704203"},{"taxonomy":"product_tag","embeddable":true,"href":"https:\/\/roveyayinevi.com.tr\/index.php\/wp-json\/wp\/v2\/product_tag?post=704203"}],"curies":[{"name":"wp","href":"https:\/\/api.w.org\/{rel}","templated":true}]}}