{"id":704202,"date":"2025-08-27T15:33:10","date_gmt":"2025-08-27T12:33:10","guid":{"rendered":"https:\/\/roveyayinevi.com.tr\/index.php\/urun\/odysseia\/"},"modified":"2026-04-16T02:13:10","modified_gmt":"2026-04-15T23:13:10","slug":"odysseia","status":"publish","type":"product","link":"https:\/\/roveyayinevi.com.tr\/index.php\/urun\/odysseia\/","title":{"rendered":"Odysseia"},"content":{"rendered":"<p>Homeros (y. M\u00d6 IX. y\u00fczy\u0131l): Hayat\u0131 hakk\u0131nda kesin bir bilgi olmamakla birlikte M\u00d6 IX. y\u00fczy\u0131lda Sak\u0131z Adas\u0131\u2019nda ya\u015fad\u0131\u011f\u0131 san\u0131lmaktad\u0131r. Eserleri Antik Yunan devletlerinde her t\u00fcr bilginin kayna\u011f\u0131 say\u0131lan Homeros, \u0130lyada ve Odysseia destanlar\u0131yla edebiyat\u0131n hemen her t\u00fcr\u00fcn\u00fc g\u00fcn\u00fcm\u00fcze dek etkilemeyi ba\u015farm\u0131\u015ft\u0131r. Odysseia Troya Sava\u015f\u0131 kahramanlar\u0131ndan Odysseus\u2019un, \u00fclkesi \u0130thake\u2019ye d\u00f6nerken on y\u0131l s\u00fcren yolculu\u011funda ya\u015fad\u0131\u011f\u0131 maceralar\u0131 anlatan b\u00fcy\u00fck bir destand\u0131r. Gerek karakterlerinin, gerek kurgusunun modern romana yak\u0131nl\u0131\u011f\u0131yla b\u00fct\u00fcn d\u00fcnya edebiyat\u0131n\u0131 etkilemi\u015ftir. <\/p>\n","protected":false},"excerpt":{"rendered":"<p>Homeros (y. M\u00d6 IX. y\u00fczy\u0131l): Hayat\u0131 hakk\u0131nda kesin bir bilgi olmamakla birlikte M\u00d6 IX. y\u00fczy\u0131lda Sak\u0131z Adas\u0131\u2019nda ya\u015fad\u0131\u011f\u0131 san\u0131lmaktad\u0131r. Eserleri Antik Yunan devletlerinde her t\u00fcr bilginin<span class=\"excerpt-hellip\"> [\u2026]<\/span><\/p>\n","protected":false},"featured_media":0,"template":"","meta":{"_monsterinsights_skip_tracking":false,"_monsterinsights_sitenote_active":false,"_monsterinsights_sitenote_note":"","_monsterinsights_sitenote_category":0},"product_brand":[],"product_cat":[12291,13706],"product_tag":[],"class_list":{"0":"post-704202","1":"product","2":"type-product","3":"status-publish","5":"product_cat-edebiyat","6":"product_cat-efsane-destan-masal","7":"pa_cilt-ciltsiz","8":"pa_tur-kitap","9":"pa_yayinevi-is-bankasi-kultur-yayinlari","10":"pa_yazar-homeros","12":"first","13":"instock","14":"sale","15":"shipping-taxable","16":"purchasable","17":"product-type-simple"},"_links":{"self":[{"href":"https:\/\/roveyayinevi.com.tr\/index.php\/wp-json\/wp\/v2\/product\/704202","targetHints":{"allow":["GET"]}}],"collection":[{"href":"https:\/\/roveyayinevi.com.tr\/index.php\/wp-json\/wp\/v2\/product"}],"about":[{"href":"https:\/\/roveyayinevi.com.tr\/index.php\/wp-json\/wp\/v2\/types\/product"}],"wp:attachment":[{"href":"https:\/\/roveyayinevi.com.tr\/index.php\/wp-json\/wp\/v2\/media?parent=704202"}],"wp:term":[{"taxonomy":"product_brand","embeddable":true,"href":"https:\/\/roveyayinevi.com.tr\/index.php\/wp-json\/wp\/v2\/product_brand?post=704202"},{"taxonomy":"product_cat","embeddable":true,"href":"https:\/\/roveyayinevi.com.tr\/index.php\/wp-json\/wp\/v2\/product_cat?post=704202"},{"taxonomy":"product_tag","embeddable":true,"href":"https:\/\/roveyayinevi.com.tr\/index.php\/wp-json\/wp\/v2\/product_tag?post=704202"}],"curies":[{"name":"wp","href":"https:\/\/api.w.org\/{rel}","templated":true}]}}