{"id":704201,"date":"2025-08-27T15:33:09","date_gmt":"2025-08-27T12:33:09","guid":{"rendered":"https:\/\/roveyayinevi.com.tr\/index.php\/urun\/son-kara-kedi\/"},"modified":"2026-04-16T02:13:10","modified_gmt":"2026-04-15T23:13:10","slug":"son-kara-kedi","status":"publish","type":"product","link":"https:\/\/roveyayinevi.com.tr\/index.php\/urun\/son-kara-kedi\/","title":{"rendered":"Son Kara Kedi"},"content":{"rendered":"<p>\u00d6nce \u0130pekkuyruk ortadan kayboldu. Ard\u0131ndan Arap. Sonra s\u0131rayla M\u0131rnav, Ziynet, Ramses, K\u00f6m\u00fcr, Hamurabi ve Katran. B\u00fct\u00fcn bu kedilerin tek bir \u00f6zellikleri d\u0131\u015f\u0131nda hi\u00e7bir ortak noktalar\u0131 yoktu. Bir tek renkleri ayn\u0131yd\u0131. Kara, k\u00f6m\u00fcr karas\u0131 renkleri! \ufffcTan\u0131t\u0131m Metni<\/p>\n","protected":false},"excerpt":{"rendered":"<p>\u00d6nce \u0130pekkuyruk ortadan kayboldu. Ard\u0131ndan Arap. Sonra s\u0131rayla M\u0131rnav, Ziynet, Ramses, K\u00f6m\u00fcr, Hamurabi ve Katran. B\u00fct\u00fcn bu kedilerin tek bir \u00f6zellikleri d\u0131\u015f\u0131nda hi\u00e7bir ortak noktalar\u0131 yoktu.<span class=\"excerpt-hellip\"> [\u2026]<\/span><\/p>\n","protected":false},"featured_media":0,"template":"","meta":{"_monsterinsights_skip_tracking":false,"_monsterinsights_sitenote_active":false,"_monsterinsights_sitenote_note":"","_monsterinsights_sitenote_category":0},"product_brand":[],"product_cat":[12275,12274],"product_tag":[],"class_list":{"0":"post-704201","1":"product","2":"type-product","3":"status-publish","5":"product_cat-6-12-yas-kitaplari","6":"product_cat-cocuk-ve-genclik-kitaplari","7":"pa_cilt-ciltsiz","8":"pa_tur-kitap","9":"pa_yayinevi-altin-kitaplar-ozel-urun","10":"pa_yazar-evgene-trivizas","12":"first","13":"instock","14":"sale","15":"shipping-taxable","16":"purchasable","17":"product-type-simple"},"_links":{"self":[{"href":"https:\/\/roveyayinevi.com.tr\/index.php\/wp-json\/wp\/v2\/product\/704201","targetHints":{"allow":["GET"]}}],"collection":[{"href":"https:\/\/roveyayinevi.com.tr\/index.php\/wp-json\/wp\/v2\/product"}],"about":[{"href":"https:\/\/roveyayinevi.com.tr\/index.php\/wp-json\/wp\/v2\/types\/product"}],"wp:attachment":[{"href":"https:\/\/roveyayinevi.com.tr\/index.php\/wp-json\/wp\/v2\/media?parent=704201"}],"wp:term":[{"taxonomy":"product_brand","embeddable":true,"href":"https:\/\/roveyayinevi.com.tr\/index.php\/wp-json\/wp\/v2\/product_brand?post=704201"},{"taxonomy":"product_cat","embeddable":true,"href":"https:\/\/roveyayinevi.com.tr\/index.php\/wp-json\/wp\/v2\/product_cat?post=704201"},{"taxonomy":"product_tag","embeddable":true,"href":"https:\/\/roveyayinevi.com.tr\/index.php\/wp-json\/wp\/v2\/product_tag?post=704201"}],"curies":[{"name":"wp","href":"https:\/\/api.w.org\/{rel}","templated":true}]}}