{"id":704198,"date":"2025-08-27T15:33:08","date_gmt":"2025-08-27T12:33:08","guid":{"rendered":"https:\/\/roveyayinevi.com.tr\/index.php\/urun\/adi-deniz\/"},"modified":"2026-04-16T02:13:10","modified_gmt":"2026-04-15T23:13:10","slug":"adi-deniz","status":"publish","type":"product","link":"https:\/\/roveyayinevi.com.tr\/index.php\/urun\/adi-deniz\/","title":{"rendered":"Ad\u0131 Deniz"},"content":{"rendered":"<p>Tarihi anlatmak, yazmaktan daha kolayd\u0131r asl\u0131nda. Hele ki bu tarih dara\u011fa\u00e7lar\u0131nda, i\u015fkencehanelerde bedel \u00f6denerek haf\u0131zalara kaz\u0131nan bir tarihse\u2026 Burada anlat\u0131lan, Deniz&#8217;in, Yusuf&#8217;un, H\u00fcseyin&#8217;in hik\u00e2yesi, burada anlat\u0131lan senin de hik\u00e2yen. Sadece onlar\u0131n de\u011fil, Sinanlar\u0131n, Mahirlerin, Cihanlar\u0131n, \u0130bolar\u0131n, Ula\u015flar\u0131n da hik\u00e2yesi. <\/p>\n","protected":false},"excerpt":{"rendered":"<p>Tarihi anlatmak, yazmaktan daha kolayd\u0131r asl\u0131nda. Hele ki bu tarih dara\u011fa\u00e7lar\u0131nda, i\u015fkencehanelerde bedel \u00f6denerek haf\u0131zalara kaz\u0131nan bir tarihse\u2026 Burada anlat\u0131lan, Deniz&#8217;in, Yusuf&#8217;un, H\u00fcseyin&#8217;in hik\u00e2yesi, burada anlat\u0131lan<span class=\"excerpt-hellip\"> [\u2026]<\/span><\/p>\n","protected":false},"featured_media":0,"template":"","meta":{"_monsterinsights_skip_tracking":false,"_monsterinsights_sitenote_active":false,"_monsterinsights_sitenote_note":"","_monsterinsights_sitenote_category":0},"product_brand":[],"product_cat":[18545,12291],"product_tag":[],"class_list":{"0":"post-704198","1":"product","2":"type-product","3":"status-publish","5":"product_cat-anlati","6":"product_cat-edebiyat","7":"pa_tur-kitap","8":"pa_yayinevi-herdem-kitap","9":"pa_yazar-esen-ruzgar","11":"first","12":"instock","13":"sale","14":"shipping-taxable","15":"purchasable","16":"product-type-simple"},"_links":{"self":[{"href":"https:\/\/roveyayinevi.com.tr\/index.php\/wp-json\/wp\/v2\/product\/704198","targetHints":{"allow":["GET"]}}],"collection":[{"href":"https:\/\/roveyayinevi.com.tr\/index.php\/wp-json\/wp\/v2\/product"}],"about":[{"href":"https:\/\/roveyayinevi.com.tr\/index.php\/wp-json\/wp\/v2\/types\/product"}],"wp:attachment":[{"href":"https:\/\/roveyayinevi.com.tr\/index.php\/wp-json\/wp\/v2\/media?parent=704198"}],"wp:term":[{"taxonomy":"product_brand","embeddable":true,"href":"https:\/\/roveyayinevi.com.tr\/index.php\/wp-json\/wp\/v2\/product_brand?post=704198"},{"taxonomy":"product_cat","embeddable":true,"href":"https:\/\/roveyayinevi.com.tr\/index.php\/wp-json\/wp\/v2\/product_cat?post=704198"},{"taxonomy":"product_tag","embeddable":true,"href":"https:\/\/roveyayinevi.com.tr\/index.php\/wp-json\/wp\/v2\/product_tag?post=704198"}],"curies":[{"name":"wp","href":"https:\/\/api.w.org\/{rel}","templated":true}]}}