{"id":704192,"date":"2025-08-27T15:33:04","date_gmt":"2025-08-27T12:33:04","guid":{"rendered":"https:\/\/roveyayinevi.com.tr\/index.php\/urun\/guven-cilt-1\/"},"modified":"2026-04-16T02:13:09","modified_gmt":"2026-04-15T23:13:09","slug":"guven-cilt-1","status":"publish","type":"product","link":"https:\/\/roveyayinevi.com.tr\/index.php\/urun\/guven-cilt-1\/","title":{"rendered":"G\u00fcven Cilt 1"},"content":{"rendered":"<p>Do\u011fru. Kim ne yap\u0131yor ki? Bir \u015feyler diyecek oldu, vazge\u00e7ti Rahmi. TKP i\u00e7in al\u0131nan desantralizasyon karar\u0131nda, bunun gerek\u00e7elerini a\u00e7\u0131klama g\u00f6revi de verilmemi\u015f miydi kendilerine? Do\u011fru d\u00fcr\u00fcst yapt\u0131k m\u0131 bunu biz? Yapmad\u0131k. Niye? \u0130\u015fimize gelmedi\u011finden! O g\u00fcne dek tuttu\u011fumuz yolun \u00e7\u0131kmazl\u0131\u011f\u0131n\u0131, yanl\u0131\u015fl\u0131\u011f\u0131n\u0131 bir \u00f6zele\u015ftiriyle halka duyurmam\u0131z isteniyordu bizden. Gelmedi i\u015fimize! Muhalefet do\u011fru mu s\u00f6ylemi\u015fti yani! Muhalefet nerden \u00e7\u0131kt\u0131 \u015fimdi? O muhalefeti su\u00e7layan da Komintern\u2019di! \u0130lkelerine g\u00f6re do\u011fruydu su\u00e7larken. 32\u2019lerdeydi o su\u00e7lama. D\u00fcnya devrimi pe\u015finde Komintern. S\u0131n\u0131f s\u0131n\u0131fa kar\u015f\u0131! Muhalefet de Merkez\u2019den daha keskin o g\u00fcnler. Yedinci Kongre\u2019den sonra al\u0131nd\u0131 desantralizasyon karar\u0131. 36 sonlar\u0131. Karar 37 ba\u015flar\u0131nda \u00e7\u0131kt\u0131. Naziler iktidara gelmi\u015f. Sava\u015f kazanlar\u0131 kayn\u0131yor. Dengeler alt\u00fcst olmu\u015f. Bizimkiler do\u011fru d\u00fcr\u00fcst anlamam\u0131\u015f Yedinci Kongre\u2019de al\u0131nm\u0131\u015f kararlar\u0131. Kemalistleri de\u011ferlendirmeler de\u011fi\u015fmi\u015f; sava\u015ftan yana olmayan devlet say\u0131lm\u0131\u015f Kemalist T\u00fcrkiye. Biz, \u201cKahrolsun kan\u0131m\u0131z\u0131 emen zenginler iktidar\u0131, Kemalist burjuvazi,\u201d diyoruz! Hi\u00e7 mi iyi bir \u015fey yapmad\u0131 bu adamlar? dediler Komintern\u2019de. Dediler! Y\u0131llarca sonra dediler! Habersiz mi yap\u0131yorduk onlardan; bilmiyorlar m\u0131yd\u0131 daha \u00f6nce yapt\u0131klar\u0131m\u0131z\u0131? \u201cBu i\u015fin t\u00fcm sorumlulu\u011fu Merkez Komitesi\u2019nindir; biz bunu \u00fcstleniyoruz\u201d dedi Doktor. Evet, Komintern\u2019e verdi\u011fi yaz\u0131l\u0131 bildiride dedi. Ka\u00e7 ki\u015fi g\u00f6rd\u00fc o bildiriyi? Devlet s\u0131rr\u0131 gibi saklad\u0131k. Oturup \u015fimdi anlatay\u0131m m\u0131 bunlar\u0131? \u201cKim ne yap\u0131yor ki?\u201d diye ta\u015f at\u0131p dursun mu bu adam? Legaliteye ge\u00e7in, dediler. Olan biteni \u015fu adamla bile konu\u015fam\u0131yorsak, nas\u0131l ge\u00e7ece\u011fiz legaliteye. Rak\u0131 m\u0131 \u00e7arp\u0131yor? A\u011f\u0131r ol bakal\u0131m Rahmi Yolda\u015f! Kimsenin sana bir \u015fey sordu\u011fu yok. \ufffcTan\u0131t\u0131m Metni<\/p>\n","protected":false},"excerpt":{"rendered":"<p>Do\u011fru. Kim ne yap\u0131yor ki? Bir \u015feyler diyecek oldu, vazge\u00e7ti Rahmi. TKP i\u00e7in al\u0131nan desantralizasyon karar\u0131nda, bunun gerek\u00e7elerini a\u00e7\u0131klama g\u00f6revi de verilmemi\u015f miydi kendilerine? Do\u011fru d\u00fcr\u00fcst<span class=\"excerpt-hellip\"> [\u2026]<\/span><\/p>\n","protected":false},"featured_media":0,"template":"","meta":{"_monsterinsights_skip_tracking":false,"_monsterinsights_sitenote_active":false,"_monsterinsights_sitenote_note":"","_monsterinsights_sitenote_category":0},"product_brand":[],"product_cat":[12291,12711],"product_tag":[],"class_list":{"0":"post-704192","1":"product","2":"type-product","3":"status-publish","5":"product_cat-edebiyat","6":"product_cat-roman-oyku","7":"pa_cilt-ciltsiz","8":"pa_tur-kitap","9":"pa_yayinevi-ayrinti-yayinlari","10":"pa_yazar-vedat-turkali","12":"first","13":"instock","14":"sale","15":"shipping-taxable","16":"purchasable","17":"product-type-simple"},"_links":{"self":[{"href":"https:\/\/roveyayinevi.com.tr\/index.php\/wp-json\/wp\/v2\/product\/704192","targetHints":{"allow":["GET"]}}],"collection":[{"href":"https:\/\/roveyayinevi.com.tr\/index.php\/wp-json\/wp\/v2\/product"}],"about":[{"href":"https:\/\/roveyayinevi.com.tr\/index.php\/wp-json\/wp\/v2\/types\/product"}],"wp:attachment":[{"href":"https:\/\/roveyayinevi.com.tr\/index.php\/wp-json\/wp\/v2\/media?parent=704192"}],"wp:term":[{"taxonomy":"product_brand","embeddable":true,"href":"https:\/\/roveyayinevi.com.tr\/index.php\/wp-json\/wp\/v2\/product_brand?post=704192"},{"taxonomy":"product_cat","embeddable":true,"href":"https:\/\/roveyayinevi.com.tr\/index.php\/wp-json\/wp\/v2\/product_cat?post=704192"},{"taxonomy":"product_tag","embeddable":true,"href":"https:\/\/roveyayinevi.com.tr\/index.php\/wp-json\/wp\/v2\/product_tag?post=704192"}],"curies":[{"name":"wp","href":"https:\/\/api.w.org\/{rel}","templated":true}]}}