{"id":704190,"date":"2025-08-27T15:33:03","date_gmt":"2025-08-27T12:33:03","guid":{"rendered":"https:\/\/roveyayinevi.com.tr\/index.php\/urun\/dikkat-vucudunuz-konusuyor\/"},"modified":"2026-04-16T02:13:09","modified_gmt":"2026-04-15T23:13:09","slug":"dikkat-vucudunuz-konusuyor","status":"publish","type":"product","link":"https:\/\/roveyayinevi.com.tr\/index.php\/urun\/dikkat-vucudunuz-konusuyor\/","title":{"rendered":"Dikkat V\u00fccudunuz Konu\u015fuyor"},"content":{"rendered":"<p>\u0130nsanlar\u0131n beden dili bir\u00e7ok ipucu veriyor. \u0130stiyorum ki gen\u00e7ler sizin mesajlar\u0131n\u0131z\u0131 als\u0131nlar. Sizin i\u00e7in &#8220;ilim ve bilim \u00e7e\u015fmesi&#8221; s\u0131fat\u0131 az gelir. \u0130shak AlatonAlarko Holding Y\u00f6netim Kurulu Ba\u015fkan\u0131 Sizi Dikkat V\u00fccudunuz Konu\u015fuyor kitab\u0131n\u0131zla tan\u0131d\u0131m. M\u00fcthi\u015f bir kitap. Al\u0131p eve gittim, o gece saat \u00fc\u00e7te bitirdim. Sonra be\u015f kere daha okudum. Di\u011fer kitaplar\u0131n\u0131z\u0131 da iki\u015fer defa okudum. Art\u0131k ak\u0131lland\u0131m; her g\u00fcn iki b\u00f6l\u00fcm\u00fc \u00fc\u00e7-d\u00f6rt defa okuyorum, kitap ge\u00e7 bitiyor. \u0130lker Sa\u011fl\u0131k\u0130\u015f Adam\u0131 Bu kitap, &#8220;en \u00e7ok satanlar&#8221; kadar, &#8220;en \u00e7ok okunanlar&#8221; listesindeki yerini y\u0131llard\u0131r koruyor. Mehmet \u00d6zBilim ve Sanat Kitabevi Yata\u011fa uzan\u0131rken uykunuzu getirsin diye elinize ald\u0131\u011f\u0131n\u0131z bir kitab\u0131n b\u00fct\u00fcn gece sizi uyutmad\u0131\u011f\u0131 oldu mu? Dikkat V\u00fccudunuz Konu\u015fuyor b\u00f6yle bir kitap. Dr. \u00d6ner G\u00f6v Y\u0131llard\u0131r yerli veya yabanc\u0131 uzmanlar\u0131n verdi\u011fi \u00fcst d\u00fczey bir\u00e7ok e\u011fitim program\u0131na kat\u0131ld\u0131m. Bu kitaba konu olan seminer kadar etkileyici olan\u0131yla kar\u015f\u0131la\u015fmad\u0131\u011f\u0131m\u0131 rahatl\u0131kla s\u00f6yleyebilirim. Atilla Okumu\u015fJumbo A\u015e Genel M\u00fcd\u00fcr\u00fc \u0130\u015f ya\u015fam\u0131ndaki ba\u015far\u0131lar\u0131n\u0131 uzun s\u00fcredir yak\u0131ndan izledi\u011fim Ahmet \u015eerif \u0130zg\u00f6ren&#8217;in deneyimlerini okumak \u00e7ok etkileyiciydi. Herkesin, hayatla ilgili \u00e7ok \u015fey \u00f6\u011frenece\u011fi bir kitap. Prof. Dr. Vahap Katkat Bu kitap i\u00e7in keyifli ve etkileyici kelimelerinin yetersiz oldu\u011funu d\u00fc\u015f\u00fcn\u00fcyorum. Fark\u0131nda olmad\u0131\u011f\u0131m\u0131z bir hayat\u0131n bize sunulu\u015fu, demek daha do\u011fru olur. Prof. Dr. Cihan Ak\u00e7aboy Okudu\u011funuz ve unutamad\u0131\u011f\u0131n\u0131z kitaplar iki elin parmaklar\u0131 kadard\u0131r. Bu, kesinlikle onlardan birisi. Bu kitap alan\u0131nda bir BEST SELLER. \u0130smail \u0130\u011fdeli <\/p>\n","protected":false},"excerpt":{"rendered":"<p>\u0130nsanlar\u0131n beden dili bir\u00e7ok ipucu veriyor. \u0130stiyorum ki gen\u00e7ler sizin mesajlar\u0131n\u0131z\u0131 als\u0131nlar. Sizin i\u00e7in &#8220;ilim ve bilim \u00e7e\u015fmesi&#8221; s\u0131fat\u0131 az gelir. \u0130shak AlatonAlarko Holding Y\u00f6netim Kurulu<span class=\"excerpt-hellip\"> [\u2026]<\/span><\/p>\n","protected":false},"featured_media":0,"template":"","meta":{"_monsterinsights_skip_tracking":false,"_monsterinsights_sitenote_active":false,"_monsterinsights_sitenote_note":"","_monsterinsights_sitenote_category":0},"product_brand":[],"product_cat":[13043,14754],"product_tag":[],"class_list":{"0":"post-704190","1":"product","2":"type-product","3":"status-publish","5":"product_cat-ekonomi","6":"product_cat-halkla-iliskiler-insan-kaynaklari","7":"pa_cilt-ciltsiz","8":"pa_tur-kitap","9":"pa_yayinevi-elma-yayinevi","10":"pa_yazar-ahmet-serif-izgoren","12":"first","13":"instock","14":"sale","15":"shipping-taxable","16":"purchasable","17":"product-type-simple"},"_links":{"self":[{"href":"https:\/\/roveyayinevi.com.tr\/index.php\/wp-json\/wp\/v2\/product\/704190","targetHints":{"allow":["GET"]}}],"collection":[{"href":"https:\/\/roveyayinevi.com.tr\/index.php\/wp-json\/wp\/v2\/product"}],"about":[{"href":"https:\/\/roveyayinevi.com.tr\/index.php\/wp-json\/wp\/v2\/types\/product"}],"wp:attachment":[{"href":"https:\/\/roveyayinevi.com.tr\/index.php\/wp-json\/wp\/v2\/media?parent=704190"}],"wp:term":[{"taxonomy":"product_brand","embeddable":true,"href":"https:\/\/roveyayinevi.com.tr\/index.php\/wp-json\/wp\/v2\/product_brand?post=704190"},{"taxonomy":"product_cat","embeddable":true,"href":"https:\/\/roveyayinevi.com.tr\/index.php\/wp-json\/wp\/v2\/product_cat?post=704190"},{"taxonomy":"product_tag","embeddable":true,"href":"https:\/\/roveyayinevi.com.tr\/index.php\/wp-json\/wp\/v2\/product_tag?post=704190"}],"curies":[{"name":"wp","href":"https:\/\/api.w.org\/{rel}","templated":true}]}}