{"id":704185,"date":"2025-08-27T15:33:01","date_gmt":"2025-08-27T12:33:01","guid":{"rendered":"https:\/\/roveyayinevi.com.tr\/index.php\/urun\/nevrozlar-psikanalize-giris-2\/"},"modified":"2026-04-16T02:13:09","modified_gmt":"2026-04-15T23:13:09","slug":"nevrozlar-psikanalize-giris-2","status":"publish","type":"product","link":"https:\/\/roveyayinevi.com.tr\/index.php\/urun\/nevrozlar-psikanalize-giris-2\/","title":{"rendered":"Nevrozlar &#8211; Psikanalize Giri\u015f 2"},"content":{"rendered":"<p>Freud\u2019un 1916-1917 y\u0131llar\u0131 aras\u0131nda geni\u015f bir dinleyici kitlesine vermi\u015f oldu\u011fu temel psikanaliz konferanslar\u0131 \u00fczerinden kaleme ald\u0131\u011f\u0131 Psikanalize Giri\u015f\u2019in nevrozlarla ilgili k\u0131sm\u0131 olan bu kitap, toplam 16 ders niteli\u011findeki b\u00f6l\u00fcmden olu\u015fuyor. \ufffcTan\u0131t\u0131m Metni<\/p>\n","protected":false},"excerpt":{"rendered":"<p>Freud\u2019un 1916-1917 y\u0131llar\u0131 aras\u0131nda geni\u015f bir dinleyici kitlesine vermi\u015f oldu\u011fu temel psikanaliz konferanslar\u0131 \u00fczerinden kaleme ald\u0131\u011f\u0131 Psikanalize Giri\u015f\u2019in nevrozlarla ilgili k\u0131sm\u0131 olan bu kitap, toplam 16<span class=\"excerpt-hellip\"> [\u2026]<\/span><\/p>\n","protected":false},"featured_media":0,"template":"","meta":{"_monsterinsights_skip_tracking":false,"_monsterinsights_sitenote_active":false,"_monsterinsights_sitenote_note":"","_monsterinsights_sitenote_category":0},"product_brand":[],"product_cat":[12358,12357],"product_tag":[],"class_list":{"0":"post-704185","1":"product","2":"type-product","3":"status-publish","5":"product_cat-genel-psikoloji","6":"product_cat-psikoloji","7":"pa_cilt-ciltsiz","8":"pa_tur-kitap","9":"pa_yayinevi-say-yayinlari","10":"pa_yazar-sigmund-freud","12":"first","13":"instock","14":"sale","15":"shipping-taxable","16":"purchasable","17":"product-type-simple"},"_links":{"self":[{"href":"https:\/\/roveyayinevi.com.tr\/index.php\/wp-json\/wp\/v2\/product\/704185","targetHints":{"allow":["GET"]}}],"collection":[{"href":"https:\/\/roveyayinevi.com.tr\/index.php\/wp-json\/wp\/v2\/product"}],"about":[{"href":"https:\/\/roveyayinevi.com.tr\/index.php\/wp-json\/wp\/v2\/types\/product"}],"wp:attachment":[{"href":"https:\/\/roveyayinevi.com.tr\/index.php\/wp-json\/wp\/v2\/media?parent=704185"}],"wp:term":[{"taxonomy":"product_brand","embeddable":true,"href":"https:\/\/roveyayinevi.com.tr\/index.php\/wp-json\/wp\/v2\/product_brand?post=704185"},{"taxonomy":"product_cat","embeddable":true,"href":"https:\/\/roveyayinevi.com.tr\/index.php\/wp-json\/wp\/v2\/product_cat?post=704185"},{"taxonomy":"product_tag","embeddable":true,"href":"https:\/\/roveyayinevi.com.tr\/index.php\/wp-json\/wp\/v2\/product_tag?post=704185"}],"curies":[{"name":"wp","href":"https:\/\/api.w.org\/{rel}","templated":true}]}}