{"id":704182,"date":"2025-08-27T15:32:59","date_gmt":"2025-08-27T12:32:59","guid":{"rendered":"https:\/\/roveyayinevi.com.tr\/index.php\/urun\/kucuk-prens-8\/"},"modified":"2026-04-16T02:13:09","modified_gmt":"2026-04-15T23:13:09","slug":"kucuk-prens-8","status":"publish","type":"product","link":"https:\/\/roveyayinevi.com.tr\/index.php\/urun\/kucuk-prens-8\/","title":{"rendered":"K\u00fc\u00e7\u00fck Prens"},"content":{"rendered":"<p>U\u00e7a\u011f\u0131n\u0131 Sahra \u00c7\u00f6l\u00fc\u2019ne indirmek zorunda kalan bir pilot, orada k\u00fc\u00e7\u00fck bir \u00e7ocukla kar\u015f\u0131la\u015f\u0131r. Ad\u0131 K\u00fc\u00e7\u00fck Prens\u2019tir. \u00c7ocuk ona \u00fc\u00e7 yanarda\u011f\u0131n ve muhte\u015fem bir \u00e7i\u00e7e\u011fin var oldu\u011fu gezegeni hakk\u0131nda b\u00fcy\u00fcl\u00fc ve inan\u0131lmaz \u00f6yk\u00fcler anlat\u0131r. Ve e\u015fsiz bir dostlu\u011fun s\u00fcregidece\u011fi bir ser\u00fcven ba\u015flar. <\/p>\n","protected":false},"excerpt":{"rendered":"<p>U\u00e7a\u011f\u0131n\u0131 Sahra \u00c7\u00f6l\u00fc\u2019ne indirmek zorunda kalan bir pilot, orada k\u00fc\u00e7\u00fck bir \u00e7ocukla kar\u015f\u0131la\u015f\u0131r. Ad\u0131 K\u00fc\u00e7\u00fck Prens\u2019tir. \u00c7ocuk ona \u00fc\u00e7 yanarda\u011f\u0131n ve muhte\u015fem bir \u00e7i\u00e7e\u011fin var oldu\u011fu<span class=\"excerpt-hellip\"> [\u2026]<\/span><\/p>\n","protected":false},"featured_media":0,"template":"","meta":{"_monsterinsights_skip_tracking":false,"_monsterinsights_sitenote_active":false,"_monsterinsights_sitenote_note":"","_monsterinsights_sitenote_category":0},"product_brand":[],"product_cat":[12275,12274],"product_tag":[],"class_list":{"0":"post-704182","1":"product","2":"type-product","3":"status-publish","5":"product_cat-6-12-yas-kitaplari","6":"product_cat-cocuk-ve-genclik-kitaplari","7":"pa_cilt-ciltsiz","8":"pa_tur-kitap","9":"pa_yayinevi-altin-kitaplar","10":"pa_yazar-antonie-de-saint-exupery","12":"first","13":"instock","14":"sale","15":"shipping-taxable","16":"purchasable","17":"product-type-simple"},"_links":{"self":[{"href":"https:\/\/roveyayinevi.com.tr\/index.php\/wp-json\/wp\/v2\/product\/704182","targetHints":{"allow":["GET"]}}],"collection":[{"href":"https:\/\/roveyayinevi.com.tr\/index.php\/wp-json\/wp\/v2\/product"}],"about":[{"href":"https:\/\/roveyayinevi.com.tr\/index.php\/wp-json\/wp\/v2\/types\/product"}],"wp:attachment":[{"href":"https:\/\/roveyayinevi.com.tr\/index.php\/wp-json\/wp\/v2\/media?parent=704182"}],"wp:term":[{"taxonomy":"product_brand","embeddable":true,"href":"https:\/\/roveyayinevi.com.tr\/index.php\/wp-json\/wp\/v2\/product_brand?post=704182"},{"taxonomy":"product_cat","embeddable":true,"href":"https:\/\/roveyayinevi.com.tr\/index.php\/wp-json\/wp\/v2\/product_cat?post=704182"},{"taxonomy":"product_tag","embeddable":true,"href":"https:\/\/roveyayinevi.com.tr\/index.php\/wp-json\/wp\/v2\/product_tag?post=704182"}],"curies":[{"name":"wp","href":"https:\/\/api.w.org\/{rel}","templated":true}]}}