{"id":704181,"date":"2025-08-27T15:32:59","date_gmt":"2025-08-27T12:32:59","guid":{"rendered":"https:\/\/roveyayinevi.com.tr\/index.php\/urun\/amsterdam-gezi-rehberi\/"},"modified":"2026-04-16T02:13:09","modified_gmt":"2026-04-15T23:13:09","slug":"amsterdam-gezi-rehberi","status":"publish","type":"product","link":"https:\/\/roveyayinevi.com.tr\/index.php\/urun\/amsterdam-gezi-rehberi\/","title":{"rendered":"Amsterdam Gezi Rehberi"},"content":{"rendered":"<p>Bu y\u00fcr\u00fcy\u00fc\u015fte, Arnavut kald\u0131r\u0131ml\u0131 sokaklar\u0131n ve kanallar boyunca uzanan evlerin k\u0131rm\u0131z\u0131 tu\u011flalar\u0131n\u0131, kemerli, yumu\u015fak kamburlu ve geceleri \u0131\u015f\u0131klarla s\u00fcslenen k\u00f6pr\u00fcleri ve bisikletlerinde s\u0131rtlar\u0131 dimdik dola\u015fan Amsterdam\u2019l\u0131lar\u0131 g\u00f6r\u00fcr\u00fcm. Yukar\u0131 bak\u0131nca \u00e7at\u0131lar\u0131n kenarlar\u0131 deniz canavarlar\u0131, deniz k\u0131zlar\u0131, azizler ve gamzeli melek \u00e7ocuk heykelleri gibi co\u015fkulu s\u00fcslerle ile doludur. A\u015fa\u011f\u0131 bak\u0131nca ise bu \u00fc\u00e7gen \u00e7at\u0131l\u0131 d\u00fcnya, bir sualt\u0131 yank\u0131s\u0131 gibi kanallardan geri yans\u0131r. Avrupa\u2019n\u0131n en b\u00fcy\u00fck tarihi merkezinin kanal a\u011f\u0131nda y\u00fcr\u00fcmek sanki zamanda donmu\u015f bir baloncu\u011fun i\u00e7inde gezmek gibi bir \u015feydir. E\u011fer g\u00fcne\u015fli bir Cumartesi g\u00fcn\u00fc ise, b\u00fcy\u00fck tekerlekler halinde sunulan, \u00fcst\u00fc parafin balmumu kapl\u0131, yar\u0131\/sert Edam peyniri sat\u0131lan Noordermarkt\u2019dan ge\u00e7erim; ya da bir ko\u015fu engin, bulutlu g\u00f6ky\u00fcz\u00fcn\u00fcn alt\u0131nda Hollanda manzaralar\u0131n\u0131 resmetmi\u015f sanat\u00e7\u0131n\u0131n resimlerinin bulundu\u011fu Van Gogh M\u00fczesi\u2019ni gezerim. Fakat karanl\u0131k bast\u0131rmadan da, kanallara d\u00f6ner ve g\u00fcne\u015fin, suya dalmaya haz\u0131rm\u0131\u015f gibi g\u00f6r\u00fcnen heykelden deniz k\u0131zlar\u0131n\u0131n arkas\u0131nda batmas\u0131n\u0131 izlerim. Bu rehber size, Amsterdam \u015fehrini sar\u0131p kesi\u015fen kanallar\u0131n\u0131 ke\u015ffetmenize yard\u0131mc\u0131 olacakt\u0131r. <\/p>\n","protected":false},"excerpt":{"rendered":"<p>Bu y\u00fcr\u00fcy\u00fc\u015fte, Arnavut kald\u0131r\u0131ml\u0131 sokaklar\u0131n ve kanallar boyunca uzanan evlerin k\u0131rm\u0131z\u0131 tu\u011flalar\u0131n\u0131, kemerli, yumu\u015fak kamburlu ve geceleri \u0131\u015f\u0131klarla s\u00fcslenen k\u00f6pr\u00fcleri ve bisikletlerinde s\u0131rtlar\u0131 dimdik dola\u015fan Amsterdam\u2019l\u0131lar\u0131<span class=\"excerpt-hellip\"> [\u2026]<\/span><\/p>\n","protected":false},"featured_media":0,"template":"","meta":{"_monsterinsights_skip_tracking":false,"_monsterinsights_sitenote_active":false,"_monsterinsights_sitenote_note":"","_monsterinsights_sitenote_category":0},"product_brand":[],"product_cat":[13055,13054],"product_tag":[],"class_list":{"0":"post-704181","1":"product","2":"type-product","3":"status-publish","5":"product_cat-gezi-rehberi","6":"product_cat-gezi-ve-rehber-kitaplari","7":"pa_tur-kitap","8":"pa_yayinevi-beta-kids","9":"pa_yazar-kolektif","11":"first","12":"instock","13":"sale","14":"shipping-taxable","15":"purchasable","16":"product-type-simple"},"_links":{"self":[{"href":"https:\/\/roveyayinevi.com.tr\/index.php\/wp-json\/wp\/v2\/product\/704181","targetHints":{"allow":["GET"]}}],"collection":[{"href":"https:\/\/roveyayinevi.com.tr\/index.php\/wp-json\/wp\/v2\/product"}],"about":[{"href":"https:\/\/roveyayinevi.com.tr\/index.php\/wp-json\/wp\/v2\/types\/product"}],"wp:attachment":[{"href":"https:\/\/roveyayinevi.com.tr\/index.php\/wp-json\/wp\/v2\/media?parent=704181"}],"wp:term":[{"taxonomy":"product_brand","embeddable":true,"href":"https:\/\/roveyayinevi.com.tr\/index.php\/wp-json\/wp\/v2\/product_brand?post=704181"},{"taxonomy":"product_cat","embeddable":true,"href":"https:\/\/roveyayinevi.com.tr\/index.php\/wp-json\/wp\/v2\/product_cat?post=704181"},{"taxonomy":"product_tag","embeddable":true,"href":"https:\/\/roveyayinevi.com.tr\/index.php\/wp-json\/wp\/v2\/product_tag?post=704181"}],"curies":[{"name":"wp","href":"https:\/\/api.w.org\/{rel}","templated":true}]}}