{"id":704180,"date":"2025-08-27T15:32:58","date_gmt":"2025-08-27T12:32:58","guid":{"rendered":"https:\/\/roveyayinevi.com.tr\/index.php\/urun\/ayin-iki-yuzu\/"},"modified":"2026-04-16T02:13:09","modified_gmt":"2026-04-15T23:13:09","slug":"ayin-iki-yuzu","status":"publish","type":"product","link":"https:\/\/roveyayinevi.com.tr\/index.php\/urun\/ayin-iki-yuzu\/","title":{"rendered":"Ay\u0131n \u0130ki Y\u00fcz\u00fc"},"content":{"rendered":"<p>Biri olmad\u0131\u011f\u0131nda, di\u011ferinin anlam\u0131 kalm\u0131yordu\u2026Kitaplar\u0131 pek \u00e7ok dile \u00e7evrilen Manuela Salvi, T\u00fcrk\u00e7e\u2019deki bu ilk roman\u0131nda su\u00e7 d\u00fcnyas\u0131n\u0131n i\u00e7ine s\u0131k\u0131\u015fan iki gencin masumiyetini ve a\u015fk\u0131n ya\u015fanabilirli\u011fini sorguluyor. Birbirinin z\u0131tt\u0131 ko\u015fullarda ya\u015fayan ve bir araya gelmesi olanaks\u0131z gibi g\u00f6z\u00fcken gen\u00e7leri sanat\u0131n s\u0131n\u0131rs\u0131zl\u0131\u011f\u0131nda bulu\u015fturan yazar, sevginin g\u00fcc\u00fcn\u00fc hat\u0131rlat\u0131yor. Tutkulu bir hik\u00e2yeyi yal\u0131n bir dille anlatmay\u0131 ba\u015faran Salvi, \u0130talya\u2019n\u0131n s\u0131cak bir kentinde zorlu ya\u015famlardan kesitler sunuyor.Aralar\u0131ndaki mesafe ne kadar k\u0131sal\u0131rsa k\u0131sals\u0131n, ikisi de Ay\u2019\u0131n iki farkl\u0131 y\u00fcz\u00fcnde ya\u015f\u0131yorlard\u0131. Bianca ve Manuel. Biri ayd\u0131nl\u0131kta, di\u011feri karanl\u0131kta. Ama biri olmad\u0131\u011f\u0131nda di\u011ferinin de anlam\u0131 kalm\u0131yordu. Payla\u015ft\u0131klar\u0131 bu a\u015fk\u0131n bir yar\u0131n\u0131 olabilir miydi? Ailevi sorunlar, ge\u00e7mi\u015fin travmalar\u0131, hayallerle ger\u00e7eklerin amans\u0131z sava\u015f\u0131, iki genci de \u00f6ng\u00f6remedikleri bir cenderenin i\u00e7ine itmi\u015fti. Yaln\u0131zca resim ve m\u00fczik ikisine de ayn\u0131 \u015feyleri s\u00f6yler, tutkular\u0131n\u0131 ortak bir dilde do\u011frular, \u00e7\u0131kmazlar\u0131n \u00f6tesini g\u00f6rmelerini sa\u011flar gibiydi. Yine de yar\u0131nlar\u0131 belirsiz, bug\u00fcnleriyse \u00e7ok tekinsizdi\u2026<\/p>\n","protected":false},"excerpt":{"rendered":"<p>Biri olmad\u0131\u011f\u0131nda, di\u011ferinin anlam\u0131 kalm\u0131yordu\u2026Kitaplar\u0131 pek \u00e7ok dile \u00e7evrilen Manuela Salvi, T\u00fcrk\u00e7e\u2019deki bu ilk roman\u0131nda su\u00e7 d\u00fcnyas\u0131n\u0131n i\u00e7ine s\u0131k\u0131\u015fan iki gencin masumiyetini ve a\u015fk\u0131n ya\u015fanabilirli\u011fini sorguluyor.<span class=\"excerpt-hellip\"> [\u2026]<\/span><\/p>\n","protected":false},"featured_media":0,"template":"","meta":{"_monsterinsights_skip_tracking":false,"_monsterinsights_sitenote_active":false,"_monsterinsights_sitenote_note":"","_monsterinsights_sitenote_category":0},"product_brand":[],"product_cat":[12291,12711],"product_tag":[],"class_list":{"0":"post-704180","1":"product","2":"type-product","3":"status-publish","5":"product_cat-edebiyat","6":"product_cat-roman-oyku","7":"pa_cilt-ciltsiz","8":"pa_tur-kitap","9":"pa_yayinevi-on8-kitap","10":"pa_yazar-manuela-salvi","12":"first","13":"instock","14":"sale","15":"shipping-taxable","16":"purchasable","17":"product-type-simple"},"_links":{"self":[{"href":"https:\/\/roveyayinevi.com.tr\/index.php\/wp-json\/wp\/v2\/product\/704180","targetHints":{"allow":["GET"]}}],"collection":[{"href":"https:\/\/roveyayinevi.com.tr\/index.php\/wp-json\/wp\/v2\/product"}],"about":[{"href":"https:\/\/roveyayinevi.com.tr\/index.php\/wp-json\/wp\/v2\/types\/product"}],"wp:attachment":[{"href":"https:\/\/roveyayinevi.com.tr\/index.php\/wp-json\/wp\/v2\/media?parent=704180"}],"wp:term":[{"taxonomy":"product_brand","embeddable":true,"href":"https:\/\/roveyayinevi.com.tr\/index.php\/wp-json\/wp\/v2\/product_brand?post=704180"},{"taxonomy":"product_cat","embeddable":true,"href":"https:\/\/roveyayinevi.com.tr\/index.php\/wp-json\/wp\/v2\/product_cat?post=704180"},{"taxonomy":"product_tag","embeddable":true,"href":"https:\/\/roveyayinevi.com.tr\/index.php\/wp-json\/wp\/v2\/product_tag?post=704180"}],"curies":[{"name":"wp","href":"https:\/\/api.w.org\/{rel}","templated":true}]}}