{"id":704178,"date":"2025-08-27T15:32:57","date_gmt":"2025-08-27T12:32:57","guid":{"rendered":"https:\/\/roveyayinevi.com.tr\/index.php\/urun\/mavi-karanlik\/"},"modified":"2026-04-16T02:13:09","modified_gmt":"2026-04-15T23:13:09","slug":"mavi-karanlik","status":"publish","type":"product","link":"https:\/\/roveyayinevi.com.tr\/index.php\/urun\/mavi-karanlik\/","title":{"rendered":"Mavi Karanl\u0131k"},"content":{"rendered":"<p>Bir kez bir \u00fclkede, dedi \u00d6zg\u00fcr, ho\u015fg\u00f6r\u00fc yok, d\u00fc\u015f\u00fcnceden, d\u00fc\u015f\u00fcnmekten korku yayg\u0131nla\u015ft\u0131r\u0131l\u0131yorsa ne parlamentosu, ne \u00f6zg\u00fcrl\u00fc\u011f\u00fc be; ne demokrasisi?.. \u2019Ya tam susturaca\u011f\u0131z; ya kan kusturaca\u011f\u0131z,\u2019 diye bas bas ba\u011f\u0131r\u0131yor adam. Yani onun gibi d\u00fc\u015f\u00fcnmedin mi yasak koyuyor, \u00f6ld\u00fcrecek seni\u2026 Sonra da elini kolunu sallayarak dola\u015fabiliyorsa hangi \u00f6zg\u00fcrl\u00fck be? B\u0131rak ki elini kolunu da sallam\u0131yor bo\u015fu bo\u015funa; bomba sall\u0131yor, b\u0131\u00e7ak sall\u0131yor, kur\u015fun s\u0131k\u0131yor\u2026 \ufffcTan\u0131t\u0131m Metni<\/p>\n","protected":false},"excerpt":{"rendered":"<p>Bir kez bir \u00fclkede, dedi \u00d6zg\u00fcr, ho\u015fg\u00f6r\u00fc yok, d\u00fc\u015f\u00fcnceden, d\u00fc\u015f\u00fcnmekten korku yayg\u0131nla\u015ft\u0131r\u0131l\u0131yorsa ne parlamentosu, ne \u00f6zg\u00fcrl\u00fc\u011f\u00fc be; ne demokrasisi?.. \u2019Ya tam susturaca\u011f\u0131z; ya kan kusturaca\u011f\u0131z,\u2019 diye<span class=\"excerpt-hellip\"> [\u2026]<\/span><\/p>\n","protected":false},"featured_media":0,"template":"","meta":{"_monsterinsights_skip_tracking":false,"_monsterinsights_sitenote_active":false,"_monsterinsights_sitenote_note":"","_monsterinsights_sitenote_category":0},"product_brand":[],"product_cat":[12291,12711],"product_tag":[],"class_list":{"0":"post-704178","1":"product","2":"type-product","3":"status-publish","5":"product_cat-edebiyat","6":"product_cat-roman-oyku","7":"pa_cilt-ciltsiz","8":"pa_tur-kitap","9":"pa_yayinevi-ayrinti-yayinlari","10":"pa_yazar-vedat-turkali","12":"first","13":"instock","14":"sale","15":"shipping-taxable","16":"purchasable","17":"product-type-simple"},"_links":{"self":[{"href":"https:\/\/roveyayinevi.com.tr\/index.php\/wp-json\/wp\/v2\/product\/704178","targetHints":{"allow":["GET"]}}],"collection":[{"href":"https:\/\/roveyayinevi.com.tr\/index.php\/wp-json\/wp\/v2\/product"}],"about":[{"href":"https:\/\/roveyayinevi.com.tr\/index.php\/wp-json\/wp\/v2\/types\/product"}],"wp:attachment":[{"href":"https:\/\/roveyayinevi.com.tr\/index.php\/wp-json\/wp\/v2\/media?parent=704178"}],"wp:term":[{"taxonomy":"product_brand","embeddable":true,"href":"https:\/\/roveyayinevi.com.tr\/index.php\/wp-json\/wp\/v2\/product_brand?post=704178"},{"taxonomy":"product_cat","embeddable":true,"href":"https:\/\/roveyayinevi.com.tr\/index.php\/wp-json\/wp\/v2\/product_cat?post=704178"},{"taxonomy":"product_tag","embeddable":true,"href":"https:\/\/roveyayinevi.com.tr\/index.php\/wp-json\/wp\/v2\/product_tag?post=704178"}],"curies":[{"name":"wp","href":"https:\/\/api.w.org\/{rel}","templated":true}]}}