{"id":704177,"date":"2025-08-27T15:32:57","date_gmt":"2025-08-27T12:32:57","guid":{"rendered":"https:\/\/roveyayinevi.com.tr\/index.php\/urun\/milliyetciligin-yuzleri-janusa-yeni-bir-bakis\/"},"modified":"2026-04-16T02:13:09","modified_gmt":"2026-04-15T23:13:09","slug":"milliyetciligin-yuzleri-janusa-yeni-bir-bakis","status":"publish","type":"product","link":"https:\/\/roveyayinevi.com.tr\/index.php\/urun\/milliyetciligin-yuzleri-janusa-yeni-bir-bakis\/","title":{"rendered":"Milliyet\u00e7ili\u011fin Y\u00fczleri: Janus&#8217;a Yeni Bir Bak\u0131\u015f"},"content":{"rendered":"<p>\u201cModern felsefenin esas konusu sanayile\u015fme de\u011fil, milliyet\u00e7iliktir; buhar makinesi ve bilgisayar de\u011fil, ulustur. Alman felsefesi (Marksizm dahil olmak \u00fczere), sanc\u0131l\u0131 bir olu\u015fum \u00e7a\u011f\u0131ndaki Almanya\u2019yla ilgiliydi; \u0130ngiliz ampirizmi, serbest ticaret ve ilkel end\u00fcstriyel hegemonya devrindeki Anglo-Britonlarla ilgiliydi; Amerikan pragmatizmi, Bat\u0131 s\u0131n\u0131r\u0131na dayan\u0131lmas\u0131n\u0131n ard\u0131ndan ABD demokrasisinin yay\u0131lmas\u0131yla ilgiliydi; Frans\u0131z varolu\u015f\u00e7ulu\u011fu, 1789 Cumhuriyet\u00e7ili\u011finin yirminci y\u00fczy\u0131ldaki yenilgilerinin ard\u0131ndan d\u00fc\u015ft\u00fc\u011f\u00fc a\u00e7maz\u0131 temsil ediyordu.\u201d \u00e7ocukluk hastal\u0131\u011f\u0131, sa\u00e7mal\u0131k, ak\u0131ld\u0131\u015f\u0131l\u0131k, kaba ilkellik&#8230; \u00d6tesi, modern \u00e7a\u011f\u0131n karanl\u0131k y\u00fcz\u00fc. G\u00fcn\u00fcm\u00fczde milliyet\u00e7ilik ile birlikte an\u0131lan onca benzer tan\u0131mlamaya bak\u0131l\u0131rsa, son kullanma tarihinin dolmas\u0131 murat edilen arkaik bir lanetten s\u00f6z ediliyor gibi. Peki, Nairn\u2019in milliyet\u00e7ili\u011fe atfen kulland\u0131\u011f\u0131 iki-y\u00fczl\u00fc Roma tanr\u0131s\u0131 \u201cJanus\u201d metaforu bize ne s\u00f6yl\u00fcyor olabilir? Kendilerini modernizmin \u201cilerlemecili\u011fi\u201d ve sanayile\u015fmenin y\u0131k\u0131c\u0131 h\u00fck\u00fcmranl\u0131\u011f\u0131 alt\u0131nda bitap d\u00fc\u015fm\u00fc\u015f hissedenler, \u201cy\u00fczlerini\u201d ge\u00e7mi\u015fe \u00e7evirdiklerinde ne g\u00f6r\u00fcyorlard\u0131? Milliyet\u00e7ilik, hangi arzulara cevap vererek i\u015flevselle\u015fiyordu? <\/p>\n","protected":false},"excerpt":{"rendered":"<p>\u201cModern felsefenin esas konusu sanayile\u015fme de\u011fil, milliyet\u00e7iliktir; buhar makinesi ve bilgisayar de\u011fil, ulustur. Alman felsefesi (Marksizm dahil olmak \u00fczere), sanc\u0131l\u0131 bir olu\u015fum \u00e7a\u011f\u0131ndaki Almanya\u2019yla ilgiliydi; \u0130ngiliz<span class=\"excerpt-hellip\"> [\u2026]<\/span><\/p>\n","protected":false},"featured_media":0,"template":"","meta":{"_monsterinsights_skip_tracking":false,"_monsterinsights_sitenote_active":false,"_monsterinsights_sitenote_note":"","_monsterinsights_sitenote_category":0},"product_brand":[],"product_cat":[13590,12337],"product_tag":[],"class_list":{"0":"post-704177","1":"product","2":"type-product","3":"status-publish","5":"product_cat-arastirma-inceleme-politika-siyaset","6":"product_cat-politika-siyaset","7":"pa_cilt-ciltsiz","8":"pa_tur-kitap","9":"pa_yayinevi-iletisim-yayinlari","10":"pa_yazar-tom-nairn","12":"first","13":"instock","14":"sale","15":"shipping-taxable","16":"purchasable","17":"product-type-simple"},"_links":{"self":[{"href":"https:\/\/roveyayinevi.com.tr\/index.php\/wp-json\/wp\/v2\/product\/704177","targetHints":{"allow":["GET"]}}],"collection":[{"href":"https:\/\/roveyayinevi.com.tr\/index.php\/wp-json\/wp\/v2\/product"}],"about":[{"href":"https:\/\/roveyayinevi.com.tr\/index.php\/wp-json\/wp\/v2\/types\/product"}],"wp:attachment":[{"href":"https:\/\/roveyayinevi.com.tr\/index.php\/wp-json\/wp\/v2\/media?parent=704177"}],"wp:term":[{"taxonomy":"product_brand","embeddable":true,"href":"https:\/\/roveyayinevi.com.tr\/index.php\/wp-json\/wp\/v2\/product_brand?post=704177"},{"taxonomy":"product_cat","embeddable":true,"href":"https:\/\/roveyayinevi.com.tr\/index.php\/wp-json\/wp\/v2\/product_cat?post=704177"},{"taxonomy":"product_tag","embeddable":true,"href":"https:\/\/roveyayinevi.com.tr\/index.php\/wp-json\/wp\/v2\/product_tag?post=704177"}],"curies":[{"name":"wp","href":"https:\/\/api.w.org\/{rel}","templated":true}]}}