{"id":704176,"date":"2025-08-27T15:32:56","date_gmt":"2025-08-27T12:32:56","guid":{"rendered":"https:\/\/roveyayinevi.com.tr\/index.php\/urun\/arkadasliktaki-saadete-dair\/"},"modified":"2026-04-16T02:13:09","modified_gmt":"2026-04-15T23:13:09","slug":"arkadasliktaki-saadete-dair","status":"publish","type":"product","link":"https:\/\/roveyayinevi.com.tr\/index.php\/urun\/arkadasliktaki-saadete-dair\/","title":{"rendered":"Arkada\u015fl\u0131ktaki Saadete Dair"},"content":{"rendered":"<p>\u0130\u00e7inde ya\u015fad\u0131\u011f\u0131m\u0131z modern \u015fehir hayat\u0131nda, bir yandan g\u00f6revler ve zorunlu ili\u015fkiler i\u00e7inde bo\u011fulurken, di\u011fer yandan kar\u015f\u0131 kutuptaki yaln\u0131zl\u0131k tehdidiyle ba\u015f etmeye \u00e7al\u0131\u015f\u0131yoruz. Bu ikilem kar\u015f\u0131s\u0131nda, arkada\u015fl\u0131k kavram\u0131 her ge\u00e7en g\u00fcn daha fazla de\u011fer kazan\u0131yor. Arkada\u015flar\u0131m\u0131z, hayat\u0131n zorluklar\u0131n\u0131 ve sars\u0131nt\u0131lar\u0131n\u0131 beraber savu\u015fturdu\u011fumuz s\u0131\u011f\u0131naklara d\u00f6n\u00fc\u015f\u00fcyor. Peki arkada\u015fl\u0131k tam olarak ne anlama geliyor? Wilhelm Schmid i\u015fte bu sorunun pe\u015fine d\u00fc\u015f\u00fcyor. Ger\u00e7ek bir arkada\u015f nas\u0131l olmal\u0131d\u0131r? Arkada\u015fl\u0131\u011f\u0131n farkl\u0131 t\u00fcrleri nelerdir? Ki\u015finin \u00e7ok arkada\u015f\u0131n\u0131n olmas\u0131 iyi ya da gerekli bir \u015fey midir? Nas\u0131l arkada\u015f edinilir? Arkada\u015fl\u0131\u011fa \u00f6zen g\u00f6stermek neleri kapsar? \u00d6m\u00fcr boyu arkada\u015f kalmak m\u00fcmk\u00fcn m\u00fcd\u00fcr? Arkada\u015fl\u0131k ili\u015fkisi duygusal, manevi ve zihinsel olarak bize ne kazand\u0131r\u0131r? Arkada\u015fl\u0131kta ya\u015fanan sorunlar nas\u0131l a\u015f\u0131l\u0131r? Kendimizle arkada\u015f olmak ne demektir ve gerekli midir? Samimiyet, yak\u0131nl\u0131k ve ilgi, arkada\u015fl\u0131\u011f\u0131n olmazsa olmazlar\u0131 m\u0131d\u0131r? Arkada\u015fs\u0131z kalmak hayat\u0131m\u0131zda nas\u0131l bir yoksunlu\u011fa yol a\u00e7ar?A\u015fk, Sakin Olmak ve Mutsuz Olmak kitaplar\u0131ndan tan\u0131d\u0131\u011f\u0131m\u0131z Wilhelm Schmid, Arkada\u015fl\u0131ktaki Saadete Dair\u2019de, doygun bir hayat s\u00fcrmek i\u00e7in \u00e7evremizdekilerle s\u0131k\u0131 ili\u015fkiler kurman\u0131n ka\u00e7\u0131n\u0131lmazl\u0131\u011f\u0131n\u0131 tart\u0131\u015f\u0131yor.<\/p>\n","protected":false},"excerpt":{"rendered":"<p>\u0130\u00e7inde ya\u015fad\u0131\u011f\u0131m\u0131z modern \u015fehir hayat\u0131nda, bir yandan g\u00f6revler ve zorunlu ili\u015fkiler i\u00e7inde bo\u011fulurken, di\u011fer yandan kar\u015f\u0131 kutuptaki yaln\u0131zl\u0131k tehdidiyle ba\u015f etmeye \u00e7al\u0131\u015f\u0131yoruz. Bu ikilem kar\u015f\u0131s\u0131nda, arkada\u015fl\u0131k<span class=\"excerpt-hellip\"> [\u2026]<\/span><\/p>\n","protected":false},"featured_media":0,"template":"","meta":{"_monsterinsights_skip_tracking":false,"_monsterinsights_sitenote_active":false,"_monsterinsights_sitenote_note":"","_monsterinsights_sitenote_category":0},"product_brand":[],"product_cat":[12312,12304],"product_tag":[],"class_list":{"0":"post-704176","1":"product","2":"type-product","3":"status-publish","5":"product_cat-diger","6":"product_cat-tarih","7":"pa_cilt-ciltsiz","8":"pa_tur-kitap","9":"pa_yayinevi-iletisim-yayinlari","10":"pa_yazar-wilhelm-schmid","12":"first","13":"instock","14":"sale","15":"shipping-taxable","16":"purchasable","17":"product-type-simple"},"_links":{"self":[{"href":"https:\/\/roveyayinevi.com.tr\/index.php\/wp-json\/wp\/v2\/product\/704176","targetHints":{"allow":["GET"]}}],"collection":[{"href":"https:\/\/roveyayinevi.com.tr\/index.php\/wp-json\/wp\/v2\/product"}],"about":[{"href":"https:\/\/roveyayinevi.com.tr\/index.php\/wp-json\/wp\/v2\/types\/product"}],"wp:attachment":[{"href":"https:\/\/roveyayinevi.com.tr\/index.php\/wp-json\/wp\/v2\/media?parent=704176"}],"wp:term":[{"taxonomy":"product_brand","embeddable":true,"href":"https:\/\/roveyayinevi.com.tr\/index.php\/wp-json\/wp\/v2\/product_brand?post=704176"},{"taxonomy":"product_cat","embeddable":true,"href":"https:\/\/roveyayinevi.com.tr\/index.php\/wp-json\/wp\/v2\/product_cat?post=704176"},{"taxonomy":"product_tag","embeddable":true,"href":"https:\/\/roveyayinevi.com.tr\/index.php\/wp-json\/wp\/v2\/product_tag?post=704176"}],"curies":[{"name":"wp","href":"https:\/\/api.w.org\/{rel}","templated":true}]}}