{"id":704175,"date":"2025-08-27T15:32:56","date_gmt":"2025-08-27T12:32:56","guid":{"rendered":"https:\/\/roveyayinevi.com.tr\/index.php\/urun\/yuz-ask-sonesi\/"},"modified":"2026-04-16T02:13:09","modified_gmt":"2026-04-15T23:13:09","slug":"yuz-ask-sonesi","status":"publish","type":"product","link":"https:\/\/roveyayinevi.com.tr\/index.php\/urun\/yuz-ask-sonesi\/","title":{"rendered":"Y\u00fcz A\u015fk Sonesi"},"content":{"rendered":"<p>\u201c(\u2026) Elimdeki iki anahtar sanki;biri sevmek seni,\u00f6b\u00fcr\u00fc sevmemek,biri mutluluk,mutsuzluk;bir yazg\u0131 ihtimali \u00f6b\u00fcr\u00fc.\u0130ki ihtimali var a\u015fk\u0131m\u0131n seni severken.Bundand\u0131rseni sevdi\u011fim zaman da sevmemek,bundand\u0131rseni sevdi\u011fim zaman dasevmek.\u201d <\/p>\n","protected":false},"excerpt":{"rendered":"<p>\u201c(\u2026) Elimdeki iki anahtar sanki;biri sevmek seni,\u00f6b\u00fcr\u00fc sevmemek,biri mutluluk,mutsuzluk;bir yazg\u0131 ihtimali \u00f6b\u00fcr\u00fc.\u0130ki ihtimali var a\u015fk\u0131m\u0131n seni severken.Bundand\u0131rseni sevdi\u011fim zaman da sevmemek,bundand\u0131rseni sevdi\u011fim zaman dasevmek.\u201d<\/p>\n","protected":false},"featured_media":0,"template":"","meta":{"_monsterinsights_skip_tracking":false,"_monsterinsights_sitenote_active":false,"_monsterinsights_sitenote_note":"","_monsterinsights_sitenote_category":0},"product_brand":[],"product_cat":[12291,12509],"product_tag":[],"class_list":{"0":"post-704175","1":"product","2":"type-product","3":"status-publish","5":"product_cat-edebiyat","6":"product_cat-siir","7":"pa_cilt-ciltsiz","8":"pa_tur-kitap","9":"pa_yayinevi-islik-yayinlari","10":"pa_yazar-pablo-neruda","12":"first","13":"instock","14":"sale","15":"shipping-taxable","16":"purchasable","17":"product-type-simple"},"_links":{"self":[{"href":"https:\/\/roveyayinevi.com.tr\/index.php\/wp-json\/wp\/v2\/product\/704175","targetHints":{"allow":["GET"]}}],"collection":[{"href":"https:\/\/roveyayinevi.com.tr\/index.php\/wp-json\/wp\/v2\/product"}],"about":[{"href":"https:\/\/roveyayinevi.com.tr\/index.php\/wp-json\/wp\/v2\/types\/product"}],"wp:attachment":[{"href":"https:\/\/roveyayinevi.com.tr\/index.php\/wp-json\/wp\/v2\/media?parent=704175"}],"wp:term":[{"taxonomy":"product_brand","embeddable":true,"href":"https:\/\/roveyayinevi.com.tr\/index.php\/wp-json\/wp\/v2\/product_brand?post=704175"},{"taxonomy":"product_cat","embeddable":true,"href":"https:\/\/roveyayinevi.com.tr\/index.php\/wp-json\/wp\/v2\/product_cat?post=704175"},{"taxonomy":"product_tag","embeddable":true,"href":"https:\/\/roveyayinevi.com.tr\/index.php\/wp-json\/wp\/v2\/product_tag?post=704175"}],"curies":[{"name":"wp","href":"https:\/\/api.w.org\/{rel}","templated":true}]}}