{"id":704174,"date":"2025-08-27T15:32:55","date_gmt":"2025-08-27T12:32:55","guid":{"rendered":"https:\/\/roveyayinevi.com.tr\/index.php\/urun\/ve-asktan-olacak-olumum\/"},"modified":"2026-04-16T02:13:09","modified_gmt":"2026-04-15T23:13:09","slug":"ve-asktan-olacak-olumum","status":"publish","type":"product","link":"https:\/\/roveyayinevi.com.tr\/index.php\/urun\/ve-asktan-olacak-olumum\/","title":{"rendered":"Ve A\u015fktan Olacak \u00d6l\u00fcm\u00fcm"},"content":{"rendered":"<p>Halk\u0131m ben, parmakla say\u0131lmayanSesimde p\u0131r\u0131l p\u0131r\u0131l bir g\u00fc\u00e7 varKaranl\u0131kta boy atmayaSessizli\u011fi a\u015fmaya yarayan\u00d6l\u00fc, yi\u011fit, g\u00f6lge ve buz, ne varsaTohuma dururlar yenidenVe halk, topra\u011fa g\u00f6m\u00fcl\u00fcTohuma durur bir yerdeBu\u011fday nas\u0131l filizini s\u00fcrer de\u00c7\u0131karsa topra\u011f\u0131n \u00fcst\u00fcneG\u00fczelim k\u0131rm\u0131z\u0131 elleriyleSessizli\u011fi burgu gibi deler deBiz halk\u0131z,yeniden do\u011far\u0131z \u00f6l\u00fcmlerle. <\/p>\n","protected":false},"excerpt":{"rendered":"<p>Halk\u0131m ben, parmakla say\u0131lmayanSesimde p\u0131r\u0131l p\u0131r\u0131l bir g\u00fc\u00e7 varKaranl\u0131kta boy atmayaSessizli\u011fi a\u015fmaya yarayan\u00d6l\u00fc, yi\u011fit, g\u00f6lge ve buz, ne varsaTohuma dururlar yenidenVe halk, topra\u011fa g\u00f6m\u00fcl\u00fcTohuma durur bir<span class=\"excerpt-hellip\"> [\u2026]<\/span><\/p>\n","protected":false},"featured_media":0,"template":"","meta":{"_monsterinsights_skip_tracking":false,"_monsterinsights_sitenote_active":false,"_monsterinsights_sitenote_note":"","_monsterinsights_sitenote_category":0},"product_brand":[],"product_cat":[12291,12509],"product_tag":[],"class_list":{"0":"post-704174","1":"product","2":"type-product","3":"status-publish","5":"product_cat-edebiyat","6":"product_cat-siir","7":"pa_cilt-ciltsiz","8":"pa_tur-kitap","9":"pa_yayinevi-islik-yayinlari","10":"pa_yazar-pablo-neruda","12":"first","13":"instock","14":"sale","15":"shipping-taxable","16":"purchasable","17":"product-type-simple"},"_links":{"self":[{"href":"https:\/\/roveyayinevi.com.tr\/index.php\/wp-json\/wp\/v2\/product\/704174","targetHints":{"allow":["GET"]}}],"collection":[{"href":"https:\/\/roveyayinevi.com.tr\/index.php\/wp-json\/wp\/v2\/product"}],"about":[{"href":"https:\/\/roveyayinevi.com.tr\/index.php\/wp-json\/wp\/v2\/types\/product"}],"wp:attachment":[{"href":"https:\/\/roveyayinevi.com.tr\/index.php\/wp-json\/wp\/v2\/media?parent=704174"}],"wp:term":[{"taxonomy":"product_brand","embeddable":true,"href":"https:\/\/roveyayinevi.com.tr\/index.php\/wp-json\/wp\/v2\/product_brand?post=704174"},{"taxonomy":"product_cat","embeddable":true,"href":"https:\/\/roveyayinevi.com.tr\/index.php\/wp-json\/wp\/v2\/product_cat?post=704174"},{"taxonomy":"product_tag","embeddable":true,"href":"https:\/\/roveyayinevi.com.tr\/index.php\/wp-json\/wp\/v2\/product_tag?post=704174"}],"curies":[{"name":"wp","href":"https:\/\/api.w.org\/{rel}","templated":true}]}}