{"id":704172,"date":"2025-08-27T15:32:54","date_gmt":"2025-08-27T12:32:54","guid":{"rendered":"https:\/\/roveyayinevi.com.tr\/index.php\/urun\/korsan-pesinde\/"},"modified":"2026-04-16T02:13:09","modified_gmt":"2026-04-15T23:13:09","slug":"korsan-pesinde","status":"publish","type":"product","link":"https:\/\/roveyayinevi.com.tr\/index.php\/urun\/korsan-pesinde\/","title":{"rendered":"Korsan Pe\u015finde"},"content":{"rendered":"<p>\u0130\u00e7 resimlemelerini \u0130smail Bahat\u2019\u0131n yapt\u0131\u011f\u0131 roman, 9 ya\u015f ve \u00fcst\u00fc okurlara roman okuman\u0131n keyfini ya\u015fatacak, onlar\u0131 hayata haz\u0131rlayacak, kendi ayaklar\u0131 \u00fczerinde durmalar\u0131 konusunda onlar\u0131 cesaretlendirecek bir A.Y\u0131lmaz Boyuna\u011fa klasi\u011fi.<\/p>\n","protected":false},"excerpt":{"rendered":"<p>\u0130\u00e7 resimlemelerini \u0130smail Bahat\u2019\u0131n yapt\u0131\u011f\u0131 roman, 9 ya\u015f ve \u00fcst\u00fc okurlara roman okuman\u0131n keyfini ya\u015fatacak, onlar\u0131 hayata haz\u0131rlayacak, kendi ayaklar\u0131 \u00fczerinde durmalar\u0131 konusunda onlar\u0131 cesaretlendirecek bir<span class=\"excerpt-hellip\"> [\u2026]<\/span><\/p>\n","protected":false},"featured_media":0,"template":"","meta":{"_monsterinsights_skip_tracking":false,"_monsterinsights_sitenote_active":false,"_monsterinsights_sitenote_note":"","_monsterinsights_sitenote_category":0},"product_brand":[],"product_cat":[12275,12274],"product_tag":[],"class_list":{"0":"post-704172","1":"product","2":"type-product","3":"status-publish","5":"product_cat-6-12-yas-kitaplari","6":"product_cat-cocuk-ve-genclik-kitaplari","7":"pa_cilt-ciltsiz","8":"pa_tur-kitap","9":"pa_yayinevi-genc-timas","10":"pa_yazar-ahmet-yilmaz-boyunaga","12":"first","13":"instock","14":"sale","15":"shipping-taxable","16":"purchasable","17":"product-type-simple"},"_links":{"self":[{"href":"https:\/\/roveyayinevi.com.tr\/index.php\/wp-json\/wp\/v2\/product\/704172","targetHints":{"allow":["GET"]}}],"collection":[{"href":"https:\/\/roveyayinevi.com.tr\/index.php\/wp-json\/wp\/v2\/product"}],"about":[{"href":"https:\/\/roveyayinevi.com.tr\/index.php\/wp-json\/wp\/v2\/types\/product"}],"wp:attachment":[{"href":"https:\/\/roveyayinevi.com.tr\/index.php\/wp-json\/wp\/v2\/media?parent=704172"}],"wp:term":[{"taxonomy":"product_brand","embeddable":true,"href":"https:\/\/roveyayinevi.com.tr\/index.php\/wp-json\/wp\/v2\/product_brand?post=704172"},{"taxonomy":"product_cat","embeddable":true,"href":"https:\/\/roveyayinevi.com.tr\/index.php\/wp-json\/wp\/v2\/product_cat?post=704172"},{"taxonomy":"product_tag","embeddable":true,"href":"https:\/\/roveyayinevi.com.tr\/index.php\/wp-json\/wp\/v2\/product_tag?post=704172"}],"curies":[{"name":"wp","href":"https:\/\/api.w.org\/{rel}","templated":true}]}}