{"id":704169,"date":"2025-08-27T15:32:53","date_gmt":"2025-08-27T12:32:53","guid":{"rendered":"https:\/\/roveyayinevi.com.tr\/index.php\/urun\/donusum-6\/"},"modified":"2026-04-12T02:15:34","modified_gmt":"2026-04-11T23:15:34","slug":"donusum-6","status":"publish","type":"product","link":"https:\/\/roveyayinevi.com.tr\/index.php\/urun\/donusum-6\/","title":{"rendered":"D\u00f6n\u00fc\u015f\u00fcm"},"content":{"rendered":"<p>\u00c7al\u0131\u015fma cehennemine f\u0131rlat\u0131lm\u0131\u015f bedenlerin trajedisi i\u015flenir Kafka\u2019n\u0131n D\u00f6n\u00fc\u015f\u00fcm\u2019\u00fcnde. Hepimizin ba\u015f\u0131na gelen bir trajedi bu asl\u0131nda: Hayatta kalmak i\u00e7in \u00e7al\u0131\u015fmak zorunday\u0131z. \u00c7al\u0131\u015fman\u0131n \u201czorunluluk\u201d oldu\u011fu bir d\u00fcnyada \u201c\u00f6zg\u00fcrl\u00fc\u011fe\u201d yer olmad\u0131\u011f\u0131 a\u00e7\u0131k. D\u00f6n\u00fc\u015f\u00fcm\u2019\u00fcn sat\u0131r aralar\u0131nda k\u00f6leli\u011fin zincir sesleri duyulur. Aile kurumuna sonuna kadar ba\u011fl\u0131 olan, baba otoritesinden mustarip, bor\u00e7 bata\u011f\u0131na saplanm\u0131\u015f bir karakterin; kendini bir sabah bir b\u00f6ce\u011fe d\u00f6n\u00fc\u015fm\u00fc\u015f olarak bulan Gregor Samsa\u2019n\u0131n hazin hik\u00e2yesi, modern bireyin hik\u00e2yesiyle \u00e7ak\u0131\u015f\u0131r. Kapitalist toplumsal d\u00fczene\u011fin alelade bir karakteri olan Gregor Samsa \u00f6zelinde, her g\u00fcn ayn\u0131 saatte uyanmak zorunda olan; akrep ve yelkovan\u0131n ak\u0131\u015f\u0131na ba\u011fl\u0131 olarak hareket eden bedenlerin hayatta kalmak i\u00e7in nas\u0131l \u00e7\u0131rp\u0131nd\u0131klar\u0131 anlat\u0131l\u0131r: <\/p>\n","protected":false},"excerpt":{"rendered":"<p>\u00c7al\u0131\u015fma cehennemine f\u0131rlat\u0131lm\u0131\u015f bedenlerin trajedisi i\u015flenir Kafka\u2019n\u0131n D\u00f6n\u00fc\u015f\u00fcm\u2019\u00fcnde. Hepimizin ba\u015f\u0131na gelen bir trajedi bu asl\u0131nda: Hayatta kalmak i\u00e7in \u00e7al\u0131\u015fmak zorunday\u0131z. \u00c7al\u0131\u015fman\u0131n \u201czorunluluk\u201d oldu\u011fu bir d\u00fcnyada \u201c\u00f6zg\u00fcrl\u00fc\u011fe\u201d<span class=\"excerpt-hellip\"> [\u2026]<\/span><\/p>\n","protected":false},"featured_media":0,"template":"","meta":{"_monsterinsights_skip_tracking":false,"_monsterinsights_sitenote_active":false,"_monsterinsights_sitenote_note":"","_monsterinsights_sitenote_category":0},"product_brand":[],"product_cat":[12291,12711],"product_tag":[],"class_list":{"0":"post-704169","1":"product","2":"type-product","3":"status-publish","5":"product_cat-edebiyat","6":"product_cat-roman-oyku","7":"pa_cilt-ciltsiz","8":"pa_tur-kitap","9":"pa_yayinevi-ayrinti-yayinlari","10":"pa_yazar-franz-kafka","12":"first","13":"instock","14":"sale","15":"shipping-taxable","16":"purchasable","17":"product-type-simple"},"_links":{"self":[{"href":"https:\/\/roveyayinevi.com.tr\/index.php\/wp-json\/wp\/v2\/product\/704169","targetHints":{"allow":["GET"]}}],"collection":[{"href":"https:\/\/roveyayinevi.com.tr\/index.php\/wp-json\/wp\/v2\/product"}],"about":[{"href":"https:\/\/roveyayinevi.com.tr\/index.php\/wp-json\/wp\/v2\/types\/product"}],"wp:attachment":[{"href":"https:\/\/roveyayinevi.com.tr\/index.php\/wp-json\/wp\/v2\/media?parent=704169"}],"wp:term":[{"taxonomy":"product_brand","embeddable":true,"href":"https:\/\/roveyayinevi.com.tr\/index.php\/wp-json\/wp\/v2\/product_brand?post=704169"},{"taxonomy":"product_cat","embeddable":true,"href":"https:\/\/roveyayinevi.com.tr\/index.php\/wp-json\/wp\/v2\/product_cat?post=704169"},{"taxonomy":"product_tag","embeddable":true,"href":"https:\/\/roveyayinevi.com.tr\/index.php\/wp-json\/wp\/v2\/product_tag?post=704169"}],"curies":[{"name":"wp","href":"https:\/\/api.w.org\/{rel}","templated":true}]}}