{"id":704168,"date":"2025-08-27T15:32:52","date_gmt":"2025-08-27T12:32:52","guid":{"rendered":"https:\/\/roveyayinevi.com.tr\/index.php\/urun\/sekiz-kitap\/"},"modified":"2026-04-16T02:13:09","modified_gmt":"2026-04-15T23:13:09","slug":"sekiz-kitap","status":"publish","type":"product","link":"https:\/\/roveyayinevi.com.tr\/index.php\/urun\/sekiz-kitap\/","title":{"rendered":"Sekiz Kitap"},"content":{"rendered":"<p>\u0130ranl\u0131 \u015fair ve ressam Sohr\u00e2b Sepehr\u00ee, modern \u0130ran \u015fiirinin d\u00fcnya dillerine en \u00e7ok aktar\u0131lm\u0131\u015f \u015fairlerindendir. Sepehr\u00ee\u2019nin \u00e7ok say\u0131da \u00e7a\u011fda\u015f sanat\u00e7\u0131 taraf\u0131ndan \u00e7e\u015fitli sanatsal bi\u00e7imler alt\u0131nda yeniden \u00fcretilmi\u015f olan \u015fiiri, co\u015fkuyla ba\u011fl\u0131 oldu\u011fu ve ya\u015fam\u0131n\u0131n \u00f6nemli b\u00f6l\u00fcm\u00fcn\u00fc ge\u00e7irdi\u011fi topraklardan beslenir.I\u015f\u0131k ve karanl\u0131k, varl\u0131k ve yokluk, renk ve renksizlik, yaln\u0131zl\u0131k ve \u00e7okluk, hareketsizlik ve devinim gibi temalar Sepehr\u00ee\u2019nin \u015fiirinde benzersiz bir lirizmle i\u015flenmi\u015ftir. Sekiz Kitap, Sepehr\u00ee\u2019nin maddi d\u00fcnya i\u00e7indeki her \u015feyi \u201cba\u015flang\u0131\u00e7\u201dla kar\u015f\u0131la\u015ft\u0131rmay\u0131 arzulad\u0131\u011f\u0131 \u201cHi\u00e7istan\u201d hayalinin de g\u00f6rkemli bir tablosu niteli\u011finde. SOHR\u00c2B SEPEHR\u00ceModern \u0130ran \u015fiirinin d\u00fcnya dillerine en \u00e7ok aktar\u0131lm\u0131\u015f \u015fairlerinden olan Sohr\u00e2b Sepehr\u00ee, 1928\u2019de K\u00e2\u015f\u00e2n\u2019da do\u011fdu. \u015eiire ve resme ilgisi erken ya\u015flardan itibaren geli\u015fen \u015fair, Tahran G\u00fczel Sanatlar Fak\u00fcltesi Resim B\u00f6l\u00fcm\u00fc\u2019n\u00fc bitirmesinin ard\u0131ndan Fransa, \u0130talya, Hindistan ve Japonya\u2019n\u0131n da aralar\u0131nda bulundu\u011fu bir\u00e7ok \u00fclkeye seyahat etti. Do\u011fu felsefesi, Budizm ve mitolojiye duydu\u011fu ilgi \u015fiirini derinden etkiledi. Modern \u0130ran \u015fiirinin \u00f6nc\u00fclerinin kurdu\u011fu \u015fiirsel dokuyu bu birikimlerle harmanlayarak, kendine \u00f6zg\u00fc \u015fiirsel yakla\u015f\u0131m\u0131 ve gizemli lirizmiyle \u015fiirini g\u00f6r\u00fclmemi\u015f bir hacme ta\u015f\u0131d\u0131. Do\u011fup b\u00fcy\u00fcd\u00fc\u011f\u00fc K\u00e2\u015f\u00e2n, b\u00fcy\u00fck Ye\u015fil Hacim\u2019in \u015fairi Sepehr\u00ee i\u00e7in ya\u015fam denen mucizevi vahan\u0131n kendili\u011finden g\u00f6rkemli imgesi, t\u00fcm ba\u015flang\u0131\u00e7lar\u0131n t\u00fcketilmemesi gereken kayna\u011f\u0131d\u0131r. Ak\u0131l ve g\u00f6n\u00fcl \u00e7elen bu b\u00fcy\u00fcl\u00fc co\u011frafya, bir\u00e7ok ele\u015ftirmen taraf\u0131ndan Sepehr\u00ee \u015fiirine can suyunu veren kaynak olarak yorumlan\u0131r. Ba\u015flang\u0131\u00e7 Sepehr\u00ee \u015fiirinde ayn\u0131 zamanda ki\u015fiyi d\u00fcnyaya hayretle bakmaya y\u00f6nelten bir ar\u0131l\u0131k, aray\u0131\u015f p\u0131narlar\u0131na g\u00f6t\u00fcren saydam ve ak\u0131\u015fkan bir duruluk, insano\u011flunun bu p\u0131narlardan beslenen bilge \u00e7ocuklu\u011fu olarak d\u00fc\u015flenir ve \u00f6zlenir. Modern d\u00fcnyan\u0131n a\u00e7\u0131k vah\u015fetinin silip g\u00f6r\u00fcnmez k\u0131ld\u0131\u011f\u0131 iyili\u011fin, merhametin, birliktelik, yaln\u0131zl\u0131k ve e\u015fitlik hakk\u0131n\u0131n savunulmas\u0131d\u0131r \u015fairin i\u015fi. Ger\u00e7ekli\u011fin unufak edilmi\u015f iyicil \u00f6\u011feleri \u00f6zdeki gizlenme haklar\u0131na sayg\u0131 duyularak tek tek hat\u0131rlat\u0131l\u0131p y\u00fczeye \u00e7\u0131kar\u0131l\u0131r; hakikatin \u015fiirsel boyutlar\u0131yla g\u00f6r\u00fcn\u00fcr k\u0131l\u0131nd\u0131\u011f\u0131 yolculuklar\u0131n el\u00e7isi, yolcusudur \u015fiir. Sepehr\u00ee bu yolda y\u00fcr\u00fcrken i\u015fi karma\u015f\u0131kla\u015ft\u0131rmaz; \u00e7\u00f6l g\u00f6klerinin b\u00fcy\u00fck sessizli\u011fiyle y\u0131kanm\u0131\u015f a\u00e7\u0131k bir zihin, d\u00fcnyaya belirli bir tevazu zaviyesinden bakan m\u00fcnzevi bir tedirginlik yolculu\u011fa k\u0131lavuzluk eder. Sepehr\u00ee\u2019nin ger\u00e7ek ya\u015famdaki yolculuk g\u00fczerg\u00e2h\u0131na 1970\u2019li y\u0131llarda Amerika, Yunanistan, M\u0131s\u0131r gibi \u00fclkeler dahil oldu. Bunlardan sonuncusu olan \u0130ngiltere\u2019ye 1980 y\u0131l\u0131 k\u0131\u015f\u0131nda kan kanseri tedavisi i\u00e7in gitmi\u015fti ve ne yaz\u0131k ki Tahran\u2019a d\u00f6n\u00fc\u015f\u00fcnde ya\u015fama veda etti. Sepehr\u00ee do\u011fdu\u011fu topraklarda, K\u00e2\u015f\u00e2n\u2019da topra\u011fa verilmi\u015ftir. <\/p>\n","protected":false},"excerpt":{"rendered":"<p>\u0130ranl\u0131 \u015fair ve ressam Sohr\u00e2b Sepehr\u00ee, modern \u0130ran \u015fiirinin d\u00fcnya dillerine en \u00e7ok aktar\u0131lm\u0131\u015f \u015fairlerindendir. Sepehr\u00ee\u2019nin \u00e7ok say\u0131da \u00e7a\u011fda\u015f sanat\u00e7\u0131 taraf\u0131ndan \u00e7e\u015fitli sanatsal bi\u00e7imler alt\u0131nda yeniden<span class=\"excerpt-hellip\"> [\u2026]<\/span><\/p>\n","protected":false},"featured_media":0,"template":"","meta":{"_monsterinsights_skip_tracking":false,"_monsterinsights_sitenote_active":false,"_monsterinsights_sitenote_note":"","_monsterinsights_sitenote_category":0},"product_brand":[],"product_cat":[12291,12509],"product_tag":[],"class_list":{"0":"post-704168","1":"product","2":"type-product","3":"status-publish","5":"product_cat-edebiyat","6":"product_cat-siir","7":"pa_cilt-ciltsiz","8":"pa_tur-kitap","9":"pa_yayinevi-ayrinti-yayinlari","10":"pa_yazar-sohrab-sepehri","12":"first","13":"instock","14":"sale","15":"shipping-taxable","16":"purchasable","17":"product-type-simple"},"_links":{"self":[{"href":"https:\/\/roveyayinevi.com.tr\/index.php\/wp-json\/wp\/v2\/product\/704168","targetHints":{"allow":["GET"]}}],"collection":[{"href":"https:\/\/roveyayinevi.com.tr\/index.php\/wp-json\/wp\/v2\/product"}],"about":[{"href":"https:\/\/roveyayinevi.com.tr\/index.php\/wp-json\/wp\/v2\/types\/product"}],"wp:attachment":[{"href":"https:\/\/roveyayinevi.com.tr\/index.php\/wp-json\/wp\/v2\/media?parent=704168"}],"wp:term":[{"taxonomy":"product_brand","embeddable":true,"href":"https:\/\/roveyayinevi.com.tr\/index.php\/wp-json\/wp\/v2\/product_brand?post=704168"},{"taxonomy":"product_cat","embeddable":true,"href":"https:\/\/roveyayinevi.com.tr\/index.php\/wp-json\/wp\/v2\/product_cat?post=704168"},{"taxonomy":"product_tag","embeddable":true,"href":"https:\/\/roveyayinevi.com.tr\/index.php\/wp-json\/wp\/v2\/product_tag?post=704168"}],"curies":[{"name":"wp","href":"https:\/\/api.w.org\/{rel}","templated":true}]}}