{"id":704165,"date":"2025-08-27T15:32:51","date_gmt":"2025-08-27T12:32:51","guid":{"rendered":"https:\/\/roveyayinevi.com.tr\/index.php\/urun\/zihin-ve-doga-arasinda-bir-psikoloji-tarihi\/"},"modified":"2026-04-16T02:13:09","modified_gmt":"2026-04-15T23:13:09","slug":"zihin-ve-doga-arasinda-bir-psikoloji-tarihi","status":"publish","type":"product","link":"https:\/\/roveyayinevi.com.tr\/index.php\/urun\/zihin-ve-doga-arasinda-bir-psikoloji-tarihi\/","title":{"rendered":"Zihin ve Do\u011fa Aras\u0131nda Bir Psikoloji Tarihi"},"content":{"rendered":"<p>William James\u2019ten Ivan Pavlov\u2019a, John Dewey\u2019den Sigmund Freud\u2019a, psikoloji bir\u00e7ok \u00fclkeye ve \u00e7a\u011fa yay\u0131lm\u0131\u015f, adeta da\u011f\u0131lm\u0131\u015ft\u0131r. G\u00fcn\u00fcm\u00fczde psikoloji \u00fczerine \u00e7al\u0131\u015fan bir\u00e7ok insan, bu bilimin etraf\u0131nda bir tarih, bir ge\u00e7mi\u015f hik\u00e2yesi kurgulam\u0131\u015ft\u0131r. <\/p>\n","protected":false},"excerpt":{"rendered":"<p>William James\u2019ten Ivan Pavlov\u2019a, John Dewey\u2019den Sigmund Freud\u2019a, psikoloji bir\u00e7ok \u00fclkeye ve \u00e7a\u011fa yay\u0131lm\u0131\u015f, adeta da\u011f\u0131lm\u0131\u015ft\u0131r. G\u00fcn\u00fcm\u00fczde psikoloji \u00fczerine \u00e7al\u0131\u015fan bir\u00e7ok insan, bu bilimin etraf\u0131nda bir<span class=\"excerpt-hellip\"> [\u2026]<\/span><\/p>\n","protected":false},"featured_media":0,"template":"","meta":{"_monsterinsights_skip_tracking":false,"_monsterinsights_sitenote_active":false,"_monsterinsights_sitenote_note":"","_monsterinsights_sitenote_category":0},"product_brand":[],"product_cat":[12755,12357],"product_tag":[],"class_list":{"0":"post-704165","1":"product","2":"type-product","3":"status-publish","5":"product_cat-gelisim-psikolojisi","6":"product_cat-psikoloji","7":"pa_cilt-ciltsiz","8":"pa_tur-kitap","9":"pa_yayinevi-ayrinti-yayinlari","10":"pa_yazar-roger-smith","12":"first","13":"instock","14":"sale","15":"shipping-taxable","16":"purchasable","17":"product-type-simple"},"_links":{"self":[{"href":"https:\/\/roveyayinevi.com.tr\/index.php\/wp-json\/wp\/v2\/product\/704165","targetHints":{"allow":["GET"]}}],"collection":[{"href":"https:\/\/roveyayinevi.com.tr\/index.php\/wp-json\/wp\/v2\/product"}],"about":[{"href":"https:\/\/roveyayinevi.com.tr\/index.php\/wp-json\/wp\/v2\/types\/product"}],"wp:attachment":[{"href":"https:\/\/roveyayinevi.com.tr\/index.php\/wp-json\/wp\/v2\/media?parent=704165"}],"wp:term":[{"taxonomy":"product_brand","embeddable":true,"href":"https:\/\/roveyayinevi.com.tr\/index.php\/wp-json\/wp\/v2\/product_brand?post=704165"},{"taxonomy":"product_cat","embeddable":true,"href":"https:\/\/roveyayinevi.com.tr\/index.php\/wp-json\/wp\/v2\/product_cat?post=704165"},{"taxonomy":"product_tag","embeddable":true,"href":"https:\/\/roveyayinevi.com.tr\/index.php\/wp-json\/wp\/v2\/product_tag?post=704165"}],"curies":[{"name":"wp","href":"https:\/\/api.w.org\/{rel}","templated":true}]}}