{"id":704162,"date":"2025-08-27T15:32:49","date_gmt":"2025-08-27T12:32:49","guid":{"rendered":"https:\/\/roveyayinevi.com.tr\/index.php\/urun\/felsefe-konusmalari\/"},"modified":"2026-04-16T02:13:09","modified_gmt":"2026-04-15T23:13:09","slug":"felsefe-konusmalari","status":"publish","type":"product","link":"https:\/\/roveyayinevi.com.tr\/index.php\/urun\/felsefe-konusmalari\/","title":{"rendered":"Felsefe Konu\u015fmalar\u0131"},"content":{"rendered":"<p>Denis Diderot (1713-1784): Ayd\u0131nlanma d\u00f6neminin en \u00f6nemli yazar ve d\u00fc\u015f\u00fcn\u00fcrlerindendir. Encyclop\u00e9die&#8217;nin yay\u0131n y\u00f6netmenli\u011fini \u00fcstlendi, yazd\u0131\u011f\u0131 edebi ve felsefi eserlerin yan\u0131 s\u0131ra ge\u00e7inmek i\u00e7in \u00e7eviriler yapt\u0131. Bu kitapta yer alan konu\u015fmalardan &#8220;D&#8217;Alembert&#8221; 1830, &#8220;La Marechale&#8221; 1776 ve sonradan bulunan &#8220;Ba\u015frahip Barth\u00e9lemy&#8221; 1920 y\u0131l\u0131nda yay\u0131mland\u0131. &#8220;D&#8217;Alembert&#8221; konu\u015fmalar\u0131 evrim, evrenin d\u00fczeni, ya\u015fam ve \u00f6l\u00fcm konular\u0131n\u0131; &#8220;Ba\u015frahip Barth\u00e9lemy&#8221; konu\u015fmas\u0131 dua, tanr\u0131, ruh, \u00f6teki d\u00fcnya konular\u0131n\u0131; &#8220;La Mar\u00e9chale&#8221; konu\u015fmas\u0131 ise din ve ahl\u00e2k aras\u0131ndaki denklemin sorgusunu i\u00e7erir. Konu\u015fmalar, ele ald\u0131klar\u0131 konular itibar\u0131yla diyalektik materyalizme, evrim teorisine ve ahl\u00e2ka dair zaman\u0131ndan \u00f6nce ileri s\u00fcr\u00fclm\u00fc\u015f d\u00fc\u015f\u00fcnceler olarak kabul edilebilirler. Diderot d\u00fc\u015f\u00fcnceleri kadar, bu d\u00fc\u015f\u00fcnceleri konu\u015fma bi\u00e7iminde sunu\u015fuyla da ilgi \u00e7ekmi\u015ftir. <\/p>\n","protected":false},"excerpt":{"rendered":"<p>Denis Diderot (1713-1784): Ayd\u0131nlanma d\u00f6neminin en \u00f6nemli yazar ve d\u00fc\u015f\u00fcn\u00fcrlerindendir. Encyclop\u00e9die&#8217;nin yay\u0131n y\u00f6netmenli\u011fini \u00fcstlendi, yazd\u0131\u011f\u0131 edebi ve felsefi eserlerin yan\u0131 s\u0131ra ge\u00e7inmek i\u00e7in \u00e7eviriler yapt\u0131. Bu<span class=\"excerpt-hellip\"> [\u2026]<\/span><\/p>\n","protected":false},"featured_media":0,"template":"","meta":{"_monsterinsights_skip_tracking":false,"_monsterinsights_sitenote_active":false,"_monsterinsights_sitenote_note":"","_monsterinsights_sitenote_category":0},"product_brand":[],"product_cat":[12291,12866],"product_tag":[],"class_list":{"0":"post-704162","1":"product","2":"type-product","3":"status-publish","5":"product_cat-edebiyat","6":"product_cat-ingiliz-edebiyati","7":"pa_cilt-ciltsiz","8":"pa_tur-kitap","9":"pa_yayinevi-is-bankasi-kultur-yayinlari","10":"pa_yazar-denis-diderot","12":"first","13":"instock","14":"sale","15":"shipping-taxable","16":"purchasable","17":"product-type-simple"},"_links":{"self":[{"href":"https:\/\/roveyayinevi.com.tr\/index.php\/wp-json\/wp\/v2\/product\/704162","targetHints":{"allow":["GET"]}}],"collection":[{"href":"https:\/\/roveyayinevi.com.tr\/index.php\/wp-json\/wp\/v2\/product"}],"about":[{"href":"https:\/\/roveyayinevi.com.tr\/index.php\/wp-json\/wp\/v2\/types\/product"}],"wp:attachment":[{"href":"https:\/\/roveyayinevi.com.tr\/index.php\/wp-json\/wp\/v2\/media?parent=704162"}],"wp:term":[{"taxonomy":"product_brand","embeddable":true,"href":"https:\/\/roveyayinevi.com.tr\/index.php\/wp-json\/wp\/v2\/product_brand?post=704162"},{"taxonomy":"product_cat","embeddable":true,"href":"https:\/\/roveyayinevi.com.tr\/index.php\/wp-json\/wp\/v2\/product_cat?post=704162"},{"taxonomy":"product_tag","embeddable":true,"href":"https:\/\/roveyayinevi.com.tr\/index.php\/wp-json\/wp\/v2\/product_tag?post=704162"}],"curies":[{"name":"wp","href":"https:\/\/api.w.org\/{rel}","templated":true}]}}