{"id":704159,"date":"2025-08-27T15:32:47","date_gmt":"2025-08-27T12:32:47","guid":{"rendered":"https:\/\/roveyayinevi.com.tr\/index.php\/urun\/eski-misir\/"},"modified":"2026-04-16T02:13:09","modified_gmt":"2026-04-15T23:13:09","slug":"eski-misir","status":"publish","type":"product","link":"https:\/\/roveyayinevi.com.tr\/index.php\/urun\/eski-misir\/","title":{"rendered":"Eski M\u0131s\u0131r"},"content":{"rendered":"<p>Eski M\u0131s\u0131r ile size mimarl\u0131k, sanat, edebiyat, siyaset ve din alanlar\u0131nda ilklere imza atm\u0131\u015f bir uygarl\u0131\u011f\u0131n \u00f6yk\u00fcs\u00fcn\u00fc sunuyoruz. Eski M\u0131s\u0131rl\u0131lar d\u00fcnyan\u0131n ilk ulus-devletini kurdular. \u00d6l\u00fcme \u00e7are bulma kayg\u0131s\u0131yla piramitleri in\u015fa ettiler. Gize\u2019deki B\u00fcy\u00fck Piramit MS 1889 y\u0131l\u0131nda Eiffel Kulesi tamamlanana dek, yani 4400 y\u0131l boyunca d\u00fcnyan\u0131n en y\u00fcksek yap\u0131s\u0131 olarak kald\u0131. Krali\u00e7e Nefertiti antik ve modern g\u00fczellik anlay\u0131\u015f\u0131n\u0131n olu\u015fmas\u0131nda rol oynad\u0131. Kral Akhenaton tek tanr\u0131l\u0131 din fikrini ilk ortaya atan ve b\u00f6yle bir dini \u00f6rg\u00fctlemeye \u00e7al\u0131\u015fan ilk ki\u015fi oldu. Me\u00e7hul bir yazar Shakespeare\u2019den 3500 y\u0131l \u00f6nce Hamlet\u2019e \u015fa\u015f\u0131lacak kadar benzeyen bir eser kaleme ald\u0131. Kral Tutankhamon mezar\u0131na e\u015fsizli\u011fini bug\u00fcne dek korumu\u015f b\u00fcy\u00fck bir hazineyle g\u00f6m\u00fcld\u00fc. Toby Wilkinson d\u00fcnyan\u0131n en eski uygarl\u0131klar\u0131ndan birinin bu etkileyici \u00f6yk\u00fcs\u00fcn\u00fc I. S\u00fclale\u2019nin kurucusu Narmer\u2019den Makedon hanedan\u0131n\u0131n son h\u00fck\u00fcmdar\u0131 Kleopatra\u2019n\u0131n hazin sonuna dek \u00e7ok \u00e7arp\u0131c\u0131 bir \u00fcslupla anlat\u0131yor. \u201cFiravunlar\u0131n tarihini \u00e7ok s\u00fcr\u00fckleyici bi\u00e7imde anlatan usta i\u015fi bir eser.\u201d \u2014 Simon Sebag Montefiore, BBC<\/p>\n","protected":false},"excerpt":{"rendered":"<p>Eski M\u0131s\u0131r ile size mimarl\u0131k, sanat, edebiyat, siyaset ve din alanlar\u0131nda ilklere imza atm\u0131\u015f bir uygarl\u0131\u011f\u0131n \u00f6yk\u00fcs\u00fcn\u00fc sunuyoruz. Eski M\u0131s\u0131rl\u0131lar d\u00fcnyan\u0131n ilk ulus-devletini kurdular. \u00d6l\u00fcme \u00e7are<span class=\"excerpt-hellip\"> [\u2026]<\/span><\/p>\n","protected":false},"featured_media":0,"template":"","meta":{"_monsterinsights_skip_tracking":false,"_monsterinsights_sitenote_active":false,"_monsterinsights_sitenote_note":"","_monsterinsights_sitenote_category":0},"product_brand":[],"product_cat":[12312,12304],"product_tag":[],"class_list":{"0":"post-704159","1":"product","2":"type-product","3":"status-publish","5":"product_cat-diger","6":"product_cat-tarih","7":"pa_cilt-ciltsiz","8":"pa_tur-kitap","9":"pa_yayinevi-say-yayinlari","10":"pa_yazar-toby-wilkinson","12":"first","13":"instock","14":"sale","15":"shipping-taxable","16":"purchasable","17":"product-type-simple"},"_links":{"self":[{"href":"https:\/\/roveyayinevi.com.tr\/index.php\/wp-json\/wp\/v2\/product\/704159","targetHints":{"allow":["GET"]}}],"collection":[{"href":"https:\/\/roveyayinevi.com.tr\/index.php\/wp-json\/wp\/v2\/product"}],"about":[{"href":"https:\/\/roveyayinevi.com.tr\/index.php\/wp-json\/wp\/v2\/types\/product"}],"wp:attachment":[{"href":"https:\/\/roveyayinevi.com.tr\/index.php\/wp-json\/wp\/v2\/media?parent=704159"}],"wp:term":[{"taxonomy":"product_brand","embeddable":true,"href":"https:\/\/roveyayinevi.com.tr\/index.php\/wp-json\/wp\/v2\/product_brand?post=704159"},{"taxonomy":"product_cat","embeddable":true,"href":"https:\/\/roveyayinevi.com.tr\/index.php\/wp-json\/wp\/v2\/product_cat?post=704159"},{"taxonomy":"product_tag","embeddable":true,"href":"https:\/\/roveyayinevi.com.tr\/index.php\/wp-json\/wp\/v2\/product_tag?post=704159"}],"curies":[{"name":"wp","href":"https:\/\/api.w.org\/{rel}","templated":true}]}}