{"id":704158,"date":"2025-08-27T15:32:47","date_gmt":"2025-08-27T12:32:47","guid":{"rendered":"https:\/\/roveyayinevi.com.tr\/index.php\/urun\/gizli-dusman\/"},"modified":"2026-04-16T02:13:09","modified_gmt":"2026-04-15T23:13:09","slug":"gizli-dusman","status":"publish","type":"product","link":"https:\/\/roveyayinevi.com.tr\/index.php\/urun\/gizli-dusman\/","title":{"rendered":"Gizli D\u00fc\u015fman"},"content":{"rendered":"<p>Be\u015f paras\u0131z gen\u00e7 Tommy ile g\u00fczel Tuppence, heyecanl\u0131 bir ya\u015fam \u00f6zlemi i\u00e7inde Gen\u00e7 Macerac\u0131lar Ortakl\u0131\u011f\u0131 ad\u0131nda bir \u015firket kurarlar. Art\u0131k hem sevdikleri hem de para kazanacaklar\u0131 bir i\u015fte maceraya at\u0131lmaya haz\u0131rd\u0131rlar. \ufffcTan\u0131t\u0131m Metni<\/p>\n","protected":false},"excerpt":{"rendered":"<p>Be\u015f paras\u0131z gen\u00e7 Tommy ile g\u00fczel Tuppence, heyecanl\u0131 bir ya\u015fam \u00f6zlemi i\u00e7inde Gen\u00e7 Macerac\u0131lar Ortakl\u0131\u011f\u0131 ad\u0131nda bir \u015firket kurarlar. Art\u0131k hem sevdikleri hem de para kazanacaklar\u0131<span class=\"excerpt-hellip\"> [\u2026]<\/span><\/p>\n","protected":false},"featured_media":0,"template":"","meta":{"_monsterinsights_skip_tracking":false,"_monsterinsights_sitenote_active":false,"_monsterinsights_sitenote_note":"","_monsterinsights_sitenote_category":0},"product_brand":[],"product_cat":[12291,12711],"product_tag":[],"class_list":{"0":"post-704158","1":"product","2":"type-product","3":"status-publish","5":"product_cat-edebiyat","6":"product_cat-roman-oyku","7":"pa_tur-kitap","8":"pa_yayinevi-altin-kitaplar","9":"pa_yazar-agatha-christie","11":"first","12":"instock","13":"sale","14":"shipping-taxable","15":"purchasable","16":"product-type-simple"},"_links":{"self":[{"href":"https:\/\/roveyayinevi.com.tr\/index.php\/wp-json\/wp\/v2\/product\/704158","targetHints":{"allow":["GET"]}}],"collection":[{"href":"https:\/\/roveyayinevi.com.tr\/index.php\/wp-json\/wp\/v2\/product"}],"about":[{"href":"https:\/\/roveyayinevi.com.tr\/index.php\/wp-json\/wp\/v2\/types\/product"}],"wp:attachment":[{"href":"https:\/\/roveyayinevi.com.tr\/index.php\/wp-json\/wp\/v2\/media?parent=704158"}],"wp:term":[{"taxonomy":"product_brand","embeddable":true,"href":"https:\/\/roveyayinevi.com.tr\/index.php\/wp-json\/wp\/v2\/product_brand?post=704158"},{"taxonomy":"product_cat","embeddable":true,"href":"https:\/\/roveyayinevi.com.tr\/index.php\/wp-json\/wp\/v2\/product_cat?post=704158"},{"taxonomy":"product_tag","embeddable":true,"href":"https:\/\/roveyayinevi.com.tr\/index.php\/wp-json\/wp\/v2\/product_tag?post=704158"}],"curies":[{"name":"wp","href":"https:\/\/api.w.org\/{rel}","templated":true}]}}