{"id":704154,"date":"2025-08-27T15:32:45","date_gmt":"2025-08-27T12:32:45","guid":{"rendered":"https:\/\/roveyayinevi.com.tr\/index.php\/urun\/antik-yunan-ciltli\/"},"modified":"2025-12-30T09:57:59","modified_gmt":"2025-12-30T06:57:59","slug":"antik-yunan-ciltli","status":"publish","type":"product","link":"https:\/\/roveyayinevi.com.tr\/index.php\/urun\/antik-yunan-ciltli\/","title":{"rendered":"Antik Yunan (Ciltli)"},"content":{"rendered":"<p>Yunan askeri ve siyasi g\u00fcc\u00fc, mimarisi, heykel ve sanat\u0131, tiyatro ve felsefesi ile t\u00fcm bunlar\u0131n Bat\u0131 k\u00fclt\u00fcr\u00fc \u00fczerindeki kal\u0131c\u0131 etkisinin incelendi\u011fi g\u00fcvenilir bir kaynak Olympos tanr\u0131lar\u0131 Zeus ve Athena, Apollon ve Aphrodite\u2019nin mitleri ve efsaneleri; Platon, Homeros ve Aristoteles dahil olmak \u00fczere b\u00fcy\u00fck yazarlar\u0131n ve tarih\u00e7ilerin eserleri ve hayatlar\u0131 Tap\u0131naklar\u0131n, saraylar\u0131n ve arkeolojik alanlar\u0131n ayr\u0131nt\u0131l\u0131 a\u00e7\u0131klamalar\u0131yla Antik Yunan\u2019\u0131n R\u00f6nesans mimarisi ve sanat\u0131ndaki ve Klasisizm\u2019in yeniden dirili\u015findeki etkisi Atina ile Sparta aras\u0131ndaki rekabet, Pers sava\u015flar\u0131 ve B\u00fcy\u00fck \u0130skender\u2019in seferleri de dahil olmak \u00fczere, Antik Yunan\u2019\u0131n y\u00fckseli\u015f ve \u00e7\u00f6k\u00fc\u015f d\u00f6nemlerinde askeri tarihe ili\u015fkin muharebe planlar\u0131 ve haritalar 1000\u2019i a\u015fk\u0131n foto\u011fraf, heykel, tablo, plan ve sanat eserinin sunuldu\u011fu bu g\u00f6rkemli k\u0131lavuz kitap, Klasik Yunan\u2019\u0131n muhte\u015fem miras\u0131n\u0131 sergilemektedir. \ufffcTan\u0131t\u0131m Metni<\/p>\n","protected":false},"excerpt":{"rendered":"<p>Yunan askeri ve siyasi g\u00fcc\u00fc, mimarisi, heykel ve sanat\u0131, tiyatro ve felsefesi ile t\u00fcm bunlar\u0131n Bat\u0131 k\u00fclt\u00fcr\u00fc \u00fczerindeki kal\u0131c\u0131 etkisinin incelendi\u011fi g\u00fcvenilir bir kaynak Olympos tanr\u0131lar\u0131<span class=\"excerpt-hellip\"> [\u2026]<\/span><\/p>\n","protected":false},"featured_media":0,"template":"","meta":{"_monsterinsights_skip_tracking":false,"_monsterinsights_sitenote_active":false,"_monsterinsights_sitenote_note":"","_monsterinsights_sitenote_category":0},"product_brand":[],"product_cat":[12312,12304],"product_tag":[],"class_list":{"0":"post-704154","1":"product","2":"type-product","3":"status-publish","5":"product_cat-diger","6":"product_cat-tarih","7":"pa_cilt-ciltli","8":"pa_tur-kitap","9":"pa_yayinevi-is-bankasi-kultur-yayinlari","10":"pa_yazar-nigel-rodgers","12":"first","13":"instock","14":"sale","15":"shipping-taxable","16":"purchasable","17":"product-type-simple"},"_links":{"self":[{"href":"https:\/\/roveyayinevi.com.tr\/index.php\/wp-json\/wp\/v2\/product\/704154","targetHints":{"allow":["GET"]}}],"collection":[{"href":"https:\/\/roveyayinevi.com.tr\/index.php\/wp-json\/wp\/v2\/product"}],"about":[{"href":"https:\/\/roveyayinevi.com.tr\/index.php\/wp-json\/wp\/v2\/types\/product"}],"wp:attachment":[{"href":"https:\/\/roveyayinevi.com.tr\/index.php\/wp-json\/wp\/v2\/media?parent=704154"}],"wp:term":[{"taxonomy":"product_brand","embeddable":true,"href":"https:\/\/roveyayinevi.com.tr\/index.php\/wp-json\/wp\/v2\/product_brand?post=704154"},{"taxonomy":"product_cat","embeddable":true,"href":"https:\/\/roveyayinevi.com.tr\/index.php\/wp-json\/wp\/v2\/product_cat?post=704154"},{"taxonomy":"product_tag","embeddable":true,"href":"https:\/\/roveyayinevi.com.tr\/index.php\/wp-json\/wp\/v2\/product_tag?post=704154"}],"curies":[{"name":"wp","href":"https:\/\/api.w.org\/{rel}","templated":true}]}}