{"id":704153,"date":"2025-08-27T15:32:44","date_gmt":"2025-08-27T12:32:44","guid":{"rendered":"https:\/\/roveyayinevi.com.tr\/index.php\/urun\/iran-mektuplari\/"},"modified":"2026-04-16T02:13:08","modified_gmt":"2026-04-15T23:13:08","slug":"iran-mektuplari","status":"publish","type":"product","link":"https:\/\/roveyayinevi.com.tr\/index.php\/urun\/iran-mektuplari\/","title":{"rendered":"\u0130ran Mektuplar\u0131"},"content":{"rendered":"<p>Montesquieu (1689-1755): Ayd\u0131nlanma d\u00f6neminin \u00f6nemli d\u00fc\u015f\u00fcn\u00fcrlerindendir. Kanunlar\u0131n Ruhu isimli eseri ba\u015fta olmak \u00fczere siyaset kuram\u0131na b\u00fcy\u00fck katk\u0131lar yapm\u0131\u015f, iklim teorisiyle bu alana antropolojik bir soluk getirmi\u015ftir. Devlet tan\u0131mlar\u0131, devletin i\u015fleyi\u015fi, despotizm, toplumsal katmanlar, k\u00f6lelik vs. gibi konularda ge\u00e7erlili\u011fini asla yitirmemi\u015f temel \u00f6nermelerin sahibidir. Bunlar\u0131n ba\u015f\u0131nda g\u00fcn\u00fcm\u00fcz anayasalar\u0131n\u0131 da \u015fekillendiren \u201ckuvvetler ayr\u0131l\u0131\u011f\u0131\u201d ilkesi gelmektedir. \u0130ran Mektuplar\u0131, d\u00fcnyay\u0131 ke\u015ffetme arzusuyla Fransa\u2019ya giden iki \u0130ran soylusunun mektuplar\u0131ndan olu\u015fur. Devlet, toplum, k\u00fclt\u00fcr, demografi vs. konular\u0131 \u00e7arp\u0131c\u0131 anekdotlarla i\u015fleyen bu hiciv, ilk kez 1721 y\u0131l\u0131nda roman olarak yay\u0131mlanm\u0131\u015f, Montesquieu\u2019ye b\u00fcy\u00fck \u00fcn kazand\u0131rm\u0131\u015ft\u0131r. \ufffcTan\u0131t\u0131m Metni<\/p>\n","protected":false},"excerpt":{"rendered":"<p>Montesquieu (1689-1755): Ayd\u0131nlanma d\u00f6neminin \u00f6nemli d\u00fc\u015f\u00fcn\u00fcrlerindendir. Kanunlar\u0131n Ruhu isimli eseri ba\u015fta olmak \u00fczere siyaset kuram\u0131na b\u00fcy\u00fck katk\u0131lar yapm\u0131\u015f, iklim teorisiyle bu alana antropolojik bir soluk getirmi\u015ftir.<span class=\"excerpt-hellip\"> [\u2026]<\/span><\/p>\n","protected":false},"featured_media":0,"template":"","meta":{"_monsterinsights_skip_tracking":false,"_monsterinsights_sitenote_active":false,"_monsterinsights_sitenote_note":"","_monsterinsights_sitenote_category":0},"product_brand":[],"product_cat":[12291,12711],"product_tag":[],"class_list":{"0":"post-704153","1":"product","2":"type-product","3":"status-publish","5":"product_cat-edebiyat","6":"product_cat-roman-oyku","7":"pa_cilt-ciltsiz","8":"pa_tur-kitap","9":"pa_yayinevi-is-bankasi-kultur-yayinlari","10":"pa_yazar-montesquieu","12":"first","13":"instock","14":"sale","15":"shipping-taxable","16":"purchasable","17":"product-type-simple"},"_links":{"self":[{"href":"https:\/\/roveyayinevi.com.tr\/index.php\/wp-json\/wp\/v2\/product\/704153","targetHints":{"allow":["GET"]}}],"collection":[{"href":"https:\/\/roveyayinevi.com.tr\/index.php\/wp-json\/wp\/v2\/product"}],"about":[{"href":"https:\/\/roveyayinevi.com.tr\/index.php\/wp-json\/wp\/v2\/types\/product"}],"wp:attachment":[{"href":"https:\/\/roveyayinevi.com.tr\/index.php\/wp-json\/wp\/v2\/media?parent=704153"}],"wp:term":[{"taxonomy":"product_brand","embeddable":true,"href":"https:\/\/roveyayinevi.com.tr\/index.php\/wp-json\/wp\/v2\/product_brand?post=704153"},{"taxonomy":"product_cat","embeddable":true,"href":"https:\/\/roveyayinevi.com.tr\/index.php\/wp-json\/wp\/v2\/product_cat?post=704153"},{"taxonomy":"product_tag","embeddable":true,"href":"https:\/\/roveyayinevi.com.tr\/index.php\/wp-json\/wp\/v2\/product_tag?post=704153"}],"curies":[{"name":"wp","href":"https:\/\/api.w.org\/{rel}","templated":true}]}}