{"id":704151,"date":"2025-08-27T15:32:43","date_gmt":"2025-08-27T12:32:43","guid":{"rendered":"https:\/\/roveyayinevi.com.tr\/index.php\/urun\/1915ten-1980e-karadeniz-ermeniler-eskiyalar-insanlar-yasamlar\/"},"modified":"2025-10-11T03:36:58","modified_gmt":"2025-10-11T00:36:58","slug":"1915ten-1980e-karadeniz-ermeniler-eskiyalar-insanlar-yasamlar","status":"publish","type":"product","link":"https:\/\/roveyayinevi.com.tr\/index.php\/urun\/1915ten-1980e-karadeniz-ermeniler-eskiyalar-insanlar-yasamlar\/","title":{"rendered":"1915&#8217;ten 1980&#8217;e Karadeniz: Ermeniler, E\u015fk\u0131yalar, \u0130nsanlar, Ya\u015famlar"},"content":{"rendered":"<p>Halil Erhan do\u011fup b\u00fcy\u00fcd\u00fc\u011f\u00fc topraklar\u0131 anlat\u0131yor: Karadeniz\u2019i. Yeme i\u00e7me al\u0131\u015fkanl\u0131klar\u0131n\u0131, ekonomik faaliyetleri, ula\u015f\u0131m\u0131, evleri, yaylalar\u0131, yoksullu\u011fu, ya\u015famlar\u0131&#8230; Ama neredeyse hi\u00e7biri s\u0131radan anlat\u0131mlar de\u011fil. Zira Erhan, resmi tarihte olmayan ama asl\u0131nda tarihin ta kendisi olan \u015feylerden bahsederek zenginle\u015ftiriyor an\u0131lar\u0131n\u0131: Karadeniz\u2019deki Ermenilerden, onlar\u0131n ekonomik faaliyetlerinden s\u00f6z ediyor; harabeye d\u00f6n\u00fc\u015fen, y\u0131kt\u0131r\u0131lan, talan edilen kiliselerden bahsediyor; \u201ck\u0131y\u0131mdan\u201d kurtulmak i\u00e7in kimliklerini saklamak zorunda kalan insanlara de\u011finiyor. Dedelerinden dinledi\u011fi insanlar\u0131n mal\u0131na, m\u00fclk\u00fcne, hatta ailesine el koyan \u00e7etecileri, e\u015fk\u0131yalar\u0131, Topal Osman\u2019\u0131n katletti\u011fi Ermenileri, bir e\u015fk\u0131ya i\u00e7in yak\u0131lan \u201cDavuto\u011flu\u201d t\u00fcrk\u00fcs\u00fcn\u00fcn nas\u0131l \u201cHekimo\u011flu\u201dna d\u00f6n\u00fc\u015ft\u00fc\u011f\u00fcn\u00fc, cumhuriyet muhtarlar\u0131n\u0131, hatiplerini aktar\u0131yor. Sadece bunlar\u0131 de\u011fil, \u0130stanbul\u2019a g\u00f6\u00e7 eden Karadenizli bir ailenin \u00e7ocu\u011funun ya\u015fad\u0131\u011f\u0131 zorluklar\u0131 da okuyoruz Erhan\u2019\u0131n an\u0131lar\u0131nda: Alevi-S\u00fcnni gerginli\u011fi y\u00fcz\u00fcnden biten arkada\u015fl\u0131klar\u0131n\u0131, \u00fcniversite \u00f6\u011frencisiyken yurtlarda ya\u015fad\u0131klar\u0131n\u0131, sol-sa\u011f \u00e7at\u0131\u015fmas\u0131yla ge\u00e7en g\u00fcnlerini, kontrgerillay\u0131, \u201c\u00d6zel Harp Dairesi\u201dni&#8230; Bilinen Karadeniz\u2019in d\u0131\u015f\u0131nda bir Karadeniz anlatan, tarih\u00ee tan\u0131kl\u0131klar\u0131 aktaran bir kitap&#8230; <\/p>\n","protected":false},"excerpt":{"rendered":"<p>Halil Erhan do\u011fup b\u00fcy\u00fcd\u00fc\u011f\u00fc topraklar\u0131 anlat\u0131yor: Karadeniz\u2019i. Yeme i\u00e7me al\u0131\u015fkanl\u0131klar\u0131n\u0131, ekonomik faaliyetleri, ula\u015f\u0131m\u0131, evleri, yaylalar\u0131, yoksullu\u011fu, ya\u015famlar\u0131&#8230; Ama neredeyse hi\u00e7biri s\u0131radan anlat\u0131mlar de\u011fil. Zira Erhan, resmi<span class=\"excerpt-hellip\"> [\u2026]<\/span><\/p>\n","protected":false},"featured_media":0,"template":"","meta":{"_monsterinsights_skip_tracking":false,"_monsterinsights_sitenote_active":false,"_monsterinsights_sitenote_note":"","_monsterinsights_sitenote_category":0},"product_brand":[],"product_cat":[13701,12291],"product_tag":[],"class_list":{"0":"post-704151","1":"product","2":"type-product","3":"status-publish","5":"product_cat-ani-mektup-gunluk","6":"product_cat-edebiyat","7":"pa_cilt-ciltsiz","8":"pa_tur-kitap","9":"pa_yayinevi-iletisim-yayinlari","10":"pa_yazar-halil-erhan","12":"first","13":"instock","14":"sale","15":"shipping-taxable","16":"purchasable","17":"product-type-simple"},"_links":{"self":[{"href":"https:\/\/roveyayinevi.com.tr\/index.php\/wp-json\/wp\/v2\/product\/704151","targetHints":{"allow":["GET"]}}],"collection":[{"href":"https:\/\/roveyayinevi.com.tr\/index.php\/wp-json\/wp\/v2\/product"}],"about":[{"href":"https:\/\/roveyayinevi.com.tr\/index.php\/wp-json\/wp\/v2\/types\/product"}],"wp:attachment":[{"href":"https:\/\/roveyayinevi.com.tr\/index.php\/wp-json\/wp\/v2\/media?parent=704151"}],"wp:term":[{"taxonomy":"product_brand","embeddable":true,"href":"https:\/\/roveyayinevi.com.tr\/index.php\/wp-json\/wp\/v2\/product_brand?post=704151"},{"taxonomy":"product_cat","embeddable":true,"href":"https:\/\/roveyayinevi.com.tr\/index.php\/wp-json\/wp\/v2\/product_cat?post=704151"},{"taxonomy":"product_tag","embeddable":true,"href":"https:\/\/roveyayinevi.com.tr\/index.php\/wp-json\/wp\/v2\/product_tag?post=704151"}],"curies":[{"name":"wp","href":"https:\/\/api.w.org\/{rel}","templated":true}]}}