{"id":704149,"date":"2025-08-27T15:32:42","date_gmt":"2025-08-27T12:32:42","guid":{"rendered":"https:\/\/roveyayinevi.com.tr\/index.php\/urun\/rosairo-vampire-tilsimli-kolye-ve-vampir-10\/"},"modified":"2026-04-16T02:13:08","modified_gmt":"2026-04-15T23:13:08","slug":"rosairo-vampire-tilsimli-kolye-ve-vampir-10","status":"publish","type":"product","link":"https:\/\/roveyayinevi.com.tr\/index.php\/urun\/rosairo-vampire-tilsimli-kolye-ve-vampir-10\/","title":{"rendered":"Rosairo Vampire &#8211; T\u0131ls\u0131ml\u0131 Kolye ve Vampir 10"},"content":{"rendered":"<p>Ba\u015far\u0131s\u0131z bir \u00f6\u011frenci olan Tsukune Aono hi\u00e7bir liseye kabul edilmez ve \u015fans eseri, insan g\u00f6r\u00fcn\u00fcm\u00fcndeki \u00f6\u011frencilerin her birinin farkl\u0131 t\u00fcrde birer canavar oldu\u011fu Yokai Akademisi&#8217;ne girer. Buradaki \u00f6\u011frencilerin tuhaf durumunu fark eden Tsukune tam oradan ka\u00e7may\u0131 d\u00fc\u015f\u00fcn\u00fcrken okulun en g\u00fczel k\u0131z\u0131 olan Moka&#8217;yla kar\u015f\u0131la\u015f\u0131r, Moka daha ilk kar\u015f\u0131la\u015fmalar\u0131nda bir anda kendini onun boynuna at\u0131verir. Fakat Moka&#8217;n\u0131n ger\u00e7ek sureti bir vampirdir. G\u00f6\u011fs\u00fcndeki t\u0131ls\u0131ml\u0131 kolye \u00e7\u0131kar\u0131l\u0131nca Moka bir vampire d\u00f6n\u00fc\u015fmektedir! \ufffcTan\u0131t\u0131m Metni<\/p>\n","protected":false},"excerpt":{"rendered":"<p>Ba\u015far\u0131s\u0131z bir \u00f6\u011frenci olan Tsukune Aono hi\u00e7bir liseye kabul edilmez ve \u015fans eseri, insan g\u00f6r\u00fcn\u00fcm\u00fcndeki \u00f6\u011frencilerin her birinin farkl\u0131 t\u00fcrde birer canavar oldu\u011fu Yokai Akademisi&#8217;ne girer.<span class=\"excerpt-hellip\"> [\u2026]<\/span><\/p>\n","protected":false},"featured_media":0,"template":"","meta":{"_monsterinsights_skip_tracking":false,"_monsterinsights_sitenote_active":false,"_monsterinsights_sitenote_note":"","_monsterinsights_sitenote_category":0},"product_brand":[],"product_cat":[12416,12291],"product_tag":[],"class_list":{"0":"post-704149","1":"product","2":"type-product","3":"status-publish","5":"product_cat-cizgi-roman","6":"product_cat-edebiyat","7":"pa_tur-kitap","8":"pa_yayinevi-akil-celen-kitaplar","9":"pa_yazar-akihisa-ikeda","11":"first","12":"instock","13":"sale","14":"shipping-taxable","15":"purchasable","16":"product-type-simple"},"_links":{"self":[{"href":"https:\/\/roveyayinevi.com.tr\/index.php\/wp-json\/wp\/v2\/product\/704149","targetHints":{"allow":["GET"]}}],"collection":[{"href":"https:\/\/roveyayinevi.com.tr\/index.php\/wp-json\/wp\/v2\/product"}],"about":[{"href":"https:\/\/roveyayinevi.com.tr\/index.php\/wp-json\/wp\/v2\/types\/product"}],"wp:attachment":[{"href":"https:\/\/roveyayinevi.com.tr\/index.php\/wp-json\/wp\/v2\/media?parent=704149"}],"wp:term":[{"taxonomy":"product_brand","embeddable":true,"href":"https:\/\/roveyayinevi.com.tr\/index.php\/wp-json\/wp\/v2\/product_brand?post=704149"},{"taxonomy":"product_cat","embeddable":true,"href":"https:\/\/roveyayinevi.com.tr\/index.php\/wp-json\/wp\/v2\/product_cat?post=704149"},{"taxonomy":"product_tag","embeddable":true,"href":"https:\/\/roveyayinevi.com.tr\/index.php\/wp-json\/wp\/v2\/product_tag?post=704149"}],"curies":[{"name":"wp","href":"https:\/\/api.w.org\/{rel}","templated":true}]}}