{"id":704148,"date":"2025-08-27T15:32:41","date_gmt":"2025-08-27T12:32:41","guid":{"rendered":"https:\/\/roveyayinevi.com.tr\/index.php\/urun\/alin-teri-2\/"},"modified":"2026-04-16T02:13:08","modified_gmt":"2026-04-15T23:13:08","slug":"alin-teri-2","status":"publish","type":"product","link":"https:\/\/roveyayinevi.com.tr\/index.php\/urun\/alin-teri-2\/","title":{"rendered":"Al\u0131n Teri"},"content":{"rendered":"<p>Ali Zorbahan ve e\u015fi Zilhan o\u011fullar\u0131 Mehmet\u2019le birlikte Anadolu\u2019muzun g\u00fczel bir k\u00f6\u015fesinde ya\u015far. Onlar \u00e7al\u0131\u015farak, al\u0131n teri d\u00f6kerek hayatlar\u0131n\u0131 s\u00fcrd\u00fcr\u00fcrler. K\u00f6y\u00fcn kimsesiz ve ya\u015fl\u0131 ki\u015fisi Hasan Day\u0131\u2019ya da yard\u0131m ederler. Ne yaz\u0131k ki k\u00f6yde ya\u015fayan herkes onlar kadar d\u00fcr\u00fcst ve \u00e7al\u0131\u015fkan de\u011fildir. G\u00fcn\u00fcn birinde h\u0131rs\u0131zlar, Zorbahan ailesine zarar verip haklar\u0131 olmayan\u0131 almaya kalk\u0131\u015f\u0131rlar. \u00dcstelik sevgili k\u00f6peklerini zehirlerler. Ama kar\u015f\u0131lar\u0131nda Ak\u0131ll\u0131 Mehmet ve ailesi vard\u0131r. Onlar zorluklarla m\u00fccadele etmeyi bilir ve korkmazlar. \u00dcstelik Mehmet \u00e7al\u0131\u015fkanl\u0131\u011f\u0131 ve akl\u0131 sayesinde onlarla ba\u015fa \u00e7\u0131kmay\u0131 bilir ve daha pek \u00e7ok g\u00fczel \u015feye imzas\u0131n\u0131 atar. <\/p>\n","protected":false},"excerpt":{"rendered":"<p>Ali Zorbahan ve e\u015fi Zilhan o\u011fullar\u0131 Mehmet\u2019le birlikte Anadolu\u2019muzun g\u00fczel bir k\u00f6\u015fesinde ya\u015far. Onlar \u00e7al\u0131\u015farak, al\u0131n teri d\u00f6kerek hayatlar\u0131n\u0131 s\u00fcrd\u00fcr\u00fcrler. K\u00f6y\u00fcn kimsesiz ve ya\u015fl\u0131 ki\u015fisi Hasan<span class=\"excerpt-hellip\"> [\u2026]<\/span><\/p>\n","protected":false},"featured_media":0,"template":"","meta":{"_monsterinsights_skip_tracking":false,"_monsterinsights_sitenote_active":false,"_monsterinsights_sitenote_note":"","_monsterinsights_sitenote_category":0},"product_brand":[],"product_cat":[12274,12284],"product_tag":[],"class_list":{"0":"post-704148","1":"product","2":"type-product","3":"status-publish","5":"product_cat-cocuk-ve-genclik-kitaplari","6":"product_cat-hikayeler","7":"pa_cilt-ciltsiz","8":"pa_tur-kitap","9":"pa_yayinevi-bilge-kultur-sanat","10":"pa_yazar-cahit-ucuk","12":"first","13":"instock","14":"sale","15":"shipping-taxable","16":"purchasable","17":"product-type-simple"},"_links":{"self":[{"href":"https:\/\/roveyayinevi.com.tr\/index.php\/wp-json\/wp\/v2\/product\/704148","targetHints":{"allow":["GET"]}}],"collection":[{"href":"https:\/\/roveyayinevi.com.tr\/index.php\/wp-json\/wp\/v2\/product"}],"about":[{"href":"https:\/\/roveyayinevi.com.tr\/index.php\/wp-json\/wp\/v2\/types\/product"}],"wp:attachment":[{"href":"https:\/\/roveyayinevi.com.tr\/index.php\/wp-json\/wp\/v2\/media?parent=704148"}],"wp:term":[{"taxonomy":"product_brand","embeddable":true,"href":"https:\/\/roveyayinevi.com.tr\/index.php\/wp-json\/wp\/v2\/product_brand?post=704148"},{"taxonomy":"product_cat","embeddable":true,"href":"https:\/\/roveyayinevi.com.tr\/index.php\/wp-json\/wp\/v2\/product_cat?post=704148"},{"taxonomy":"product_tag","embeddable":true,"href":"https:\/\/roveyayinevi.com.tr\/index.php\/wp-json\/wp\/v2\/product_tag?post=704148"}],"curies":[{"name":"wp","href":"https:\/\/api.w.org\/{rel}","templated":true}]}}