{"id":704147,"date":"2025-08-27T15:32:41","date_gmt":"2025-08-27T12:32:41","guid":{"rendered":"https:\/\/roveyayinevi.com.tr\/index.php\/urun\/kafein-ve-piksel\/"},"modified":"2026-04-16T02:13:08","modified_gmt":"2026-04-15T23:13:08","slug":"kafein-ve-piksel","status":"publish","type":"product","link":"https:\/\/roveyayinevi.com.tr\/index.php\/urun\/kafein-ve-piksel\/","title":{"rendered":"Kafein ve Piksel"},"content":{"rendered":"<p>&#8230;O g\u00fcnden beri yaz\u0131yorum anne. \u00dcnlemlerce kusuyor, sat\u0131r sat\u0131r \u00f6zl\u00fcyorum. C\u00fcmlelerimi deviriyorum k\u0131rg\u0131nl\u0131\u011f\u0131mda ve k\u0131zg\u0131nl\u0131\u011f\u0131mda bir nokta at\u0131\u015f\u0131; al\u0131nlar\u0131n\u0131n ortas\u0131na! Melodiler e\u015flik ediyor bana sonra, kahvem doluyor. Elim a\u00e7\u0131k, dudaklar\u0131m aral\u0131k.Yaz\u0131yorum. Bu benim kalbimi s\u0131kma bi\u00e7imim anne. Bilirsin, g\u0131c\u0131rd\u0131yor i\u015fte. <\/p>\n","protected":false},"excerpt":{"rendered":"<p>&#8230;O g\u00fcnden beri yaz\u0131yorum anne. \u00dcnlemlerce kusuyor, sat\u0131r sat\u0131r \u00f6zl\u00fcyorum. C\u00fcmlelerimi deviriyorum k\u0131rg\u0131nl\u0131\u011f\u0131mda ve k\u0131zg\u0131nl\u0131\u011f\u0131mda bir nokta at\u0131\u015f\u0131; al\u0131nlar\u0131n\u0131n ortas\u0131na! Melodiler e\u015flik ediyor bana sonra, kahvem<span class=\"excerpt-hellip\"> [\u2026]<\/span><\/p>\n","protected":false},"featured_media":0,"template":"","meta":{"_monsterinsights_skip_tracking":false,"_monsterinsights_sitenote_active":false,"_monsterinsights_sitenote_note":"","_monsterinsights_sitenote_category":0},"product_brand":[],"product_cat":[12777,12291],"product_tag":[],"class_list":{"0":"post-704147","1":"product","2":"type-product","3":"status-publish","5":"product_cat-deneme","6":"product_cat-edebiyat","7":"pa_tur-kitap","8":"pa_yayinevi-herdem-kitap","9":"pa_yazar-n-sumeyye-karabatak","11":"first","12":"instock","13":"sale","14":"shipping-taxable","15":"purchasable","16":"product-type-simple"},"_links":{"self":[{"href":"https:\/\/roveyayinevi.com.tr\/index.php\/wp-json\/wp\/v2\/product\/704147","targetHints":{"allow":["GET"]}}],"collection":[{"href":"https:\/\/roveyayinevi.com.tr\/index.php\/wp-json\/wp\/v2\/product"}],"about":[{"href":"https:\/\/roveyayinevi.com.tr\/index.php\/wp-json\/wp\/v2\/types\/product"}],"wp:attachment":[{"href":"https:\/\/roveyayinevi.com.tr\/index.php\/wp-json\/wp\/v2\/media?parent=704147"}],"wp:term":[{"taxonomy":"product_brand","embeddable":true,"href":"https:\/\/roveyayinevi.com.tr\/index.php\/wp-json\/wp\/v2\/product_brand?post=704147"},{"taxonomy":"product_cat","embeddable":true,"href":"https:\/\/roveyayinevi.com.tr\/index.php\/wp-json\/wp\/v2\/product_cat?post=704147"},{"taxonomy":"product_tag","embeddable":true,"href":"https:\/\/roveyayinevi.com.tr\/index.php\/wp-json\/wp\/v2\/product_tag?post=704147"}],"curies":[{"name":"wp","href":"https:\/\/api.w.org\/{rel}","templated":true}]}}