{"id":704143,"date":"2025-08-27T15:32:39","date_gmt":"2025-08-27T12:32:39","guid":{"rendered":"https:\/\/roveyayinevi.com.tr\/index.php\/urun\/anne-babalar-icin-ergen-ruh-sagligi-rehberi\/"},"modified":"2026-04-16T02:13:08","modified_gmt":"2026-04-15T23:13:08","slug":"anne-babalar-icin-ergen-ruh-sagligi-rehberi","status":"publish","type":"product","link":"https:\/\/roveyayinevi.com.tr\/index.php\/urun\/anne-babalar-icin-ergen-ruh-sagligi-rehberi\/","title":{"rendered":"Anne-Babalar \u0130\u00e7in Ergen Ruh Sa\u011fl\u0131\u011f\u0131 Rehberi"},"content":{"rendered":"<p>Bebeklik d\u00f6nemini hesaba katmazsak insan hayat\u0131ndaki en h\u0131zl\u0131 ve belki de en \u00f6nemli de\u011fi\u015fimlerin ya\u015fand\u0131\u011f\u0131 d\u00f6nem olan\u201cergenlik\u201d, di\u011fer deyi\u015flerle \u201cbulu\u011f \u00e7a\u011f\u0131\u201d, \u201cgen\u00e7 k\u0131zl\u0131k\/delikanl\u0131l\u0131k\u201d hakk\u0131nda tarih boyunca \u00e7ok s\u00f6z s\u00f6ylendi, \u00e7ok \u015fey yaz\u0131l\u0131p\u00e7izildi. G\u00fcn\u00fcm\u00fczde ergenlik \u00e7a\u011f\u0131 halen ilgi \u00e7ekmeye, merak konusu olmaya devam ediyor.Ne \u00e7ocuk ne de eri\u015fkin ama hem \u00e7ocuk hem de eri\u015fkin olan, b\u00fcy\u00fck bir h\u0131zla ba\u015fkala\u015f\u0131m ge\u00e7iren ergen somuttan soyuta,bireyselden evrensele, teklikten \u00e7o\u011fullu\u011fa y\u00f6nelmektedir. Yeni tan\u0131\u015ft\u0131\u011f\u0131 kavram ve duygular\u0131n da etkisiyle, toplumun endinamik unsurlar\u0131ndan biridir art\u0131k. De\u011fi\u015fime a\u00e7\u0131k ama bir o kadar da duyarl\u0131d\u0131r. \u00d6zg\u00fcr ve giri\u015fimci ve bir o kadar da ba\u011f\u0131ml\u0131ve korkakt\u0131r.Bu kitap, insan\u0131 insan yapan de\u011ferlerin kazan\u0131ld\u0131\u011f\u0131, kim oldu\u011fumuzun ve nereye gitti\u011fimizin sorguland\u0131\u011f\u0131, toplumun bu endinamik ya\u015f grubunu daha iyi anlamaya do\u011fru, anne-babalar i\u00e7in modern t\u0131p y\u00f6ntemleriyle elde edilen bilgi ve deneyimlerisunan bir rehber.Ergen Ruh Sa\u011fl\u0131\u011f\u0131yla \u0130lgili S\u0131k Sorulan Sorular* Ergenlik \u00e7a\u011f\u0131ndaki \u00e7ocu\u011fuma nas\u0131l yakla\u015fmal\u0131y\u0131m?* Ergenle ya\u015fanan \u00e7at\u0131\u015fmalar nas\u0131l \u00e7\u00f6z\u00fcmlenir?* Arkada\u015f ili\u015fkileri ergeni nas\u0131l etkiler?* \u00c7ocu\u011fumun sorumlulu\u011funu \u00fcstlenmesini nas\u0131l sa\u011flar\u0131m?* \u00dcniversite s\u0131nav\u0131 ruh sa\u011fl\u0131\u011f\u0131n\u0131 nas\u0131l etkiliyor?* Meslek se\u00e7iminde nelere dikkat etmeli?* Medyan\u0131n ergenler \u00fczerindeki etkileri neler?* Ergenlikte ya\u015fanan ruhsal sorunlara nas\u0131l yakla\u015fmal\u0131?<\/p>\n","protected":false},"excerpt":{"rendered":"<p>Bebeklik d\u00f6nemini hesaba katmazsak insan hayat\u0131ndaki en h\u0131zl\u0131 ve belki de en \u00f6nemli de\u011fi\u015fimlerin ya\u015fand\u0131\u011f\u0131 d\u00f6nem olan\u201cergenlik\u201d, di\u011fer deyi\u015flerle \u201cbulu\u011f \u00e7a\u011f\u0131\u201d, \u201cgen\u00e7 k\u0131zl\u0131k\/delikanl\u0131l\u0131k\u201d hakk\u0131nda tarih boyunca<span class=\"excerpt-hellip\"> [\u2026]<\/span><\/p>\n","protected":false},"featured_media":0,"template":"","meta":{"_monsterinsights_skip_tracking":false,"_monsterinsights_sitenote_active":false,"_monsterinsights_sitenote_note":"","_monsterinsights_sitenote_category":0},"product_brand":[],"product_cat":[17996,12364],"product_tag":[],"class_list":{"0":"post-704143","1":"product","2":"type-product","3":"status-publish","5":"product_cat-ebeveyn-kitaplari","6":"product_cat-genel-konular","7":"pa_cilt-ciltsiz","8":"pa_tur-kitap","9":"pa_yayinevi-say-yayinlari","10":"pa_yazar-koray-karabekiroglu","12":"first","13":"instock","14":"sale","15":"shipping-taxable","16":"purchasable","17":"product-type-simple"},"_links":{"self":[{"href":"https:\/\/roveyayinevi.com.tr\/index.php\/wp-json\/wp\/v2\/product\/704143","targetHints":{"allow":["GET"]}}],"collection":[{"href":"https:\/\/roveyayinevi.com.tr\/index.php\/wp-json\/wp\/v2\/product"}],"about":[{"href":"https:\/\/roveyayinevi.com.tr\/index.php\/wp-json\/wp\/v2\/types\/product"}],"wp:attachment":[{"href":"https:\/\/roveyayinevi.com.tr\/index.php\/wp-json\/wp\/v2\/media?parent=704143"}],"wp:term":[{"taxonomy":"product_brand","embeddable":true,"href":"https:\/\/roveyayinevi.com.tr\/index.php\/wp-json\/wp\/v2\/product_brand?post=704143"},{"taxonomy":"product_cat","embeddable":true,"href":"https:\/\/roveyayinevi.com.tr\/index.php\/wp-json\/wp\/v2\/product_cat?post=704143"},{"taxonomy":"product_tag","embeddable":true,"href":"https:\/\/roveyayinevi.com.tr\/index.php\/wp-json\/wp\/v2\/product_tag?post=704143"}],"curies":[{"name":"wp","href":"https:\/\/api.w.org\/{rel}","templated":true}]}}