{"id":704142,"date":"2025-08-27T15:32:38","date_gmt":"2025-08-27T12:32:38","guid":{"rendered":"https:\/\/roveyayinevi.com.tr\/index.php\/urun\/gumusten-sabahlik\/"},"modified":"2026-04-16T02:13:08","modified_gmt":"2026-04-15T23:13:08","slug":"gumusten-sabahlik","status":"publish","type":"product","link":"https:\/\/roveyayinevi.com.tr\/index.php\/urun\/gumusten-sabahlik\/","title":{"rendered":"G\u00fcm\u00fc\u015ften Sabahl\u0131k"},"content":{"rendered":"<p>Benim yolculu\u011fum bu kitab\u0131 yazmakt\u0131. \u015eimdi ise senin yolculu\u011fun ba\u015fl\u0131yor. Bu yolculukta tek ba\u015f\u0131nas\u0131n. Sadece bir mum \u0131\u015f\u0131\u011f\u0131 tutabilirim sana. Unutma ki, soban\u0131n s\u0131cak oldu\u011funu kendin \u00f6\u011frenmelisin. Kitab\u0131 bitirdi\u011finde sen de benim gibi soban\u0131n \u00f6n k\u0131sm\u0131n\u0131n s\u0131cak oldu\u011funu anlayacak ve yan taraflar\u0131na dokunacaks\u0131n. Evet yine yanacak can\u0131n. Bu kez de arka k\u0131sm\u0131n\u0131 deneyeceksin. Her sene farkl\u0131 bir k\u0131sm\u0131yla tan\u0131\u015facaks\u0131n. Sadece derin bir nefesle dene ki; hayat\u0131 ka\u00e7\u0131rma! <\/p>\n","protected":false},"excerpt":{"rendered":"<p>Benim yolculu\u011fum bu kitab\u0131 yazmakt\u0131. \u015eimdi ise senin yolculu\u011fun ba\u015fl\u0131yor. Bu yolculukta tek ba\u015f\u0131nas\u0131n. Sadece bir mum \u0131\u015f\u0131\u011f\u0131 tutabilirim sana. Unutma ki, soban\u0131n s\u0131cak oldu\u011funu kendin<span class=\"excerpt-hellip\"> [\u2026]<\/span><\/p>\n","protected":false},"featured_media":0,"template":"","meta":{"_monsterinsights_skip_tracking":false,"_monsterinsights_sitenote_active":false,"_monsterinsights_sitenote_note":"","_monsterinsights_sitenote_category":0},"product_brand":[],"product_cat":[12777,12291],"product_tag":[],"class_list":{"0":"post-704142","1":"product","2":"type-product","3":"status-publish","5":"product_cat-deneme","6":"product_cat-edebiyat","7":"pa_tur-kitap","8":"pa_yayinevi-herdem-kitap","9":"pa_yazar-nimet-gulce-tunaboylu","11":"first","12":"instock","13":"sale","14":"shipping-taxable","15":"purchasable","16":"product-type-simple"},"_links":{"self":[{"href":"https:\/\/roveyayinevi.com.tr\/index.php\/wp-json\/wp\/v2\/product\/704142","targetHints":{"allow":["GET"]}}],"collection":[{"href":"https:\/\/roveyayinevi.com.tr\/index.php\/wp-json\/wp\/v2\/product"}],"about":[{"href":"https:\/\/roveyayinevi.com.tr\/index.php\/wp-json\/wp\/v2\/types\/product"}],"wp:attachment":[{"href":"https:\/\/roveyayinevi.com.tr\/index.php\/wp-json\/wp\/v2\/media?parent=704142"}],"wp:term":[{"taxonomy":"product_brand","embeddable":true,"href":"https:\/\/roveyayinevi.com.tr\/index.php\/wp-json\/wp\/v2\/product_brand?post=704142"},{"taxonomy":"product_cat","embeddable":true,"href":"https:\/\/roveyayinevi.com.tr\/index.php\/wp-json\/wp\/v2\/product_cat?post=704142"},{"taxonomy":"product_tag","embeddable":true,"href":"https:\/\/roveyayinevi.com.tr\/index.php\/wp-json\/wp\/v2\/product_tag?post=704142"}],"curies":[{"name":"wp","href":"https:\/\/api.w.org\/{rel}","templated":true}]}}