{"id":704141,"date":"2025-08-27T15:32:38","date_gmt":"2025-08-27T12:32:38","guid":{"rendered":"https:\/\/roveyayinevi.com.tr\/index.php\/urun\/atinalilarin-devleti-2\/"},"modified":"2026-04-16T02:13:08","modified_gmt":"2026-04-15T23:13:08","slug":"atinalilarin-devleti-2","status":"publish","type":"product","link":"https:\/\/roveyayinevi.com.tr\/index.php\/urun\/atinalilarin-devleti-2\/","title":{"rendered":"Atinal\u0131lar\u0131n Devleti"},"content":{"rendered":"<p>Aristoteles (M\u00d6 384-M\u00d6 323): En \u00f6nemli ve \u00e7ok y\u00f6nl\u00fc Antik Yunan filozoflar\u0131ndan biridir. \u00c7a\u011fda\u015f felsefe e\u011fitiminin ayr\u0131lmaz bir par\u00e7as\u0131 olan g\u00f6r\u00fc\u015flerinin etkileri pek \u00e7ok alanda s\u00fcrmektedir. Dil, felsefe, sanat, fizik gibi \u00e7ok \u00e7e\u015fitli alanlarda, g\u00fcn\u00fcm\u00fczde dahi canl\u0131l\u0131\u011f\u0131n\u0131 koruyan pek \u00e7ok kavram ve kuramsal ayr\u0131mla d\u00fc\u015f\u00fcnce tarihine b\u00fcy\u00fck katk\u0131s\u0131 olmu\u015ftur. Atinal\u0131lar\u0131n Devleti, Aristoteles&#8217;in genel okur kitlesine hitaben yaz\u0131lm\u0131\u015f, devlet rejimlerini konu alan kapsaml\u0131 eseri Politeia&#8217;n\u0131n ilk ve en ayr\u0131nt\u0131l\u0131 k\u0131sm\u0131d\u0131r. Aristoteles Atina tarihini anlatt\u0131ktan sonra kendine has metodik ve bilimsel yakla\u015f\u0131mla Atina devletinin yap\u0131s\u0131n\u0131 ve i\u015fleyi\u015fini anlat\u0131r. Atina demokrasisi ve kurumlar\u0131 hakk\u0131nda bug\u00fcn bildiklerimizin \u00e7o\u011funa kaynakl\u0131k eden Atinal\u0131lar\u0131n Devleti, sadece i\u00e7eri\u011fiyle de\u011fil uslubuyla da \u00e7ok de\u011ferli bir klasiktir. <\/p>\n","protected":false},"excerpt":{"rendered":"<p>Aristoteles (M\u00d6 384-M\u00d6 323): En \u00f6nemli ve \u00e7ok y\u00f6nl\u00fc Antik Yunan filozoflar\u0131ndan biridir. \u00c7a\u011fda\u015f felsefe e\u011fitiminin ayr\u0131lmaz bir par\u00e7as\u0131 olan g\u00f6r\u00fc\u015flerinin etkileri pek \u00e7ok alanda s\u00fcrmektedir.<span class=\"excerpt-hellip\"> [\u2026]<\/span><\/p>\n","protected":false},"featured_media":0,"template":"","meta":{"_monsterinsights_skip_tracking":false,"_monsterinsights_sitenote_active":false,"_monsterinsights_sitenote_note":"","_monsterinsights_sitenote_category":0},"product_brand":[],"product_cat":[12388,14717],"product_tag":[],"class_list":{"0":"post-704141","1":"product","2":"type-product","3":"status-publish","5":"product_cat-felsefe","6":"product_cat-felsefe-tarihi","7":"pa_cilt-ciltsiz","8":"pa_tur-kitap","9":"pa_yayinevi-is-bankasi-kultur-yayinlari","10":"pa_yazar-aristoteles","12":"first","13":"instock","14":"sale","15":"shipping-taxable","16":"purchasable","17":"product-type-simple"},"_links":{"self":[{"href":"https:\/\/roveyayinevi.com.tr\/index.php\/wp-json\/wp\/v2\/product\/704141","targetHints":{"allow":["GET"]}}],"collection":[{"href":"https:\/\/roveyayinevi.com.tr\/index.php\/wp-json\/wp\/v2\/product"}],"about":[{"href":"https:\/\/roveyayinevi.com.tr\/index.php\/wp-json\/wp\/v2\/types\/product"}],"wp:attachment":[{"href":"https:\/\/roveyayinevi.com.tr\/index.php\/wp-json\/wp\/v2\/media?parent=704141"}],"wp:term":[{"taxonomy":"product_brand","embeddable":true,"href":"https:\/\/roveyayinevi.com.tr\/index.php\/wp-json\/wp\/v2\/product_brand?post=704141"},{"taxonomy":"product_cat","embeddable":true,"href":"https:\/\/roveyayinevi.com.tr\/index.php\/wp-json\/wp\/v2\/product_cat?post=704141"},{"taxonomy":"product_tag","embeddable":true,"href":"https:\/\/roveyayinevi.com.tr\/index.php\/wp-json\/wp\/v2\/product_tag?post=704141"}],"curies":[{"name":"wp","href":"https:\/\/api.w.org\/{rel}","templated":true}]}}