{"id":704138,"date":"2025-08-27T15:32:36","date_gmt":"2025-08-27T12:32:36","guid":{"rendered":"https:\/\/roveyayinevi.com.tr\/index.php\/urun\/degerler-egitimi-para-bilinci\/"},"modified":"2026-04-16T02:13:08","modified_gmt":"2026-04-15T23:13:08","slug":"degerler-egitimi-para-bilinci","status":"publish","type":"product","link":"https:\/\/roveyayinevi.com.tr\/index.php\/urun\/degerler-egitimi-para-bilinci\/","title":{"rendered":"De\u011ferler E\u011fitimi &#8211; Para Bilinci"},"content":{"rendered":"<p>B\u00fcy\u00fcme \u00e7a\u011f\u0131ndaki \u00e7ocu\u011funuzun paran\u0131z\u0131n de\u011ferini \u00f6\u011frenebilmesi i\u00e7in paray\u0131 nas\u0131l daha ak\u0131ll\u0131ca kullanabilece\u011fi konusunda ona yard\u0131mc\u0131 olman\u0131z gerekir. Bu davran\u0131\u015f\u0131n\u0131z onun ger\u00e7ek ya\u015famla ba\u015f etmesini kolayla\u015ft\u0131racakt\u0131r. \ufffcTan\u0131t\u0131m Metni<\/p>\n","protected":false},"excerpt":{"rendered":"<p>B\u00fcy\u00fcme \u00e7a\u011f\u0131ndaki \u00e7ocu\u011funuzun paran\u0131z\u0131n de\u011ferini \u00f6\u011frenebilmesi i\u00e7in paray\u0131 nas\u0131l daha ak\u0131ll\u0131ca kullanabilece\u011fi konusunda ona yard\u0131mc\u0131 olman\u0131z gerekir. Bu davran\u0131\u015f\u0131n\u0131z onun ger\u00e7ek ya\u015famla ba\u015f etmesini kolayla\u015ft\u0131racakt\u0131r. \ufffcTan\u0131t\u0131m<span class=\"excerpt-hellip\"> [\u2026]<\/span><\/p>\n","protected":false},"featured_media":0,"template":"","meta":{"_monsterinsights_skip_tracking":false,"_monsterinsights_sitenote_active":false,"_monsterinsights_sitenote_note":"","_monsterinsights_sitenote_category":0},"product_brand":[],"product_cat":[12554,12274],"product_tag":[],"class_list":{"0":"post-704138","1":"product","2":"type-product","3":"status-publish","5":"product_cat-cikartmali-kitaplar","6":"product_cat-cocuk-ve-genclik-kitaplari","7":"pa_cilt-ciltsiz","8":"pa_tur-kitap","9":"pa_yayinevi-altin-kitaplar","10":"pa_yazar-kolektif","12":"first","13":"instock","14":"sale","15":"shipping-taxable","16":"purchasable","17":"product-type-simple"},"_links":{"self":[{"href":"https:\/\/roveyayinevi.com.tr\/index.php\/wp-json\/wp\/v2\/product\/704138","targetHints":{"allow":["GET"]}}],"collection":[{"href":"https:\/\/roveyayinevi.com.tr\/index.php\/wp-json\/wp\/v2\/product"}],"about":[{"href":"https:\/\/roveyayinevi.com.tr\/index.php\/wp-json\/wp\/v2\/types\/product"}],"wp:attachment":[{"href":"https:\/\/roveyayinevi.com.tr\/index.php\/wp-json\/wp\/v2\/media?parent=704138"}],"wp:term":[{"taxonomy":"product_brand","embeddable":true,"href":"https:\/\/roveyayinevi.com.tr\/index.php\/wp-json\/wp\/v2\/product_brand?post=704138"},{"taxonomy":"product_cat","embeddable":true,"href":"https:\/\/roveyayinevi.com.tr\/index.php\/wp-json\/wp\/v2\/product_cat?post=704138"},{"taxonomy":"product_tag","embeddable":true,"href":"https:\/\/roveyayinevi.com.tr\/index.php\/wp-json\/wp\/v2\/product_tag?post=704138"}],"curies":[{"name":"wp","href":"https:\/\/api.w.org\/{rel}","templated":true}]}}