{"id":704136,"date":"2025-08-27T15:32:35","date_gmt":"2025-08-27T12:32:35","guid":{"rendered":"https:\/\/roveyayinevi.com.tr\/index.php\/urun\/kendini-savunan-insan\/"},"modified":"2026-04-16T02:13:08","modified_gmt":"2026-04-15T23:13:08","slug":"kendini-savunan-insan","status":"publish","type":"product","link":"https:\/\/roveyayinevi.com.tr\/index.php\/urun\/kendini-savunan-insan\/","title":{"rendered":"Kendini Savunan \u0130nsan"},"content":{"rendered":"<p>Modern toplum, mutlulu\u011fu, bireyselli\u011fi ve ki\u015fisel \u00e7\u0131kar\u0131 b\u00fcy\u00fck \u00f6l\u00e7\u00fcde vurgulamas\u0131na kar\u015f\u0131n, insana ya\u015faman\u0131n amac\u0131n\u0131n (ya da e\u011fer tanr\u0131bilimsel bir terim kullanacak olursak, insan\u0131n kurtulu\u015funun) mutluluk olmay\u0131p, \u00e7al\u0131\u015f\u0131p \u00f6devini yerine getirmek ya da ba\u015far\u0131l\u0131 olmak oldu\u011funu hissetmeyi \u00f6\u011fretmi\u015ftir. Para, \u00fcn ve g\u00fc\u00e7, insan\u0131n isteklendiricileri ve erekleri haline gelmi\u015ftir. Oysa insan, eylemlerinin ki\u015fisel \u00e7\u0131kar\u0131 a\u00e7\u0131s\u0131ndan yararl\u0131 oldu\u011fu yan\u0131lsamas\u0131 i\u00e7inde ya\u015famakta, asl\u0131nda kendi ger\u00e7ek ben\u2019inin \u00e7\u0131karlar\u0131ndan ba\u015fka her \u015feye hizmet etmektedir. Ona g\u00f6re, ya\u015fam\u0131n\u0131n ve ya\u015fama sanat\u0131n\u0131n d\u0131\u015f\u0131nda her \u015fey \u00f6nemlidir: Ve insan, kendisinin d\u0131\u015f\u0131nda, her \u015feyi savunmaktad\u0131r. \ufffc<\/p>\n","protected":false},"excerpt":{"rendered":"<p>Modern toplum, mutlulu\u011fu, bireyselli\u011fi ve ki\u015fisel \u00e7\u0131kar\u0131 b\u00fcy\u00fck \u00f6l\u00e7\u00fcde vurgulamas\u0131na kar\u015f\u0131n, insana ya\u015faman\u0131n amac\u0131n\u0131n (ya da e\u011fer tanr\u0131bilimsel bir terim kullanacak olursak, insan\u0131n kurtulu\u015funun) mutluluk olmay\u0131p,<span class=\"excerpt-hellip\"> [\u2026]<\/span><\/p>\n","protected":false},"featured_media":0,"template":"","meta":{"_monsterinsights_skip_tracking":false,"_monsterinsights_sitenote_active":false,"_monsterinsights_sitenote_note":"","_monsterinsights_sitenote_category":0},"product_brand":[],"product_cat":[12358,12357],"product_tag":[],"class_list":{"0":"post-704136","1":"product","2":"type-product","3":"status-publish","5":"product_cat-genel-psikoloji","6":"product_cat-psikoloji","7":"pa_cilt-ciltsiz","8":"pa_tur-kitap","9":"pa_yayinevi-say-yayinlari","10":"pa_yazar-erich-fromm","12":"first","13":"instock","14":"sale","15":"shipping-taxable","16":"purchasable","17":"product-type-simple"},"_links":{"self":[{"href":"https:\/\/roveyayinevi.com.tr\/index.php\/wp-json\/wp\/v2\/product\/704136","targetHints":{"allow":["GET"]}}],"collection":[{"href":"https:\/\/roveyayinevi.com.tr\/index.php\/wp-json\/wp\/v2\/product"}],"about":[{"href":"https:\/\/roveyayinevi.com.tr\/index.php\/wp-json\/wp\/v2\/types\/product"}],"wp:attachment":[{"href":"https:\/\/roveyayinevi.com.tr\/index.php\/wp-json\/wp\/v2\/media?parent=704136"}],"wp:term":[{"taxonomy":"product_brand","embeddable":true,"href":"https:\/\/roveyayinevi.com.tr\/index.php\/wp-json\/wp\/v2\/product_brand?post=704136"},{"taxonomy":"product_cat","embeddable":true,"href":"https:\/\/roveyayinevi.com.tr\/index.php\/wp-json\/wp\/v2\/product_cat?post=704136"},{"taxonomy":"product_tag","embeddable":true,"href":"https:\/\/roveyayinevi.com.tr\/index.php\/wp-json\/wp\/v2\/product_tag?post=704136"}],"curies":[{"name":"wp","href":"https:\/\/api.w.org\/{rel}","templated":true}]}}