{"id":704132,"date":"2025-08-27T15:32:33","date_gmt":"2025-08-27T12:32:33","guid":{"rendered":"https:\/\/roveyayinevi.com.tr\/index.php\/urun\/ataturk-babam-ve-ben\/"},"modified":"2026-04-16T02:13:08","modified_gmt":"2026-04-15T23:13:08","slug":"ataturk-babam-ve-ben","status":"publish","type":"product","link":"https:\/\/roveyayinevi.com.tr\/index.php\/urun\/ataturk-babam-ve-ben\/","title":{"rendered":"Atat\u00fcrk Babam ve Ben"},"content":{"rendered":"<p>85 ya\u015f\u0131nda Ankaral\u0131 bir Atat\u00fcrk \u00e7ocu\u011fuyum.65 y\u0131ll\u0131k da gazeteci ve yazar\u0131m.Pek \u00e7ok okura ula\u015fm\u0131s 15 kitab\u0131m var.Atat\u00fcrk \u00f6leli 77 y\u0131l oldu ama kurdu\u011fu Cumhuriyet hala ya\u015f\u0131yor.Bizler g\u00f6revimizi yapt\u0131k\u00e7a yasamaya da devam edecek.Atat\u00fcrk\u2019\u00fcn sava\u015f ve siyaset arkada\u015flar\u0131ndan art\u0131k kimse yok. Bir yerlerde, onu g\u00f6ren, sesini duyan birka\u00e7 \u00e7ocuk kalm\u0131\u015f olabilir. I\u00e7lerinden biri de benim.Onunla konu\u015ftum, ne mutlu bana.Kurtulu\u015f Sava\u015f\u0131m\u0131z boyunca babam onun yan\u0131ndaym\u0131\u015f.Bu kitapta, onun an\u0131lar\u0131yla benimkileri bulacaks\u0131n\u0131z.<\/p>\n","protected":false},"excerpt":{"rendered":"<p>85 ya\u015f\u0131nda Ankaral\u0131 bir Atat\u00fcrk \u00e7ocu\u011fuyum.65 y\u0131ll\u0131k da gazeteci ve yazar\u0131m.Pek \u00e7ok okura ula\u015fm\u0131s 15 kitab\u0131m var.Atat\u00fcrk \u00f6leli 77 y\u0131l oldu ama kurdu\u011fu Cumhuriyet hala ya\u015f\u0131yor.Bizler<span class=\"excerpt-hellip\"> [\u2026]<\/span><\/p>\n","protected":false},"featured_media":0,"template":"","meta":{"_monsterinsights_skip_tracking":false,"_monsterinsights_sitenote_active":false,"_monsterinsights_sitenote_note":"","_monsterinsights_sitenote_category":0},"product_brand":[],"product_cat":[12275,12274],"product_tag":[],"class_list":{"0":"post-704132","1":"product","2":"type-product","3":"status-publish","5":"product_cat-6-12-yas-kitaplari","6":"product_cat-cocuk-ve-genclik-kitaplari","7":"pa_cilt-ciltsiz","8":"pa_tur-kitap","9":"pa_yayinevi-dogan-egmont-yayincilik","10":"pa_yazar-orhan-karaveli","12":"first","13":"instock","14":"sale","15":"shipping-taxable","16":"purchasable","17":"product-type-simple"},"_links":{"self":[{"href":"https:\/\/roveyayinevi.com.tr\/index.php\/wp-json\/wp\/v2\/product\/704132","targetHints":{"allow":["GET"]}}],"collection":[{"href":"https:\/\/roveyayinevi.com.tr\/index.php\/wp-json\/wp\/v2\/product"}],"about":[{"href":"https:\/\/roveyayinevi.com.tr\/index.php\/wp-json\/wp\/v2\/types\/product"}],"wp:attachment":[{"href":"https:\/\/roveyayinevi.com.tr\/index.php\/wp-json\/wp\/v2\/media?parent=704132"}],"wp:term":[{"taxonomy":"product_brand","embeddable":true,"href":"https:\/\/roveyayinevi.com.tr\/index.php\/wp-json\/wp\/v2\/product_brand?post=704132"},{"taxonomy":"product_cat","embeddable":true,"href":"https:\/\/roveyayinevi.com.tr\/index.php\/wp-json\/wp\/v2\/product_cat?post=704132"},{"taxonomy":"product_tag","embeddable":true,"href":"https:\/\/roveyayinevi.com.tr\/index.php\/wp-json\/wp\/v2\/product_tag?post=704132"}],"curies":[{"name":"wp","href":"https:\/\/api.w.org\/{rel}","templated":true}]}}