{"id":704128,"date":"2025-08-27T15:32:31","date_gmt":"2025-08-27T12:32:31","guid":{"rendered":"https:\/\/roveyayinevi.com.tr\/index.php\/urun\/alper-okula-gitmek-zorunda-miyim\/"},"modified":"2026-04-16T02:13:08","modified_gmt":"2026-04-15T23:13:08","slug":"alper-okula-gitmek-zorunda-miyim","status":"publish","type":"product","link":"https:\/\/roveyayinevi.com.tr\/index.php\/urun\/alper-okula-gitmek-zorunda-miyim\/","title":{"rendered":"Alper &#8211; Okula Gitmek Zorunda m\u0131y\u0131m?"},"content":{"rendered":"<p>Alper okullar a\u00e7\u0131laca\u011f\u0131 i\u00e7in \u00e7ok heyecanl\u0131yd\u0131. Yeni kitaplar, kalemler\u2026 \u0130kiz karde\u015fi Burcu\u2019yla g\u00fcle oynaya okula gitti. \u0130lk g\u00fcnler \u00e7ok keyifliydi. Fakat sonra \u201cHer g\u00fcn okula gitmek \u00e7ok s\u0131k\u0131c\u0131!\u201d diye d\u00fc\u015f\u00fcnmeye ba\u015flad\u0131. Okula gitmemek i\u00e7in bir yol bulmal\u0131yd\u0131. Ama ne? D\u00fc\u015f\u00fcn\u00fcrken akl\u0131na muhte\u015fem bir fikir geldi: \u201cBir i\u015f bulmal\u0131y\u0131m! O zaman okula gitmem gerekmez!\u201d\u00d6nce servis \u015fof\u00f6r\u00fc, sonra simit\u00e7i olmaya karar verdi\u2026 Alper ya\u015fad\u0131\u011f\u0131 bu macerada okulunu \u00f6zlemi\u015f midir sizce? <\/p>\n","protected":false},"excerpt":{"rendered":"<p>Alper okullar a\u00e7\u0131laca\u011f\u0131 i\u00e7in \u00e7ok heyecanl\u0131yd\u0131. Yeni kitaplar, kalemler\u2026 \u0130kiz karde\u015fi Burcu\u2019yla g\u00fcle oynaya okula gitti. \u0130lk g\u00fcnler \u00e7ok keyifliydi. Fakat sonra \u201cHer g\u00fcn okula gitmek<span class=\"excerpt-hellip\"> [\u2026]<\/span><\/p>\n","protected":false},"featured_media":0,"template":"","meta":{"_monsterinsights_skip_tracking":false,"_monsterinsights_sitenote_active":false,"_monsterinsights_sitenote_note":"","_monsterinsights_sitenote_category":0},"product_brand":[],"product_cat":[12274,12518],"product_tag":[],"class_list":{"0":"post-704128","1":"product","2":"type-product","3":"status-publish","5":"product_cat-cocuk-ve-genclik-kitaplari","6":"product_cat-okul-oncesi-kitaplar","7":"pa_cilt-ciltsiz","8":"pa_tur-kitap","9":"pa_yayinevi-timas-cocuk","10":"pa_yazar-nursen-sirin","12":"first","13":"instock","14":"sale","15":"shipping-taxable","16":"purchasable","17":"product-type-simple"},"_links":{"self":[{"href":"https:\/\/roveyayinevi.com.tr\/index.php\/wp-json\/wp\/v2\/product\/704128","targetHints":{"allow":["GET"]}}],"collection":[{"href":"https:\/\/roveyayinevi.com.tr\/index.php\/wp-json\/wp\/v2\/product"}],"about":[{"href":"https:\/\/roveyayinevi.com.tr\/index.php\/wp-json\/wp\/v2\/types\/product"}],"wp:attachment":[{"href":"https:\/\/roveyayinevi.com.tr\/index.php\/wp-json\/wp\/v2\/media?parent=704128"}],"wp:term":[{"taxonomy":"product_brand","embeddable":true,"href":"https:\/\/roveyayinevi.com.tr\/index.php\/wp-json\/wp\/v2\/product_brand?post=704128"},{"taxonomy":"product_cat","embeddable":true,"href":"https:\/\/roveyayinevi.com.tr\/index.php\/wp-json\/wp\/v2\/product_cat?post=704128"},{"taxonomy":"product_tag","embeddable":true,"href":"https:\/\/roveyayinevi.com.tr\/index.php\/wp-json\/wp\/v2\/product_tag?post=704128"}],"curies":[{"name":"wp","href":"https:\/\/api.w.org\/{rel}","templated":true}]}}