{"id":704125,"date":"2025-08-27T15:32:29","date_gmt":"2025-08-27T12:32:29","guid":{"rendered":"https:\/\/roveyayinevi.com.tr\/index.php\/urun\/biz\/"},"modified":"2026-04-16T02:13:08","modified_gmt":"2026-04-15T23:13:08","slug":"biz","status":"publish","type":"product","link":"https:\/\/roveyayinevi.com.tr\/index.php\/urun\/biz\/","title":{"rendered":"Biz"},"content":{"rendered":"<p>G. Orwell ve A. Huxley gibi yazarlar\u0131n \u00f6nc\u00fcs\u00fc ve esin kayna\u011f\u0131 olan Zamyatin, onlardan \u00e7ok daha \u00f6nce yazd\u0131\u011f\u0131Biz ile totalitarizm tehlikesine i\u015faret ederek, anti-\u00fctopyay\u0131 radikal bir ele\u015ftiri silah\u0131na d\u00f6n\u00fc\u015ft\u00fcrm\u00fc\u015ft\u00fcr. B\u00fct\u00fcnl\u00fckl\u00fc, bitmi\u015f bir topluma kar\u015f\u0131 olan ZamyatinBiz\u2019de, b\u00f6ylesi bir toplumun olumsuzluklar\u0131n\u0131 anlat\u0131r. 26. y\u00fczy\u0131lda ge\u00e7en romanda insan do\u011fadan ve kendi \u201cben\u201dli\u011finden kopar\u0131lm\u0131\u015f, \u201cBiz\u201dle\u015ferek teknolojiye ve b\u00fcrokratik devlete teslim olmu\u015ftur. Ki\u015fisellik yoktur&#8230; \u0130nsanlar\u0131n adlar\u0131 de\u011fil, numaralar\u0131 vard\u0131r. Saydam, cam duvarlar\u0131n arkas\u0131nda ya\u015fayan insanlar\u0131n her dakikas\u0131 devlet\u00e7e belirlenmekte, denetlenmektedir. Erkek ve di\u015fi numaralar, yaln\u0131zca izin belgeleriyle \u00f6nceden belirlenmi\u015f sevi\u015fme saatlerinde birbirlerini ziyaret ettikleri zaman perdeleri indirme hakk\u0131na sahiptirler. Zamyatin \u201cger\u00e7ek edebiyat\u0131n g\u00fcvenilir ve gayretke\u015f g\u00f6revliler taraf\u0131ndan de\u011fil ancak ayk\u0131r\u0131 ve asi ruhlular, \u00e7\u0131lg\u0131nlar ve hayalciler taraf\u0131ndan ger\u00e7ekle\u015ftirilebilece\u011fini\u201d savunarak resmi g\u00f6r\u00fc\u015flere kar\u015f\u0131 \u00e7\u0131km\u0131\u015f, ku\u015fa\u011f\u0131n\u0131n en radikal isimlerinden biri olmu\u015ftur. <\/p>\n","protected":false},"excerpt":{"rendered":"<p>G. Orwell ve A. Huxley gibi yazarlar\u0131n \u00f6nc\u00fcs\u00fc ve esin kayna\u011f\u0131 olan Zamyatin, onlardan \u00e7ok daha \u00f6nce yazd\u0131\u011f\u0131Biz ile totalitarizm tehlikesine i\u015faret ederek, anti-\u00fctopyay\u0131 radikal bir<span class=\"excerpt-hellip\"> [\u2026]<\/span><\/p>\n","protected":false},"featured_media":0,"template":"","meta":{"_monsterinsights_skip_tracking":false,"_monsterinsights_sitenote_active":false,"_monsterinsights_sitenote_note":"","_monsterinsights_sitenote_category":0},"product_brand":[],"product_cat":[12291,13570],"product_tag":[],"class_list":{"0":"post-704125","1":"product","2":"type-product","3":"status-publish","5":"product_cat-edebiyat","6":"product_cat-rus-edebiyati","7":"pa_cilt-ciltsiz","8":"pa_tur-kitap","9":"pa_yayinevi-ayrinti-yayinlari","10":"pa_yazar-yevgeni-ivanovic-zamyatin","12":"first","13":"instock","14":"sale","15":"shipping-taxable","16":"purchasable","17":"product-type-simple"},"_links":{"self":[{"href":"https:\/\/roveyayinevi.com.tr\/index.php\/wp-json\/wp\/v2\/product\/704125","targetHints":{"allow":["GET"]}}],"collection":[{"href":"https:\/\/roveyayinevi.com.tr\/index.php\/wp-json\/wp\/v2\/product"}],"about":[{"href":"https:\/\/roveyayinevi.com.tr\/index.php\/wp-json\/wp\/v2\/types\/product"}],"wp:attachment":[{"href":"https:\/\/roveyayinevi.com.tr\/index.php\/wp-json\/wp\/v2\/media?parent=704125"}],"wp:term":[{"taxonomy":"product_brand","embeddable":true,"href":"https:\/\/roveyayinevi.com.tr\/index.php\/wp-json\/wp\/v2\/product_brand?post=704125"},{"taxonomy":"product_cat","embeddable":true,"href":"https:\/\/roveyayinevi.com.tr\/index.php\/wp-json\/wp\/v2\/product_cat?post=704125"},{"taxonomy":"product_tag","embeddable":true,"href":"https:\/\/roveyayinevi.com.tr\/index.php\/wp-json\/wp\/v2\/product_tag?post=704125"}],"curies":[{"name":"wp","href":"https:\/\/api.w.org\/{rel}","templated":true}]}}