{"id":704122,"date":"2025-08-27T15:32:28","date_gmt":"2025-08-27T12:32:28","guid":{"rendered":"https:\/\/roveyayinevi.com.tr\/index.php\/urun\/orgutsel-davranis\/"},"modified":"2026-04-16T02:13:08","modified_gmt":"2026-04-15T23:13:08","slug":"orgutsel-davranis","status":"publish","type":"product","link":"https:\/\/roveyayinevi.com.tr\/index.php\/urun\/orgutsel-davranis\/","title":{"rendered":"\u00d6rg\u00fctsel Davran\u0131\u015f"},"content":{"rendered":"<p>\u00d6rg\u00fctsel Davran\u0131\u015f s\u00fcrekli geli\u015fmekte olan bir inceleme alan\u0131d\u0131r. \u0130nsanlar\u0131n \u00f6rg\u00fctlerinde etkili ve verimli olarak \u00e7al\u0131\u015ft\u0131r\u0131lmalar\u0131 her d\u00f6nem \u00f6nemli bir sorun ve inceleme konusu olmu\u015ftur. \u0130lk y\u0131llarda ara\u015ft\u0131rmacalar, \u00f6rg\u00fctsel sorunlarla ancak kendi kuramlar\u0131 ve y\u00f6ntemleri bu sorunlar \u00fczerinde yap\u0131c\u0131 bir bi\u00e7imde d\u00fc\u015f\u00fcnmeye ve d\u00fc\u015f\u00fcncelerini deneysel ara\u015ft\u0131rmalarla s\u0131namaya olanak verdi\u011fi \u00f6l\u00e7\u00fcde ilgilenebilmi\u015flerdir. Birey olarak \u00e7al\u0131\u015fanlar\u0131n sorunlar\u0131yla u\u011fra\u015f\u0131rken, \u00f6rg\u00fct\u00fc bir b\u00fct\u00fcn olarak ele alan sorunlarla dokunmam\u0131\u015flard\u0131r. B\u00f6ylece 1920&#8242; lerden 40&#8242; lara hatta 50&#8242; lere kadar \u00f6rg\u00fctlere, \u00f6rg\u00fct\u00fc bir sistem olarak g\u00f6remeyen ve bu t\u00fcr sorunlar\u0131 d\u00fc\u015f\u00fcnemeyen ya da bu sorunlar\u0131 inceleyebilmek i\u00e7in gerekli ara\u00e7lar\u0131 olmad\u0131\u011f\u0131 i\u00e7in onlar\u0131 tart\u0131\u015famayan end\u00fcstri psikolojisi egemen olmu\u015ftur. <\/p>\n","protected":false},"excerpt":{"rendered":"<p>\u00d6rg\u00fctsel Davran\u0131\u015f s\u00fcrekli geli\u015fmekte olan bir inceleme alan\u0131d\u0131r. \u0130nsanlar\u0131n \u00f6rg\u00fctlerinde etkili ve verimli olarak \u00e7al\u0131\u015ft\u0131r\u0131lmalar\u0131 her d\u00f6nem \u00f6nemli bir sorun ve inceleme konusu olmu\u015ftur. \u0130lk y\u0131llarda<span class=\"excerpt-hellip\"> [\u2026]<\/span><\/p>\n","protected":false},"featured_media":0,"template":"","meta":{"_monsterinsights_skip_tracking":false,"_monsterinsights_sitenote_active":false,"_monsterinsights_sitenote_note":"","_monsterinsights_sitenote_category":0},"product_brand":[],"product_cat":[12573,12566],"product_tag":[],"class_list":{"0":"post-704122","1":"product","2":"type-product","3":"status-publish","5":"product_cat-akademik-kitaplar","6":"product_cat-egitim","7":"pa_tur-kitap","8":"pa_yayinevi-siyasal-kitabevi-akademik-kitaplar","9":"pa_yazar-halil-can","11":"first","12":"instock","13":"sale","14":"shipping-taxable","15":"purchasable","16":"product-type-simple"},"_links":{"self":[{"href":"https:\/\/roveyayinevi.com.tr\/index.php\/wp-json\/wp\/v2\/product\/704122","targetHints":{"allow":["GET"]}}],"collection":[{"href":"https:\/\/roveyayinevi.com.tr\/index.php\/wp-json\/wp\/v2\/product"}],"about":[{"href":"https:\/\/roveyayinevi.com.tr\/index.php\/wp-json\/wp\/v2\/types\/product"}],"wp:attachment":[{"href":"https:\/\/roveyayinevi.com.tr\/index.php\/wp-json\/wp\/v2\/media?parent=704122"}],"wp:term":[{"taxonomy":"product_brand","embeddable":true,"href":"https:\/\/roveyayinevi.com.tr\/index.php\/wp-json\/wp\/v2\/product_brand?post=704122"},{"taxonomy":"product_cat","embeddable":true,"href":"https:\/\/roveyayinevi.com.tr\/index.php\/wp-json\/wp\/v2\/product_cat?post=704122"},{"taxonomy":"product_tag","embeddable":true,"href":"https:\/\/roveyayinevi.com.tr\/index.php\/wp-json\/wp\/v2\/product_tag?post=704122"}],"curies":[{"name":"wp","href":"https:\/\/api.w.org\/{rel}","templated":true}]}}