{"id":704121,"date":"2025-08-27T15:32:27","date_gmt":"2025-08-27T12:32:27","guid":{"rendered":"https:\/\/roveyayinevi.com.tr\/index.php\/urun\/mesaj\/"},"modified":"2026-04-16T02:13:08","modified_gmt":"2026-04-15T23:13:08","slug":"mesaj","status":"publish","type":"product","link":"https:\/\/roveyayinevi.com.tr\/index.php\/urun\/mesaj\/","title":{"rendered":"Mesaj"},"content":{"rendered":"<p>Ellie daha \u00f6nce y\u00fcz kere yapt\u0131\u011f\u0131 gibi u\u00e7a\u011f\u0131n penceresinden a\u015fa\u011f\u0131 bak\u0131p D\u00fcnya&#8217;n\u0131n b\u00f6yle 14 kilometre y\u00fcksekten u\u00e7an ve bizim gibi g\u00f6zlere sahip bir d\u00fcnya d\u0131\u015f\u0131 yarat\u0131kta nas\u0131l bir izlenim yarataca\u011f\u0131n\u0131 d\u00fc\u015f\u00fcnmeye ba\u015flad\u0131. Ortabat\u0131&#8217;n\u0131n g\u00f6z alabildi\u011fine uzanan geni\u015f arazisi, tar\u0131msal ya da kentsel yerle\u015fime g\u00f6re kareler, dikd\u00f6rtgenler ve dairelerle kesik kesikti; G\u00fcneybat\u0131&#8217;n\u0131n \u015fimdi \u00fczerinde u\u00e7tuklar\u0131 b\u00f6lgesinde ise ya\u015fam\u0131n tek belirtisi da\u011flar\u0131n ve \u00e7\u00f6llerin aras\u0131ndan uzanan d\u00fcmd\u00fcz bir \u00e7izgi. Daha ileri uygarl\u0131klara sahip d\u00fcnyalar\u0131n sakinleri taraf\u0131ndan m\u0131 in\u015fa edilmi\u015flerdi acaba? Yoksa ger\u00e7ekten ileri bir uygarl\u0131k tek bir iz bile b\u0131rakmaz m\u0131yd\u0131 ya\u015fad\u0131\u011f\u0131 yerde? Bir bak\u0131\u015fta bizim ak\u0131ll\u0131 varl\u0131klar olarak evrimsel geli\u015fmemizin neresinde oldu\u011fumuzu s\u00f6yleyebilirler miydi? \ufffcTan\u0131t\u0131m Metni<\/p>\n","protected":false},"excerpt":{"rendered":"<p>Ellie daha \u00f6nce y\u00fcz kere yapt\u0131\u011f\u0131 gibi u\u00e7a\u011f\u0131n penceresinden a\u015fa\u011f\u0131 bak\u0131p D\u00fcnya&#8217;n\u0131n b\u00f6yle 14 kilometre y\u00fcksekten u\u00e7an ve bizim gibi g\u00f6zlere sahip bir d\u00fcnya d\u0131\u015f\u0131 yarat\u0131kta<span class=\"excerpt-hellip\"> [\u2026]<\/span><\/p>\n","protected":false},"featured_media":0,"template":"","meta":{"_monsterinsights_skip_tracking":false,"_monsterinsights_sitenote_active":false,"_monsterinsights_sitenote_note":"","_monsterinsights_sitenote_category":0},"product_brand":[],"product_cat":[12291,12711],"product_tag":[],"class_list":{"0":"post-704121","1":"product","2":"type-product","3":"status-publish","5":"product_cat-edebiyat","6":"product_cat-roman-oyku","7":"pa_cilt-ciltsiz","8":"pa_tur-kitap","9":"pa_yayinevi-say-yayinlari","10":"pa_yazar-carl-sagan","12":"first","13":"instock","14":"sale","15":"shipping-taxable","16":"purchasable","17":"product-type-simple"},"_links":{"self":[{"href":"https:\/\/roveyayinevi.com.tr\/index.php\/wp-json\/wp\/v2\/product\/704121","targetHints":{"allow":["GET"]}}],"collection":[{"href":"https:\/\/roveyayinevi.com.tr\/index.php\/wp-json\/wp\/v2\/product"}],"about":[{"href":"https:\/\/roveyayinevi.com.tr\/index.php\/wp-json\/wp\/v2\/types\/product"}],"wp:attachment":[{"href":"https:\/\/roveyayinevi.com.tr\/index.php\/wp-json\/wp\/v2\/media?parent=704121"}],"wp:term":[{"taxonomy":"product_brand","embeddable":true,"href":"https:\/\/roveyayinevi.com.tr\/index.php\/wp-json\/wp\/v2\/product_brand?post=704121"},{"taxonomy":"product_cat","embeddable":true,"href":"https:\/\/roveyayinevi.com.tr\/index.php\/wp-json\/wp\/v2\/product_cat?post=704121"},{"taxonomy":"product_tag","embeddable":true,"href":"https:\/\/roveyayinevi.com.tr\/index.php\/wp-json\/wp\/v2\/product_tag?post=704121"}],"curies":[{"name":"wp","href":"https:\/\/api.w.org\/{rel}","templated":true}]}}