{"id":704111,"date":"2025-08-27T15:32:22","date_gmt":"2025-08-27T12:32:22","guid":{"rendered":"https:\/\/roveyayinevi.com.tr\/index.php\/urun\/dovus-kulubu-2-toplu-set\/"},"modified":"2026-04-16T02:13:07","modified_gmt":"2026-04-15T23:13:07","slug":"dovus-kulubu-2-toplu-set","status":"publish","type":"product","link":"https:\/\/roveyayinevi.com.tr\/index.php\/urun\/dovus-kulubu-2-toplu-set\/","title":{"rendered":"D\u00f6v\u00fc\u015f Kul\u00fcb\u00fc -2 (Toplu Set)"},"content":{"rendered":"<p>Chuck Palahniuk\u2019un on bir ayr\u0131 fasik\u00fcl halinde yay\u0131mlanan me\u015fhur D\u00f6v\u00fc\u015f Kul\u00fcb\u00fc-2 adl\u0131 \u00e7izgi roman\u0131, yine D\u00f6v\u00fc\u015f Kul\u00fcb\u00fc 2-Toplu Set olarak okurlarla bulu\u015fuyor. Toplu Set\u2019teki kesintiye u\u011framadan akan bu soluksuz heyecan, sab\u0131rs\u0131z okurlar\u0131n\u0131 bekliyor&#8230; . CHUCK PALAHNIUK Ger\u00e7ek ad\u0131 Charles Michael Palahniuk olan yazar 21 \u015eubat 1962\u2019de Burbank, Washington\u2019da do\u011fmu\u015ftur. Annesi ve babas\u0131 Chuck hen\u00fcz on d\u00f6rt ya\u015f\u0131ndayken ayr\u0131l\u0131r. Chuck ve karde\u015fleri annelerinin ebeveyninin s\u0131\u011f\u0131r \u00e7iftli\u011fine yerle\u015fir ve burada b\u00fcy\u00fcr. 1980\u2019de Columbia High School\u2019u bitirdikten sonra Oregon \u00dcniversitesi\u2019nde gazetecilik \u00f6\u011frenimi g\u00f6r\u00fcr. \u00dcniversite y\u0131llar\u0131 boyunca yazar olmay\u0131 akl\u0131ndan ge\u00e7irmez. Ge\u00e7imini Freightliner adl\u0131 \u015firkette otomobil tamircili\u011fi yaparak sa\u011flamaktayken, 1996\u2019da, arkada\u015flar\u0131yla birlikte bir edebiyat grubuna kat\u0131l\u0131r ve burada \u201cProject Mayhem\u201d (Karga\u015fa Projesi) adl\u0131 bir k\u0131sa hik\u00e2ye yazar. S\u00f6z konusu hik\u00e2ye \u00fc\u00e7 ay gibi bir zaman zarf\u0131nda Fight Club\u2019a (1996) [D\u00f6v\u00fc\u015f Kul\u00fcb\u00fc, \u00c7ev. Elif \u00d6zsayar, Ayr\u0131nt\u0131 Yay., 2001] d\u00f6n\u00fc\u015f\u00fcr. \u0130lk roman\u0131n\u0131 yay\u0131mlatmas\u0131 kolay olmaz. Pek \u00e7ok kez reddedilir. Chuck Palahniuk her reddedili\u015finde daha da \u201ckaranl\u0131k\u201d yazmaya ba\u015flar. Nihayet yay\u0131mlanan ilk roman\u0131 D\u00f6v\u00fc\u015f Kul\u00fcb\u00fc, \u00f6zellikle de 1999 y\u0131l\u0131ndaki film uyarlamas\u0131n\u0131n ard\u0131ndan b\u00fcy\u00fck bir ses getirir ve kitap Pacific Northwest Booksellers Association Award ve Oregon Book Award \u00f6d\u00fcllerine de\u011fer bulunur. Yazar\u0131n kitaplar\u0131: Survivor (1999) [G\u00f6steri Peygamberi, \u00c7ev. Funda Uncu, Ayr\u0131nt\u0131 Yay., 2002]; Invisible Monsters (1999) [G\u00f6r\u00fcnmez Canavarlar, \u00c7ev. Funda Uncu, Ayr\u0131nt\u0131 Yay., 2004]; Choke (2001) [T\u0131kanma, \u00c7ev. Funda Uncu, Ayr\u0131nt\u0131 Yay., 2003]; Lullaby (2002) [Ninni, \u00c7ev. Funda Uncu, Ayr\u0131nt\u0131 Yay., 2007]; Fugitives and Refugees (2003) [Ka\u00e7aklar ve M\u00fclteciler, \u00c7ev. Esra Ar\u0131\u015fan, Ayr\u0131nt\u0131 Yay., 2005]; Diary (2003) [G\u00fcnce, \u00c7ev. Funda Uncu, Ayr\u0131nt\u0131 Yay., 2005]; Haunted 2005 [Tekinsiz, \u00c7ev. Funda Uncu, Ayr\u0131nt\u0131 Yay., 2009]; Rant (2007) [\u00c7arp\u0131\u015fma Partisi, \u00c7ev. Funda Uncu, Ayr\u0131nt\u0131 Yay., 2010]; Snuff (2008) [\u00d6l\u00fcm Pornosu, \u00c7ev. Funda Uncu, Ayr\u0131nt\u0131 Yay., 2011]; Pygmy (2009) [Pigme, \u00c7ev. G\u00f6k\u00e7e \u00c7i\u00e7ek \u00c7etin, Ayr\u0131nt\u0131 Yay., 2013]&#8230; <\/p>\n","protected":false},"excerpt":{"rendered":"<p>Chuck Palahniuk\u2019un on bir ayr\u0131 fasik\u00fcl halinde yay\u0131mlanan me\u015fhur D\u00f6v\u00fc\u015f Kul\u00fcb\u00fc-2 adl\u0131 \u00e7izgi roman\u0131, yine D\u00f6v\u00fc\u015f Kul\u00fcb\u00fc 2-Toplu Set olarak okurlarla bulu\u015fuyor. Toplu Set\u2019teki kesintiye u\u011framadan<span class=\"excerpt-hellip\"> [\u2026]<\/span><\/p>\n","protected":false},"featured_media":0,"template":"","meta":{"_monsterinsights_skip_tracking":false,"_monsterinsights_sitenote_active":false,"_monsterinsights_sitenote_note":"","_monsterinsights_sitenote_category":0},"product_brand":[],"product_cat":[12689,12274],"product_tag":[],"class_list":{"0":"post-704111","1":"product","2":"type-product","3":"status-publish","5":"product_cat-cizgi-roman-cocuk-ve-genclik-kitaplari","6":"product_cat-cocuk-ve-genclik-kitaplari","7":"pa_cilt-ciltsiz","8":"pa_tur-kitap","9":"pa_yayinevi-ayrinti-yayinlari","10":"pa_yazar-chuck-palahniuk","12":"first","13":"instock","14":"sale","15":"shipping-taxable","16":"purchasable","17":"product-type-simple"},"_links":{"self":[{"href":"https:\/\/roveyayinevi.com.tr\/index.php\/wp-json\/wp\/v2\/product\/704111","targetHints":{"allow":["GET"]}}],"collection":[{"href":"https:\/\/roveyayinevi.com.tr\/index.php\/wp-json\/wp\/v2\/product"}],"about":[{"href":"https:\/\/roveyayinevi.com.tr\/index.php\/wp-json\/wp\/v2\/types\/product"}],"wp:attachment":[{"href":"https:\/\/roveyayinevi.com.tr\/index.php\/wp-json\/wp\/v2\/media?parent=704111"}],"wp:term":[{"taxonomy":"product_brand","embeddable":true,"href":"https:\/\/roveyayinevi.com.tr\/index.php\/wp-json\/wp\/v2\/product_brand?post=704111"},{"taxonomy":"product_cat","embeddable":true,"href":"https:\/\/roveyayinevi.com.tr\/index.php\/wp-json\/wp\/v2\/product_cat?post=704111"},{"taxonomy":"product_tag","embeddable":true,"href":"https:\/\/roveyayinevi.com.tr\/index.php\/wp-json\/wp\/v2\/product_tag?post=704111"}],"curies":[{"name":"wp","href":"https:\/\/api.w.org\/{rel}","templated":true}]}}