{"id":704110,"date":"2025-08-27T15:32:22","date_gmt":"2025-08-27T12:32:22","guid":{"rendered":"https:\/\/roveyayinevi.com.tr\/index.php\/urun\/renkler-ulkesi-hayvanlar-doga-mandala\/"},"modified":"2026-04-16T02:13:07","modified_gmt":"2026-04-15T23:13:07","slug":"renkler-ulkesi-hayvanlar-doga-mandala","status":"publish","type":"product","link":"https:\/\/roveyayinevi.com.tr\/index.php\/urun\/renkler-ulkesi-hayvanlar-doga-mandala\/","title":{"rendered":"Renkler \u00dclkesi: Hayvanlar &#8211; Do\u011fa &#8211; Mandala"},"content":{"rendered":"<p>Yeti\u015fkinler i\u00e7in haz\u0131rlanan bu karma\u015f\u0131k ve ayr\u0131nt\u0131l\u0131 haz\u0131rlanm\u0131\u015f modeller ve tasar\u0131mlar, sizleri hem stresten uzak tutacak hem de zihinsel olarak rahatlaman\u0131z\u0131 sa\u011flayacak.1- Pastel ve renkli kalemlerinizi \u00f6zg\u00fcr b\u0131rak\u0131n.2- Telefonunuzu, tabletinizi, bilgisayar\u0131n\u0131z\u0131 kapat\u0131n.3- \u0130\u015finizi, kredi notunuzu, itibar\u0131n\u0131z\u0131, ama\u00e7lar\u0131n\u0131z\u0131, emeklilik birikimlerinizi d\u00fc\u015f\u00fcnmeyi b\u0131rak\u0131n.4- Kendinize renklerin birer ya\u015fam belirtisi oldu\u011funu hat\u0131rlat\u0131n. As\u0131l \u00f6nemli olan bu.5- Kitapta en sevdi\u011finiz sayfay\u0131 bulun. Bu sizin i\u00e7in ba\u015flang\u0131\u00e7 olsun. Boyamaya ba\u015flay\u0131n.6- B\u00f6ylece t\u00fcm endi\u015felerinizden uzakla\u015f\u0131p, \u00f6zg\u00fcrce d\u00fc\u015f kurabilece\u011finiz, heyecanl\u0131, merakl\u0131 ve keyifli, olaca\u011f\u0131n\u0131z\u0131 fark edin. Derin nefes al\u0131n ve e\u011flencenin tad\u0131n\u0131 \u00e7\u0131kar\u0131n.7- Tatmin oldu\u011funuzda ya da s\u0131k\u0131ld\u0131\u011f\u0131n\u0131zda b\u0131rak\u0131n.<\/p>\n","protected":false},"excerpt":{"rendered":"<p>Yeti\u015fkinler i\u00e7in haz\u0131rlanan bu karma\u015f\u0131k ve ayr\u0131nt\u0131l\u0131 haz\u0131rlanm\u0131\u015f modeller ve tasar\u0131mlar, sizleri hem stresten uzak tutacak hem de zihinsel olarak rahatlaman\u0131z\u0131 sa\u011flayacak.1- Pastel ve renkli kalemlerinizi<span class=\"excerpt-hellip\"> [\u2026]<\/span><\/p>\n","protected":false},"featured_media":0,"template":"","meta":{"_monsterinsights_skip_tracking":false,"_monsterinsights_sitenote_active":false,"_monsterinsights_sitenote_note":"","_monsterinsights_sitenote_category":0},"product_brand":[],"product_cat":[38511,15563],"product_tag":[],"class_list":{"0":"post-704110","1":"product","2":"type-product","3":"status-publish","5":"product_cat-buyukler-icin-boyama-mandala","6":"product_cat-hobi","7":"pa_cilt-ciltsiz","8":"pa_tur-kitap","9":"pa_yayinevi-indigo-kitap","10":"pa_yazar-kolektif","12":"first","13":"instock","14":"sale","15":"shipping-taxable","16":"purchasable","17":"product-type-simple"},"_links":{"self":[{"href":"https:\/\/roveyayinevi.com.tr\/index.php\/wp-json\/wp\/v2\/product\/704110","targetHints":{"allow":["GET"]}}],"collection":[{"href":"https:\/\/roveyayinevi.com.tr\/index.php\/wp-json\/wp\/v2\/product"}],"about":[{"href":"https:\/\/roveyayinevi.com.tr\/index.php\/wp-json\/wp\/v2\/types\/product"}],"wp:attachment":[{"href":"https:\/\/roveyayinevi.com.tr\/index.php\/wp-json\/wp\/v2\/media?parent=704110"}],"wp:term":[{"taxonomy":"product_brand","embeddable":true,"href":"https:\/\/roveyayinevi.com.tr\/index.php\/wp-json\/wp\/v2\/product_brand?post=704110"},{"taxonomy":"product_cat","embeddable":true,"href":"https:\/\/roveyayinevi.com.tr\/index.php\/wp-json\/wp\/v2\/product_cat?post=704110"},{"taxonomy":"product_tag","embeddable":true,"href":"https:\/\/roveyayinevi.com.tr\/index.php\/wp-json\/wp\/v2\/product_tag?post=704110"}],"curies":[{"name":"wp","href":"https:\/\/api.w.org\/{rel}","templated":true}]}}