{"id":704108,"date":"2025-08-27T15:32:21","date_gmt":"2025-08-27T12:32:21","guid":{"rendered":"https:\/\/roveyayinevi.com.tr\/index.php\/urun\/yaratici-beyin\/"},"modified":"2026-04-06T12:34:26","modified_gmt":"2026-04-06T09:34:26","slug":"yaratici-beyin","status":"publish","type":"product","link":"https:\/\/roveyayinevi.com.tr\/index.php\/urun\/yaratici-beyin\/","title":{"rendered":"Yarat\u0131c\u0131 Beyin"},"content":{"rendered":"<p>Yarat\u0131c\u0131 Problem \u00c7\u00f6zme Y\u00f6ntemleriDo\u011fa belirli promlemlerin \u00e7\u00f6z\u00fcm\u00fcnde belirli y\u00f6ntemler kullan\u0131yorsa, biz de hem i\u015f, hem de g\u00fcnl\u00fck hayat\u0131m\u0131zda benzer problemleri bu y\u00f6ntemle \u00e7\u00f6zebiliriz.\u0130novasyon (Yenilik\u00e7ilik) en basit tan\u0131m\u0131yla katma de\u011fer olu\u015fturan yarat\u0131c\u0131l\u0131k olarak adland\u0131r\u0131l\u0131r. Yarat\u0131c\u0131 faaliyet ancak bir getiri (kar) veya fayda sa\u011fl\u0131yorsa, bir inovasyon haline gelmi\u015f say\u0131l\u0131r.Hayvanlar ve bitkiler d\u00fcnyas\u0131nda inovasyonu nas\u0131l ger\u00e7ekle\u015ftirebilece\u011fimizin ipu\u00e7lar\u0131 yat\u0131yor.Onlar\u0131n milyonlarca y\u0131l boyunca geli\u015ftirdikleri \u00e7\u00f6z\u00fcm y\u00f6ntemlerinin kendi i\u00e7inde bir sistemati\u011fi ve ortak bir matematiksel form\u00fcl\u00fc vard\u0131r.Bunlar\u0131n g\u00fcnl\u00fck hayat\u0131m\u0131zda ve i\u015f \u00e7\u00f6z\u00fcmlerimizde kullan\u0131lmas\u0131 m\u00fcmk\u00fcnd\u00fcr.<\/p>\n","protected":false},"excerpt":{"rendered":"<p>Yarat\u0131c\u0131 Problem \u00c7\u00f6zme Y\u00f6ntemleriDo\u011fa belirli promlemlerin \u00e7\u00f6z\u00fcm\u00fcnde belirli y\u00f6ntemler kullan\u0131yorsa, biz de hem i\u015f, hem de g\u00fcnl\u00fck hayat\u0131m\u0131zda benzer problemleri bu y\u00f6ntemle \u00e7\u00f6zebiliriz.\u0130novasyon (Yenilik\u00e7ilik) en basit<span class=\"excerpt-hellip\"> [\u2026]<\/span><\/p>\n","protected":false},"featured_media":0,"template":"","meta":{"_monsterinsights_skip_tracking":false,"_monsterinsights_sitenote_active":false,"_monsterinsights_sitenote_note":"","_monsterinsights_sitenote_category":0},"product_brand":[],"product_cat":[12567,12566],"product_tag":[],"class_list":{"0":"post-704108","1":"product","2":"type-product","3":"status-publish","5":"product_cat-diger-egitim","6":"product_cat-egitim","7":"pa_cilt-ciltsiz","8":"pa_tur-kitap","9":"pa_yayinevi-akil-celen-kitaplar","10":"pa_yazar-nancy-c-andreasen","12":"first","13":"instock","14":"sale","15":"shipping-taxable","16":"purchasable","17":"product-type-simple"},"_links":{"self":[{"href":"https:\/\/roveyayinevi.com.tr\/index.php\/wp-json\/wp\/v2\/product\/704108","targetHints":{"allow":["GET"]}}],"collection":[{"href":"https:\/\/roveyayinevi.com.tr\/index.php\/wp-json\/wp\/v2\/product"}],"about":[{"href":"https:\/\/roveyayinevi.com.tr\/index.php\/wp-json\/wp\/v2\/types\/product"}],"wp:attachment":[{"href":"https:\/\/roveyayinevi.com.tr\/index.php\/wp-json\/wp\/v2\/media?parent=704108"}],"wp:term":[{"taxonomy":"product_brand","embeddable":true,"href":"https:\/\/roveyayinevi.com.tr\/index.php\/wp-json\/wp\/v2\/product_brand?post=704108"},{"taxonomy":"product_cat","embeddable":true,"href":"https:\/\/roveyayinevi.com.tr\/index.php\/wp-json\/wp\/v2\/product_cat?post=704108"},{"taxonomy":"product_tag","embeddable":true,"href":"https:\/\/roveyayinevi.com.tr\/index.php\/wp-json\/wp\/v2\/product_tag?post=704108"}],"curies":[{"name":"wp","href":"https:\/\/api.w.org\/{rel}","templated":true}]}}